{"id":463654,"date":"2025-06-01T07:00:49","date_gmt":"2025-06-01T05:00:49","guid":{"rendered":"https:\/\/lucacastelli.com\/prodotto\/meuleuse-droite-5\/"},"modified":"2025-06-29T08:02:56","modified_gmt":"2025-06-29T06:02:56","slug":"meuleuse-droite-5","status":"publish","type":"product","link":"https:\/\/lucacastelli.com\/fr\/produit\/meuleuse-droite-5\/","title":{"rendered":"MILWAUKEE Moulin droit"},"content":{"rendered":"<p>Contr\u00f4le maximal dans chaque application &#8211; 5 vitesses disponibles, id\u00e9ales pour le traitement de l\u2019acier inoxydable, le meulage et les accessoires jusqu\u2019\u00e0 75 mm&lt;Br&gt;  Performances similaires \u00e0 celles d\u2019un moulin de 1200W&lt;Br&gt;  Le syst\u00e8me de suivi et de s\u00e9curit\u00e9 ONE-KEY\u2122 offre un service de suivi et de gestion des stocks bas\u00e9 sur le cloud gratuitement, tout en ayant des capacit\u00e9s de blocage \u00e0 distance&lt;Br&gt;  Gr\u00e2ce \u00e0 la goupille verrouill\u00e9e, je n\u2019ai pas besoin d\u2019utiliser deux cl\u00e9s&lt;Br&gt;  Le syst\u00e8me RAPIDSTOP\u2122 vous permet de verrouiller tous les accessoires en moins de 2 secondes&lt;Br&gt;  Les accessoires de 6 et 8 mm conviennent&lt;Br&gt;  La palette de d\u00e9marrage n\u2019est pas verrouillable et l\u2019outil s\u2019arr\u00eate imm\u00e9diatement s\u2019il tombe. Il emp\u00eache \u00e9galement le d\u00e9marrage accidentel &lt;Br&gt;  2 LED \u00e9clairent la zone de travail&lt;Br&gt;  Poign\u00e9e mince&lt;Br&gt; Bouclier de protection contre la poussi\u00e8re et les d\u00e9bris. La&lt;&gt; face avant est en caoutchouc&lt;confortable et pratique br&gt; La technologie FUEL\u2122 red\u00e9finit les outils \u00e9lectriques sans fil.  Le moteur sans balais, l\u2019\u00e9lectronique REDLINK PLUS\u2122 et la batterie REDLITHIUM\u2122 offrent des performances et une durabilit\u00e9 sup\u00e9rieures&lt;br&gt; Fonctionne avec toutes les batteries MILWAUKEE\u00ae M18\u2122<\/p>\n<p>CODE \u00c0 BARRES : 4058546412425<\/p>\n<p>Caract\u00e9ristiques techniques<br \/>\n2.1 (M18 B5)<\/p>\n<p>Livr\u00e9 sans piles, livr\u00e9 sans chargeur, bo\u00eetier HeavyDuty, collier 6 mm, collier 8 mm, cl\u00e9, pare-poussi\u00e8re<\/p>\n","protected":false},"excerpt":{"rendered":"<p>Contr\u00f4le maximal dans chaque application &#8211; 5 vitesses disponibles, id\u00e9ales pour le traitement de l\u2019acier inoxydable, le meulage et les<\/p>\n","protected":false},"featured_media":441325,"template":"","meta":{"_seopress_robots_primary_cat":"","_seopress_titles_title":"","_seopress_titles_desc":"","_seopress_robots_index":""},"product_brand":[3658],"product_cat":[1453,167],"product_tag":[3273],"class_list":{"0":"post-463654","1":"product","2":"type-product","3":"status-publish","4":"has-post-thumbnail","6":"product_brand-milwaukee-fr","7":"product_cat-autres-appareils","8":"product_cat-machines","9":"product_tag-import-milwau-fr","10":"sws-gruppo-macchinari-fr","11":"sws-conto-ricavi-merci-rivendita-macchinari-fr","12":"sws-gruppo-iva-iva81-fr","14":"first","15":"instock","16":"sale","17":"purchasable","18":"product-type-simple"},"_links":{"self":[{"href":"https:\/\/lucacastelli.com\/fr\/wp-json\/wp\/v2\/product\/463654","targetHints":{"allow":["GET"]}}],"collection":[{"href":"https:\/\/lucacastelli.com\/fr\/wp-json\/wp\/v2\/product"}],"about":[{"href":"https:\/\/lucacastelli.com\/fr\/wp-json\/wp\/v2\/types\/product"}],"wp:featuredmedia":[{"embeddable":true,"href":"https:\/\/lucacastelli.com\/fr\/wp-json\/wp\/v2\/media\/441325"}],"wp:attachment":[{"href":"https:\/\/lucacastelli.com\/fr\/wp-json\/wp\/v2\/media?parent=463654"}],"wp:term":[{"taxonomy":"product_brand","embeddable":true,"href":"https:\/\/lucacastelli.com\/fr\/wp-json\/wp\/v2\/product_brand?post=463654"},{"taxonomy":"product_cat","embeddable":true,"href":"https:\/\/lucacastelli.com\/fr\/wp-json\/wp\/v2\/product_cat?post=463654"},{"taxonomy":"product_tag","embeddable":true,"href":"https:\/\/lucacastelli.com\/fr\/wp-json\/wp\/v2\/product_tag?post=463654"}],"curies":[{"name":"wp","href":"https:\/\/api.w.org\/{rel}","templated":true}]}}