{"id":463651,"date":"2025-06-01T07:08:10","date_gmt":"2025-06-01T05:08:10","guid":{"rendered":"https:\/\/lucacastelli.com\/prodotto\/tronconneuse-radiale-3\/"},"modified":"2025-08-14T12:51:23","modified_gmt":"2025-08-14T10:51:23","slug":"tronconneuse-radiale-3","status":"publish","type":"product","link":"https:\/\/lucacastelli.com\/fr\/produit\/tronconneuse-radiale-3\/","title":{"rendered":"Milwaukee Tron\u00e7onneuses radiales"},"content":{"rendered":"<p>Offre une puissance de coupe \u00e9quivalente \u00e0 celle d&#8217;une scie \u00e0 fil de 305 mm, avec la possibilit\u00e9 de couper jusqu&#8217;\u00e0 500 planches de pin de 78 mm par charge (12,0 Ah).&lt;br&gt;  Syst\u00e8me HIGH OUTPUT\u2122, \u00e9l\u00e8ve les performances et la port\u00e9e de la technologie M18 FUEL.&lt;br&gt;  Compatible avec toutes les tables \u00e0 b\u00fbches Milwaukee (MSL 1000, MSL 2000, MSL 3000).&lt;br&gt;  Possibilit\u00e9 de r\u00e9gler des coupes r\u00e9p\u00e9t\u00e9es \u00e0 la m\u00eame profondeur.&lt;br&gt;  Le syst\u00e8me de suivi et de s\u00e9curit\u00e9 ONE-KEY\u2122 offre gratuitement un suivi et une gestion des stocks bas\u00e9s sur le cloud, y compris une fonctionnalit\u00e9 de verrouillage \u00e0 distance&lt;br&gt;  Bases d&#8217;appui lat\u00e9rales pour la stabilit\u00e9 et la pr\u00e9cision de la coupe.&lt;br&gt;  Plaque d&#8217;acier avec indication de l&#8217;inclinaison&lt;br&gt;  Lumi\u00e8re LED int\u00e9gr\u00e9e pour \u00e9clairer la zone de travail&lt;br&gt;  Fonctionne avec toutes les batteries Milwaukee M18.<\/p>\n<p>BARCODE : 4058546288334<\/p>\n<p>Donn\u00e9es techniques<br \/>\n235 x 97<\/p>\n<p>Fourni sans piles, fourni sans chargeur, fourni sans kitbox ou sac, lame, pince, cl\u00e9, poign\u00e9es lat\u00e9rales et sac \u00e0 poussi\u00e8re.<\/p>\n","protected":false},"excerpt":{"rendered":"<p>Offre une puissance de coupe \u00e9quivalente \u00e0 celle d&#8217;une scie \u00e0 fil de 305 mm, avec la possibilit\u00e9 de couper<\/p>\n","protected":false},"featured_media":441453,"template":"","meta":{"_seopress_robots_primary_cat":"","_seopress_titles_title":"","_seopress_titles_desc":"","_seopress_robots_index":""},"product_brand":[3407],"product_cat":[29,514],"product_tag":[3270],"class_list":{"0":"post-463651","1":"product","2":"type-product","3":"status-publish","4":"has-post-thumbnail","6":"product_brand-milwaukee","7":"product_cat-macchinari","8":"product_cat-altri-dispositivi","9":"product_tag-import-milwau","10":"sws-gruppo-macchinari-fr","11":"sws-conto-ricavi-merci-rivendita-macchinari-fr","12":"sws-gruppo-iva-iva81-fr","14":"first","15":"instock","16":"sale","17":"purchasable","18":"product-type-simple"},"_links":{"self":[{"href":"https:\/\/lucacastelli.com\/fr\/wp-json\/wp\/v2\/product\/463651","targetHints":{"allow":["GET"]}}],"collection":[{"href":"https:\/\/lucacastelli.com\/fr\/wp-json\/wp\/v2\/product"}],"about":[{"href":"https:\/\/lucacastelli.com\/fr\/wp-json\/wp\/v2\/types\/product"}],"wp:featuredmedia":[{"embeddable":true,"href":"https:\/\/lucacastelli.com\/fr\/wp-json\/wp\/v2\/media\/441453"}],"wp:attachment":[{"href":"https:\/\/lucacastelli.com\/fr\/wp-json\/wp\/v2\/media?parent=463651"}],"wp:term":[{"taxonomy":"product_brand","embeddable":true,"href":"https:\/\/lucacastelli.com\/fr\/wp-json\/wp\/v2\/product_brand?post=463651"},{"taxonomy":"product_cat","embeddable":true,"href":"https:\/\/lucacastelli.com\/fr\/wp-json\/wp\/v2\/product_cat?post=463651"},{"taxonomy":"product_tag","embeddable":true,"href":"https:\/\/lucacastelli.com\/fr\/wp-json\/wp\/v2\/product_tag?post=463651"}],"curies":[{"name":"wp","href":"https:\/\/api.w.org\/{rel}","templated":true}]}}