{"id":463647,"date":"2025-06-01T07:09:55","date_gmt":"2025-06-01T05:09:55","guid":{"rendered":"https:\/\/lucacastelli.com\/prodotto\/scie-a-table\/"},"modified":"2025-06-29T08:02:27","modified_gmt":"2025-06-29T06:02:27","slug":"scie-a-table","status":"publish","type":"product","link":"https:\/\/lucacastelli.com\/fr\/produit\/scie-a-table\/","title":{"rendered":"MILWAUKEE Scie \u00e0 table"},"content":{"rendered":"<p>La scie \u00e0 table M18 FUEL\u2122 ONE-KEY\u2122 fournit la puissance n\u00e9cessaire pour couper \u00e0 la m\u00eame vitesse que le mod\u00e8le \u00e0 affleurement \u00e9quivalent. Avec une autonomie suffisante pour couper jusqu\u2019\u00e0 190 m d\u2019OSB de 19 mm d\u2019\u00e9paisseur avec une batterie 18V 12,0 Ah &lt;Br&gt;  Syst\u00e8me HIGH OUTPUT\u2122, augmente les performances et l\u2019autonomie de la technologie M18 FUEL\u2122&lt;Br&gt;  Syst\u00e8me de guidage \u00e0 cr\u00e9maill\u00e8re, pour un alignement rapide et pr\u00e9cis, offrant une capacit\u00e9 de coupe maximale de 622 mm&lt;Br&gt;  La lame de 210 mm permet une profondeur de coupe de 63 mm \u00e0 90 degr\u00e9s&lt;Br&gt;  Le syst\u00e8me de suivi et de s\u00e9curit\u00e9 ONE-KEY\u2122 offre un service de suivi et de gestion des stocks bas\u00e9 sur le cloud gratuitement, tout en ayant des capacit\u00e9s de blocage \u00e0 distance&lt;Br&gt;  La protection de s\u00e9curit\u00e9 et le couteau de coupe peuvent \u00eatre r\u00e9gl\u00e9s sans utiliser de cl\u00e9s&lt;Br&gt;  Poign\u00e9e de transport int\u00e9gr\u00e9e&lt;Br&gt;  Tous les outils n\u00e9cessaires \u00e0 l\u2019utilisation peuvent \u00eatre rang\u00e9s sur l\u2019outil et transport\u00e9s confortablement avec celui-ci&lt;Br&gt;  Convient pour une utilisation avec tous les aspirateurs MILWAUKEE\u00ae&lt;Br&gt;  Fonctionne avec toutes les batteries MILWAUKEE\u00ae M18\u2122<\/p>\n<p>CODE BARRE : 4058546226671<\/p>\n<p>Caract\u00e9ristiques techniques<br \/>\n18<\/p>\n<p>Livr\u00e9 sans piles, livr\u00e9 sans chargeur, livr\u00e9 sans kitbox ni sac<\/p>\n","protected":false},"excerpt":{"rendered":"<p>La scie \u00e0 table M18 FUEL\u2122 ONE-KEY\u2122 fournit la puissance n\u00e9cessaire pour couper \u00e0 la m\u00eame vitesse que le mod\u00e8le<\/p>\n","protected":false},"featured_media":441486,"template":"","meta":{"_seopress_robots_primary_cat":"","_seopress_titles_title":"","_seopress_titles_desc":"","_seopress_robots_index":""},"product_brand":[3658],"product_cat":[1453,167],"product_tag":[3273],"class_list":{"0":"post-463647","1":"product","2":"type-product","3":"status-publish","4":"has-post-thumbnail","6":"product_brand-milwaukee-fr","7":"product_cat-autres-appareils","8":"product_cat-machines","9":"product_tag-import-milwau-fr","10":"sws-gruppo-macchinari-fr","11":"sws-conto-ricavi-merci-rivendita-macchinari-fr","12":"sws-gruppo-iva-iva81-fr","14":"first","15":"instock","16":"sale","17":"purchasable","18":"product-type-simple"},"_links":{"self":[{"href":"https:\/\/lucacastelli.com\/fr\/wp-json\/wp\/v2\/product\/463647","targetHints":{"allow":["GET"]}}],"collection":[{"href":"https:\/\/lucacastelli.com\/fr\/wp-json\/wp\/v2\/product"}],"about":[{"href":"https:\/\/lucacastelli.com\/fr\/wp-json\/wp\/v2\/types\/product"}],"wp:featuredmedia":[{"embeddable":true,"href":"https:\/\/lucacastelli.com\/fr\/wp-json\/wp\/v2\/media\/441486"}],"wp:attachment":[{"href":"https:\/\/lucacastelli.com\/fr\/wp-json\/wp\/v2\/media?parent=463647"}],"wp:term":[{"taxonomy":"product_brand","embeddable":true,"href":"https:\/\/lucacastelli.com\/fr\/wp-json\/wp\/v2\/product_brand?post=463647"},{"taxonomy":"product_cat","embeddable":true,"href":"https:\/\/lucacastelli.com\/fr\/wp-json\/wp\/v2\/product_cat?post=463647"},{"taxonomy":"product_tag","embeddable":true,"href":"https:\/\/lucacastelli.com\/fr\/wp-json\/wp\/v2\/product_tag?post=463647"}],"curies":[{"name":"wp","href":"https:\/\/api.w.org\/{rel}","templated":true}]}}