{"id":463639,"date":"2025-06-01T07:41:57","date_gmt":"2025-06-01T05:41:57","guid":{"rendered":"https:\/\/lucacastelli.com\/prodotto\/scie-plongeante\/"},"modified":"2025-06-29T08:01:59","modified_gmt":"2025-06-29T06:01:59","slug":"scie-plongeante","status":"publish","type":"product","link":"https:\/\/lucacastelli.com\/fr\/produit\/scie-plongeante\/","title":{"rendered":"MILWAUKEE Scie plongeante"},"content":{"rendered":"<p>La scie plongeante M18 FUEL\u2122 garantit les m\u00eames performances qu\u2019un mod\u00e8le filaire. La scie coupe 45 m de contreplaqu\u00e9 de 18 mm d\u2019\u00e9paisseur avec une batterie de 5,5 Ah &lt;br&gt; La profondeur de coupe peut \u00eatre r\u00e9gl\u00e9e sur deux \u00e9chelles, la premi\u00e8re est \u00e0 utiliser avec le guide, la seconde sans. Les deux \u00e9chelles peuvent \u00eatre s\u00e9lectionn\u00e9es d\u2019une simple pression sur un bouton&lt;br&gt; Le profil plat vous permet de couper \u00e0 seulement 12 mm du mur&lt;br&gt; Cette scie a \u00e9t\u00e9 con\u00e7ue pour collecter efficacement les copeaux. Il est compatible avec le syst\u00e8me DEK26 et comprend un sac pour collecter les copeaux&lt;br&gt; Possibilit\u00e9 de r\u00e9tracter la coupe de 1 mm pour minimiser la cr\u00e9ation d\u2019\u00e9clats sur les stratifi\u00e9s&lt;br&gt; Le m\u00e9canisme peut \u00eatre verrouill\u00e9 \u00e0 22,5\u00b0, 45\u00b0 et 48\u00b0. Possibilit\u00e9 de la mettre en position -1 en d\u00e9pla\u00e7ant le dos coup\u00e9&lt;br&gt; La scie est \u00e9quip\u00e9e d\u2019un hublot sur le c\u00f4t\u00e9 qui vous permet d\u2019observer l\u2019avant de la lame pendant la coupe du mat\u00e9riau&lt;br&gt; La lame peut \u00eatre chang\u00e9e facilement. Pendant le fonctionnement, le bouton d\u2019alimentation est automatiquement verrouill\u00e9     &lt;Br&gt;  La lame de guidage r\u00e9tractable reste en place m\u00eame lors de coupes profondes&lt;Br&gt;  Vitesse variable de 2500 \u00e0 5600 tr\/min&lt;Br&gt;  Le moteur brushless POWERSTATE\u2122 garantit des performances m\u00eame sous contrainte, l\u2019\u00e9lectronique REDLINK PLUS\u2122 offre une meilleure protection contre les surcharges pour l\u2019outil et la batterie, assurant une dur\u00e9e de vie plus longue dans les applications lourdes, tandis que la batterie REDLITHIUM\u2122 assure une construction avanc\u00e9e de la batterie et des performances constantes, pour offrir une autonomie plus longue et maximiser la dur\u00e9e de vie de la batterie&lt;Br&gt;  Fonctionne avec toutes les batteries de plate-forme M18\u2122<\/p>\n<p>CODE BARRE : 4058546360603<\/p>\n<p>Caract\u00e9ristiques techniques<br \/>\n165<\/p>\n<p>2 x batterie M18 HB5.5, chargeur M12-18 FC, bo\u00eete \u00e0 outils PACKOUT\u2122 XL<\/p>\n","protected":false},"excerpt":{"rendered":"<p>La scie plongeante M18 FUEL\u2122 garantit les m\u00eames performances qu\u2019un mod\u00e8le filaire. La scie coupe 45 m de contreplaqu\u00e9 de<\/p>\n","protected":false},"featured_media":441585,"template":"","meta":{"_seopress_robots_primary_cat":"","_seopress_titles_title":"","_seopress_titles_desc":"","_seopress_robots_index":""},"product_brand":[3658],"product_cat":[1453,167],"product_tag":[3273],"class_list":{"0":"post-463639","1":"product","2":"type-product","3":"status-publish","4":"has-post-thumbnail","6":"product_brand-milwaukee-fr","7":"product_cat-autres-appareils","8":"product_cat-machines","9":"product_tag-import-milwau-fr","10":"sws-gruppo-macchinari-fr","11":"sws-conto-ricavi-merci-rivendita-macchinari-fr","12":"sws-gruppo-iva-iva81-fr","14":"first","15":"instock","16":"sale","17":"purchasable","18":"product-type-simple"},"_links":{"self":[{"href":"https:\/\/lucacastelli.com\/fr\/wp-json\/wp\/v2\/product\/463639","targetHints":{"allow":["GET"]}}],"collection":[{"href":"https:\/\/lucacastelli.com\/fr\/wp-json\/wp\/v2\/product"}],"about":[{"href":"https:\/\/lucacastelli.com\/fr\/wp-json\/wp\/v2\/types\/product"}],"wp:featuredmedia":[{"embeddable":true,"href":"https:\/\/lucacastelli.com\/fr\/wp-json\/wp\/v2\/media\/441585"}],"wp:attachment":[{"href":"https:\/\/lucacastelli.com\/fr\/wp-json\/wp\/v2\/media?parent=463639"}],"wp:term":[{"taxonomy":"product_brand","embeddable":true,"href":"https:\/\/lucacastelli.com\/fr\/wp-json\/wp\/v2\/product_brand?post=463639"},{"taxonomy":"product_cat","embeddable":true,"href":"https:\/\/lucacastelli.com\/fr\/wp-json\/wp\/v2\/product_cat?post=463639"},{"taxonomy":"product_tag","embeddable":true,"href":"https:\/\/lucacastelli.com\/fr\/wp-json\/wp\/v2\/product_tag?post=463639"}],"curies":[{"name":"wp","href":"https:\/\/api.w.org\/{rel}","templated":true}]}}