{"id":463636,"date":"2025-06-01T07:11:39","date_gmt":"2025-06-01T05:11:39","guid":{"rendered":"https:\/\/lucacastelli.com\/prodotto\/support-de-table-de-scie-pour\/"},"modified":"2025-06-29T08:01:55","modified_gmt":"2025-06-29T06:01:55","slug":"support-de-table-de-scie-pour","status":"publish","type":"product","link":"https:\/\/lucacastelli.com\/fr\/produit\/support-de-table-de-scie-pour\/","title":{"rendered":"MILWAUKEE Scie Porte-table pour"},"content":{"rendered":"<p>Poids l\u00e9ger de seulement 6,6 kg &#8211; facile \u00e0 emporter sur le chantier&lt;Br&gt;  Peut soulever jusqu\u2019\u00e0 82 kg&lt;Br&gt;  Support \u00e0 d\u00e9gagement rapide pour maintenir la table de scie en place en toute s\u00e9curit\u00e9&lt;Br&gt;  Possibilit\u00e9 d\u2019ajuster une jambe pour s\u2019adapter au mieux, m\u00eame sur un terrain accident\u00e9&lt;Br&gt;  Hauteur de travail confortable de 559 mm&lt;Br&gt;  Convient pour une utilisation avec la scie \u00e0 table \u00e0 une cl\u00e9\u2122 M18 FTS210 FUEL\u2122<\/p>\n<p>CODE BARRE : 4058546221720<\/p>\n<p>Caract\u00e9ristiques techniques<br \/>\n6.6<\/p>\n","protected":false},"excerpt":{"rendered":"<p>Poids l\u00e9ger de seulement 6,6 kg &#8211; facile \u00e0 emporter sur le chantier&lt;Br&gt; Peut soulever jusqu\u2019\u00e0 82 kg&lt;Br&gt; Support \u00e0<\/p>\n","protected":false},"featured_media":441523,"template":"","meta":{"_seopress_robots_primary_cat":"","_seopress_titles_title":"","_seopress_titles_desc":"","_seopress_robots_index":""},"product_brand":[3658],"product_cat":[1453,167],"product_tag":[3273],"class_list":{"0":"post-463636","1":"product","2":"type-product","3":"status-publish","4":"has-post-thumbnail","6":"product_brand-milwaukee-fr","7":"product_cat-autres-appareils","8":"product_cat-machines","9":"product_tag-import-milwau-fr","10":"sws-gruppo-macchinari-fr","11":"sws-conto-ricavi-merci-rivendita-macchinari-fr","12":"sws-gruppo-iva-iva81-fr","14":"first","15":"instock","16":"sale","17":"purchasable","18":"product-type-simple"},"_links":{"self":[{"href":"https:\/\/lucacastelli.com\/fr\/wp-json\/wp\/v2\/product\/463636","targetHints":{"allow":["GET"]}}],"collection":[{"href":"https:\/\/lucacastelli.com\/fr\/wp-json\/wp\/v2\/product"}],"about":[{"href":"https:\/\/lucacastelli.com\/fr\/wp-json\/wp\/v2\/types\/product"}],"wp:featuredmedia":[{"embeddable":true,"href":"https:\/\/lucacastelli.com\/fr\/wp-json\/wp\/v2\/media\/441523"}],"wp:attachment":[{"href":"https:\/\/lucacastelli.com\/fr\/wp-json\/wp\/v2\/media?parent=463636"}],"wp:term":[{"taxonomy":"product_brand","embeddable":true,"href":"https:\/\/lucacastelli.com\/fr\/wp-json\/wp\/v2\/product_brand?post=463636"},{"taxonomy":"product_cat","embeddable":true,"href":"https:\/\/lucacastelli.com\/fr\/wp-json\/wp\/v2\/product_cat?post=463636"},{"taxonomy":"product_tag","embeddable":true,"href":"https:\/\/lucacastelli.com\/fr\/wp-json\/wp\/v2\/product_tag?post=463636"}],"curies":[{"name":"wp","href":"https:\/\/api.w.org\/{rel}","templated":true}]}}