{"id":463629,"date":"2025-06-01T07:49:17","date_gmt":"2025-06-01T05:49:17","guid":{"rendered":"https:\/\/lucacastelli.com\/prodotto\/fraiseuse-avec-pinces\/"},"modified":"2025-06-29T08:01:18","modified_gmt":"2025-06-29T06:01:18","slug":"fraiseuse-avec-pinces","status":"publish","type":"product","link":"https:\/\/lucacastelli.com\/fr\/produit\/fraiseuse-avec-pinces\/","title":{"rendered":"MILWAUKEE Fraiseuse avec pince"},"content":{"rendered":"<p>Le moteur sans balais POWERSTATE\u2122 offre des performances similaires \u00e0 celles d\u2019un fil jusqu\u2019\u00e0 31 000 tr\/min&lt;Br&gt;  Le syst\u00e8me de vitesse variable vous permet d\u2019ajuster la vitesse entre 10 000 et 31 000 tr\/min&lt;Br&gt;  Jusqu\u2019\u00e0 150 m d\u2019autonomie de tonte sur une seule charge de batterie (5,0 Ah)&lt;Br&gt;  Syst\u00e8me de micro-ajustement de 0,4 mm&lt;Br&gt;  Syst\u00e8me innovant de freinage rapide au niveau du pincement&lt;Br&gt;  Base plongeante avec 3 goupilles d\u2019arr\u00eat&lt;Br&gt;  Double lumi\u00e8re LED pour \u00e9clairer la ligne de coupe de la meilleure fa\u00e7on possible&lt;Br&gt;  Compatible avec le syst\u00e8me d\u2019aspiration DEK26&lt;Br&gt;  La technologie FUEL\u2122 red\u00e9finit les outils \u00e9lectriques sans fil. Le moteur sans balais, l\u2019\u00e9lectronique REDLINK PLUS\u2122 et la batterie REDLITHIUM\u2122 offrent des performances et une durabilit\u00e9 sup\u00e9rieures&lt;br&gt; Fonctionne avec toutes les batteries MILWAUKEE\u00ae M18\u2122 <\/p>\n<p>CODE BARRE : 4058546368678<\/p>\n<p>Caract\u00e9ristiques techniques<br \/>\n50<\/p>\n<p>Livr\u00e9 sans piles, livr\u00e9 sans chargeur, valise HeavyDuty, pinces 6 mm et 8 mm, socle et socle plongeants, bague de copie de 146 mm, 2 raccords d\u2019aspiration avec tige de verrouillage, 2 g\u00e2ches lat\u00e9rales et tige de guidage<\/p>\n","protected":false},"excerpt":{"rendered":"<p>Le moteur sans balais POWERSTATE\u2122 offre des performances similaires \u00e0 celles d\u2019un fil jusqu\u2019\u00e0 31 000 tr\/min&lt;Br&gt; Le syst\u00e8me de<\/p>\n","protected":false},"featured_media":441714,"template":"","meta":{"_seopress_robots_primary_cat":"","_seopress_titles_title":"","_seopress_titles_desc":"","_seopress_robots_index":""},"product_brand":[3658],"product_cat":[1453,167],"product_tag":[3273],"class_list":{"0":"post-463629","1":"product","2":"type-product","3":"status-publish","4":"has-post-thumbnail","6":"product_brand-milwaukee-fr","7":"product_cat-autres-appareils","8":"product_cat-machines","9":"product_tag-import-milwau-fr","10":"sws-gruppo-macchinari-fr","11":"sws-conto-ricavi-merci-rivendita-macchinari-fr","12":"sws-gruppo-iva-iva81-fr","14":"first","15":"instock","16":"sale","17":"purchasable","18":"product-type-simple"},"_links":{"self":[{"href":"https:\/\/lucacastelli.com\/fr\/wp-json\/wp\/v2\/product\/463629","targetHints":{"allow":["GET"]}}],"collection":[{"href":"https:\/\/lucacastelli.com\/fr\/wp-json\/wp\/v2\/product"}],"about":[{"href":"https:\/\/lucacastelli.com\/fr\/wp-json\/wp\/v2\/types\/product"}],"wp:featuredmedia":[{"embeddable":true,"href":"https:\/\/lucacastelli.com\/fr\/wp-json\/wp\/v2\/media\/441714"}],"wp:attachment":[{"href":"https:\/\/lucacastelli.com\/fr\/wp-json\/wp\/v2\/media?parent=463629"}],"wp:term":[{"taxonomy":"product_brand","embeddable":true,"href":"https:\/\/lucacastelli.com\/fr\/wp-json\/wp\/v2\/product_brand?post=463629"},{"taxonomy":"product_cat","embeddable":true,"href":"https:\/\/lucacastelli.com\/fr\/wp-json\/wp\/v2\/product_cat?post=463629"},{"taxonomy":"product_tag","embeddable":true,"href":"https:\/\/lucacastelli.com\/fr\/wp-json\/wp\/v2\/product_tag?post=463629"}],"curies":[{"name":"wp","href":"https:\/\/api.w.org\/{rel}","templated":true}]}}