{"id":463626,"date":"2025-06-01T07:48:12","date_gmt":"2025-06-01T05:48:12","guid":{"rendered":"https:\/\/lucacastelli.com\/prodotto\/avion\/"},"modified":"2025-06-29T08:00:50","modified_gmt":"2025-06-29T06:00:50","slug":"avion","status":"publish","type":"product","link":"https:\/\/lucacastelli.com\/fr\/produit\/avion\/","title":{"rendered":"Raboteuse MILWAUKEE"},"content":{"rendered":"<p>Jusqu\u2019\u00e0 14 000 tr\/min pour un travail de finition parfait&lt;Br&gt;  \u00c9lectronique REDLINK\u2122 pour une protection accrue contre les surcharges&lt;Br&gt;  La batterie REDLITHIUM\u2122 offre une construction de batterie sup\u00e9rieure, une \u00e9lectronique et des performances constantes pour offrir plus d\u2019autonomie et plus de travail pendant la dur\u00e9e de vie de la batterie&lt;Br&gt;  Enl\u00e8vement de mati\u00e8re rapide gr\u00e2ce \u00e0 2 lames en carbure pour une largeur de rabotage de 82 mm&lt;Br&gt;  R\u00e9glage de la profondeur de rabotage de 0 \u00e0 2 mm, avec 20 positions de verrouillage pour un travail pr\u00e9cis&lt;Br&gt;  Profondeur de feuillure jusqu\u2019\u00e0 10,7 mm&lt;Br&gt;  L\u2019\u00e9jection des copeaux peut \u00eatre orient\u00e9e vers la droite ou la gauche&lt;Br&gt;  Extension du patin avant pour un positionnement pr\u00e9cis et rapide du rabot sur le mat\u00e9riau \u00e0 travailler&lt;Br&gt;  Pied positionn\u00e9 sur la base de la chaussure pour prot\u00e9ger le mat\u00e9riau des dommages accidentels&lt;Br&gt;  Contr\u00f4le individuel des cellules de la batterie pour optimiser la dur\u00e9e de vie de la batterie&lt;Br&gt;  Fonctionne avec toutes les batteries MILWAUKEE\u00ae M18\u2122<\/p>\n<p>CODE BARRE : 4002395137374<\/p>\n<p>Caract\u00e9ristiques techniques<br \/>\nAucun sac ni box fourni<\/p>\n<p>Livr\u00e9 sans piles, livr\u00e9 sans chargeur, livr\u00e9 sans kitbox ni sac, sac \u00e0 poussi\u00e8re, lames et guide\/biseau lat\u00e9ral<\/p>\n","protected":false},"excerpt":{"rendered":"<p>Jusqu\u2019\u00e0 14 000 tr\/min pour un travail de finition parfait&lt;Br&gt; \u00c9lectronique REDLINK\u2122 pour une protection accrue contre les surcharges&lt;Br&gt; La<\/p>\n","protected":false},"featured_media":441697,"template":"","meta":{"_seopress_robots_primary_cat":"","_seopress_titles_title":"","_seopress_titles_desc":"","_seopress_robots_index":""},"product_brand":[3658],"product_cat":[1453,167],"product_tag":[3273],"class_list":{"0":"post-463626","1":"product","2":"type-product","3":"status-publish","4":"has-post-thumbnail","6":"product_brand-milwaukee-fr","7":"product_cat-autres-appareils","8":"product_cat-machines","9":"product_tag-import-milwau-fr","10":"sws-gruppo-macchinari-fr","11":"sws-conto-ricavi-merci-rivendita-macchinari-fr","12":"sws-gruppo-iva-iva81-fr","14":"first","15":"instock","16":"sale","17":"purchasable","18":"product-type-simple"},"_links":{"self":[{"href":"https:\/\/lucacastelli.com\/fr\/wp-json\/wp\/v2\/product\/463626","targetHints":{"allow":["GET"]}}],"collection":[{"href":"https:\/\/lucacastelli.com\/fr\/wp-json\/wp\/v2\/product"}],"about":[{"href":"https:\/\/lucacastelli.com\/fr\/wp-json\/wp\/v2\/types\/product"}],"wp:featuredmedia":[{"embeddable":true,"href":"https:\/\/lucacastelli.com\/fr\/wp-json\/wp\/v2\/media\/441697"}],"wp:attachment":[{"href":"https:\/\/lucacastelli.com\/fr\/wp-json\/wp\/v2\/media?parent=463626"}],"wp:term":[{"taxonomy":"product_brand","embeddable":true,"href":"https:\/\/lucacastelli.com\/fr\/wp-json\/wp\/v2\/product_brand?post=463626"},{"taxonomy":"product_cat","embeddable":true,"href":"https:\/\/lucacastelli.com\/fr\/wp-json\/wp\/v2\/product_cat?post=463626"},{"taxonomy":"product_tag","embeddable":true,"href":"https:\/\/lucacastelli.com\/fr\/wp-json\/wp\/v2\/product_tag?post=463626"}],"curies":[{"name":"wp","href":"https:\/\/api.w.org\/{rel}","templated":true}]}}