{"id":463619,"date":"2025-06-01T00:43:00","date_gmt":"2025-05-31T22:43:00","guid":{"rendered":"https:\/\/lucacastelli.com\/prodotto\/br-200\/"},"modified":"2025-06-28T18:04:14","modified_gmt":"2025-06-28T16:04:14","slug":"br-200","status":"publish","type":"product","link":"https:\/\/lucacastelli.com\/fr\/produit\/br-200\/","title":{"rendered":"STIHL BR 200"},"content":{"rendered":"<p>Souffleur compact et tr\u00e8s l\u00e9ger. Syst\u00e8me anti-vibration STIHL, convertisseur catalytique, moteur 2-MIX, syst\u00e8me de d\u00e9marrage simple, levier d\u2019acc\u00e9l\u00e9rateur et bouton d\u2019arr\u00eat verrouillables, poign\u00e9e de transport.<br \/>\n886661909742 <\/p>\n<p>Cylindr\u00e9e 27.2<br \/>\nCO2 CO2<\/p>\n<p>Poids de l\u2019appareil Poids<br \/>\nde l\u2019appareil Vitesse maximale de l\u2019air avec buse ronde 67,0<br \/>\nVitesse maximale de l\u2019air avec buse ronde 150,0<\/p>\n","protected":false},"excerpt":{"rendered":"<p>BR 200<\/p>\n","protected":false},"featured_media":430643,"template":"","meta":{"_seopress_robots_primary_cat":"","_seopress_titles_title":"","_seopress_titles_desc":"","_seopress_robots_index":""},"product_brand":[3366],"product_cat":[29,485,486],"product_tag":[3265],"class_list":{"0":"post-463619","1":"product","2":"type-product","3":"status-publish","4":"has-post-thumbnail","6":"product_brand-stihl","7":"product_cat-macchinari","8":"product_cat-soffiatori-e-aspiratori","9":"product_cat-soffiatori-a-motore","10":"product_tag-import-stihl","11":"sws-gruppo-macchinari-fr","12":"sws-conto-ricavi-merci-rivendita-macchinari-fr","13":"sws-gruppo-iva-iva81-fr","15":"first","16":"onbackorder","17":"purchasable","18":"product-type-simple"},"_links":{"self":[{"href":"https:\/\/lucacastelli.com\/fr\/wp-json\/wp\/v2\/product\/463619","targetHints":{"allow":["GET"]}}],"collection":[{"href":"https:\/\/lucacastelli.com\/fr\/wp-json\/wp\/v2\/product"}],"about":[{"href":"https:\/\/lucacastelli.com\/fr\/wp-json\/wp\/v2\/types\/product"}],"wp:featuredmedia":[{"embeddable":true,"href":"https:\/\/lucacastelli.com\/fr\/wp-json\/wp\/v2\/media\/430643"}],"wp:attachment":[{"href":"https:\/\/lucacastelli.com\/fr\/wp-json\/wp\/v2\/media?parent=463619"}],"wp:term":[{"taxonomy":"product_brand","embeddable":true,"href":"https:\/\/lucacastelli.com\/fr\/wp-json\/wp\/v2\/product_brand?post=463619"},{"taxonomy":"product_cat","embeddable":true,"href":"https:\/\/lucacastelli.com\/fr\/wp-json\/wp\/v2\/product_cat?post=463619"},{"taxonomy":"product_tag","embeddable":true,"href":"https:\/\/lucacastelli.com\/fr\/wp-json\/wp\/v2\/product_tag?post=463619"}],"curies":[{"name":"wp","href":"https:\/\/api.w.org\/{rel}","templated":true}]}}