{"id":463615,"date":"2026-03-03T00:01:06","date_gmt":"2026-03-02T23:01:06","guid":{"rendered":"https:\/\/lucacastelli.com\/prodotto\/bg-56\/"},"modified":"2026-04-12T13:19:13","modified_gmt":"2026-04-12T11:19:13","slug":"bg-56","status":"publish","type":"product","link":"https:\/\/lucacastelli.com\/fr\/produit\/bg-56\/","title":{"rendered":"STIHL BG 56"},"content":{"rendered":"<p>D\u00e9barrasse rapidement les surfaces des feuilles ou de l&#8217;herbe coup\u00e9e. Buse ronde, moteur 2-MIX, bouton d&#8217;arr\u00eat.<br \/>\n886661909414 <\/p>\n<p>Cylindr\u00e9e 27.2<br \/>\nCO2 CO2<\/p>\n<p>Poids de l&#8217;appareil Poids de l&#8217;appareil<br \/>\nVitesse max. de l&#8217;air avec buse ronde 71.0<br \/>\nVitesse max. de l&#8217;air avec buse ronde 159.0<\/p>\n","protected":false},"excerpt":{"rendered":"<p>BG 56<\/p>\n","protected":false},"featured_media":644684,"template":"","meta":{"_seopress_robots_primary_cat":"none","_seopress_titles_title":"","_seopress_titles_desc":"","_seopress_robots_index":""},"product_brand":[3555],"product_cat":[167,1652,1643],"product_tag":[3267],"class_list":{"0":"post-463615","1":"product","2":"type-product","3":"status-publish","4":"has-post-thumbnail","6":"product_brand-stihl-fr","7":"product_cat-machines","8":"product_cat-souffleurs-a-moteur","9":"product_cat-souffleurs-et-aspirateurs","10":"product_tag-import-stihl-fr","11":"sws-gruppo-macchinari-fr","12":"sws-conto-ricavi-merci-rivendita-macchinari-fr","13":"sws-gruppo-iva-iva81-fr","15":"first","16":"instock","17":"sale","18":"purchasable","19":"product-type-simple"},"_links":{"self":[{"href":"https:\/\/lucacastelli.com\/fr\/wp-json\/wp\/v2\/product\/463615","targetHints":{"allow":["GET"]}}],"collection":[{"href":"https:\/\/lucacastelli.com\/fr\/wp-json\/wp\/v2\/product"}],"about":[{"href":"https:\/\/lucacastelli.com\/fr\/wp-json\/wp\/v2\/types\/product"}],"wp:featuredmedia":[{"embeddable":true,"href":"https:\/\/lucacastelli.com\/fr\/wp-json\/wp\/v2\/media\/644684"}],"wp:attachment":[{"href":"https:\/\/lucacastelli.com\/fr\/wp-json\/wp\/v2\/media?parent=463615"}],"wp:term":[{"taxonomy":"product_brand","embeddable":true,"href":"https:\/\/lucacastelli.com\/fr\/wp-json\/wp\/v2\/product_brand?post=463615"},{"taxonomy":"product_cat","embeddable":true,"href":"https:\/\/lucacastelli.com\/fr\/wp-json\/wp\/v2\/product_cat?post=463615"},{"taxonomy":"product_tag","embeddable":true,"href":"https:\/\/lucacastelli.com\/fr\/wp-json\/wp\/v2\/product_tag?post=463615"}],"curies":[{"name":"wp","href":"https:\/\/api.w.org\/{rel}","templated":true}]}}