{"id":463606,"date":"2025-06-12T03:15:21","date_gmt":"2025-06-12T01:15:21","guid":{"rendered":"https:\/\/lucacastelli.com\/prodotto\/vibreur-a-beton-6\/"},"modified":"2025-06-29T07:53:02","modified_gmt":"2025-06-29T05:53:02","slug":"vibreur-a-beton-6","status":"publish","type":"product","link":"https:\/\/lucacastelli.com\/fr\/produit\/vibreur-a-beton-6\/","title":{"rendered":"MILWAUKEE Vibrateur \u00e0 b\u00e9ton"},"content":{"rendered":"<p>Vibrateur \u00e0 b\u00e9ton M18 FUEL\u2122 pour la consolidation du b\u00e9ton, sous forme compacte&lt;Br&gt;  Tuyau de 1,2 m recommand\u00e9 pour les trottoirs ou les petites surfaces planes (M18 FCVN12)&lt;Br&gt;  Tuyau de 2,4 m recommand\u00e9 pour les murs ou les colonnes (M18 FCVN24)&lt;Br&gt;  Aiguille vibrante de 25 mm, capable de consolider le b\u00e9ton avec 12 500 alternances par minute&lt;Br&gt;  Potentiom\u00e8tre pour une polyvalence maximale avec n\u2019importe quel mat\u00e9riau et taille de coffrage&lt;Br&gt;  Crochet pour un rangement facile de l\u2019outil sur le coffrage ou l\u2019\u00e9chafaudage&lt;Br&gt;  L\u00e9ger : Pratique \u00e0 utiliser et \u00e0 transporter&lt;Br&gt;  Puissant et fiable : consolidez jusqu\u2019\u00e0 une b\u00e9tonni\u00e8re (8 m\u00b3) avec 1 batterie M18\u2122 HIGH OUTPUT\u2122 de 5,5 Ah&lt;Br&gt;  Syst\u00e8me HIGH OUTPUT\u2122, augmente les performances et l\u2019autonomie de la technologie M18 FUEL\u2122&lt;Br&gt;  Fonctionne avec toutes les batteries MILWAUKEE\u00ae M18\u2122<\/p>\n<p>CODE BARRE&nbsp;: 4058546373917<\/p>\n<p>Caract\u00e9ristiques techniques Nein<\/p>\n<p>1 x batterie M18 HB5.5, chargeur M12-18 FC, fourni sans kitbox ni sac<\/p>\n","protected":false},"excerpt":{"rendered":"<p>Vibrateur \u00e0 b\u00e9ton M18 FUEL\u2122 pour la consolidation du b\u00e9ton, sous forme compacte&lt;Br&gt; Tuyau de 1,2 m recommand\u00e9 pour les<\/p>\n","protected":false},"featured_media":434981,"template":"","meta":{"_seopress_robots_primary_cat":"","_seopress_titles_title":"","_seopress_titles_desc":"","_seopress_robots_index":""},"product_brand":[3407],"product_cat":[29,514,560],"product_tag":[3270],"class_list":{"0":"post-463606","1":"product","2":"type-product","3":"status-publish","4":"has-post-thumbnail","6":"product_brand-milwaukee","7":"product_cat-macchinari","8":"product_cat-altri-dispositivi","9":"product_cat-vibratore-per-calcestruzzo","10":"product_tag-import-milwau","11":"sws-gruppo-macchinari-fr","12":"sws-conto-ricavi-merci-rivendita-macchinari-fr","13":"sws-gruppo-iva-iva81-fr","15":"first","16":"onbackorder","17":"sale","18":"purchasable","19":"product-type-simple"},"_links":{"self":[{"href":"https:\/\/lucacastelli.com\/fr\/wp-json\/wp\/v2\/product\/463606","targetHints":{"allow":["GET"]}}],"collection":[{"href":"https:\/\/lucacastelli.com\/fr\/wp-json\/wp\/v2\/product"}],"about":[{"href":"https:\/\/lucacastelli.com\/fr\/wp-json\/wp\/v2\/types\/product"}],"wp:featuredmedia":[{"embeddable":true,"href":"https:\/\/lucacastelli.com\/fr\/wp-json\/wp\/v2\/media\/434981"}],"wp:attachment":[{"href":"https:\/\/lucacastelli.com\/fr\/wp-json\/wp\/v2\/media?parent=463606"}],"wp:term":[{"taxonomy":"product_brand","embeddable":true,"href":"https:\/\/lucacastelli.com\/fr\/wp-json\/wp\/v2\/product_brand?post=463606"},{"taxonomy":"product_cat","embeddable":true,"href":"https:\/\/lucacastelli.com\/fr\/wp-json\/wp\/v2\/product_cat?post=463606"},{"taxonomy":"product_tag","embeddable":true,"href":"https:\/\/lucacastelli.com\/fr\/wp-json\/wp\/v2\/product_tag?post=463606"}],"curies":[{"name":"wp","href":"https:\/\/api.w.org\/{rel}","templated":true}]}}