{"id":463605,"date":"2025-06-12T03:13:55","date_gmt":"2025-06-12T01:13:55","guid":{"rendered":"https:\/\/lucacastelli.com\/prodotto\/unite-daspiration-6\/"},"modified":"2025-06-29T07:53:29","modified_gmt":"2025-06-29T05:53:29","slug":"unite-daspiration-6","status":"publish","type":"product","link":"https:\/\/lucacastelli.com\/fr\/produit\/unite-daspiration-6\/","title":{"rendered":"Unit\u00e9s d\u2019aspiration MILWAUKEE"},"content":{"rendered":"<p>Con\u00e7u pour l\u2019aspiration int\u00e9gr\u00e9e de la poussi\u00e8re de forage&lt;Br&gt;  Filtre HEPA : capable de filtrer jusqu\u2019\u00e0 99,75 % de la poussi\u00e8re&lt;Br&gt;  Grand compartiment de d\u00e9poussi\u00e9rage&lt;Br&gt;  Le tube en aluminium r\u00e9glable permet une profondeur maximale de 90 mm et une pointe maximale de 16 mm&lt;Br&gt;  Compatible avec la perceuse \u00e0 percussion M18 BLHX&lt;Br&gt;  Fonctionne avec toutes les batteries MILWAUKEE\u00ae M18\u2122<\/p>\n<p>CODE BARRE : 4002395006243<\/p>\n<p>Caract\u00e9ristiques techniques<br \/>\n16<\/p>\n<p>Livr\u00e9 sans piles, livr\u00e9 sans chargeur, livr\u00e9 sans kitbox ni sac, Insert d\u2019aspiration de rechange<\/p>\n","protected":false},"excerpt":{"rendered":"<p>Con\u00e7u pour l\u2019aspiration int\u00e9gr\u00e9e de la poussi\u00e8re de forage&lt;Br&gt; Filtre HEPA : capable de filtrer jusqu\u2019\u00e0 99,75 % de la<\/p>\n","protected":false},"featured_media":434870,"template":"","meta":{"_seopress_robots_primary_cat":"","_seopress_titles_title":"","_seopress_titles_desc":"","_seopress_robots_index":""},"product_brand":[3407],"product_cat":[29,514],"product_tag":[3270],"class_list":{"0":"post-463605","1":"product","2":"type-product","3":"status-publish","4":"has-post-thumbnail","6":"product_brand-milwaukee","7":"product_cat-macchinari","8":"product_cat-altri-dispositivi","9":"product_tag-import-milwau","10":"sws-gruppo-macchinari-fr","11":"sws-conto-ricavi-merci-rivendita-macchinari-fr","12":"sws-gruppo-iva-iva81-fr","14":"first","15":"onbackorder","16":"sale","17":"purchasable","18":"product-type-simple"},"_links":{"self":[{"href":"https:\/\/lucacastelli.com\/fr\/wp-json\/wp\/v2\/product\/463605","targetHints":{"allow":["GET"]}}],"collection":[{"href":"https:\/\/lucacastelli.com\/fr\/wp-json\/wp\/v2\/product"}],"about":[{"href":"https:\/\/lucacastelli.com\/fr\/wp-json\/wp\/v2\/types\/product"}],"wp:featuredmedia":[{"embeddable":true,"href":"https:\/\/lucacastelli.com\/fr\/wp-json\/wp\/v2\/media\/434870"}],"wp:attachment":[{"href":"https:\/\/lucacastelli.com\/fr\/wp-json\/wp\/v2\/media?parent=463605"}],"wp:term":[{"taxonomy":"product_brand","embeddable":true,"href":"https:\/\/lucacastelli.com\/fr\/wp-json\/wp\/v2\/product_brand?post=463605"},{"taxonomy":"product_cat","embeddable":true,"href":"https:\/\/lucacastelli.com\/fr\/wp-json\/wp\/v2\/product_cat?post=463605"},{"taxonomy":"product_tag","embeddable":true,"href":"https:\/\/lucacastelli.com\/fr\/wp-json\/wp\/v2\/product_tag?post=463605"}],"curies":[{"name":"wp","href":"https:\/\/api.w.org\/{rel}","templated":true}]}}