{"id":463603,"date":"2025-06-12T03:12:30","date_gmt":"2025-06-12T01:12:30","guid":{"rendered":"https:\/\/lucacastelli.com\/prodotto\/perceuse-a-percussion-11\/"},"modified":"2025-06-29T07:53:51","modified_gmt":"2025-06-29T05:53:51","slug":"perceuse-a-percussion-11","status":"publish","type":"product","link":"https:\/\/lucacastelli.com\/fr\/produit\/perceuse-a-percussion-11\/","title":{"rendered":"Marteau MILWAUKEE"},"content":{"rendered":"<p>M\u00e9canisme d\u2019arr\u00eat puissant et moteur sans balais capable de fournir 2,3 J d\u2019\u00e9nergie&lt;Br&gt;  Conception compacte et ergonomique pour un confort d\u2019utilisation maximal&lt;Br&gt;  Syst\u00e8me FIXTEC\u2122 pour le changement de broche sans cl\u00e9 (SDS-Plus et broche m\u00e9tallique de 13 mm)&lt;Br&gt;  Bo\u00eete de vitesses en m\u00e9tal, pour une r\u00e9sistance maximale&lt;Br&gt;  4 modes de fonctionnement : rotopercussion, burinage, rotation et position neutre pour l\u2019orientation du burin&lt;Br&gt;  Poign\u00e9e lat\u00e9rale anti-vibration&lt;Br&gt;  Compatible avec l\u2019unit\u00e9 d\u2019aspiration M18 CDEX&lt;Br&gt;  Le moteur sans balais, l\u2019\u00e9lectronique REDLINK PLUS\u2122 et la batterie REDLITHIUM\u2122 offrent une performance et une durabilit\u00e9 sup\u00e9rieures&lt;Br&gt;  Fonctionne avec toutes les batteries MILWAUKEE\u00ae M18\u2122<\/p>\n<p>CODE BARRE : 4058546361747<\/p>\n<p>Caract\u00e9ristiques techniques<br \/>\n6 &#8211; 18<\/p>\n<p>2 x batterie M18 B5, chargeur M12-18 FC, valise HeavyDuty, poign\u00e9e lat\u00e9rale, tige de profondeur, graisse, mandrin FIXTEC\u2122 13 mm m\u00e9tal<\/p>\n","protected":false},"excerpt":{"rendered":"<p>M\u00e9canisme d\u2019arr\u00eat puissant et moteur sans balais capable de fournir 2,3 J d\u2019\u00e9nergie&lt;Br&gt; Conception compacte et ergonomique pour un confort<\/p>\n","protected":false},"featured_media":434808,"template":"","meta":{"_seopress_robots_primary_cat":"","_seopress_titles_title":"","_seopress_titles_desc":"","_seopress_robots_index":""},"product_brand":[3658],"product_cat":[1453,167],"product_tag":[3273],"class_list":{"0":"post-463603","1":"product","2":"type-product","3":"status-publish","4":"has-post-thumbnail","6":"product_brand-milwaukee-fr","7":"product_cat-autres-appareils","8":"product_cat-machines","9":"product_tag-import-milwau-fr","10":"sws-gruppo-macchinari-fr","11":"sws-conto-ricavi-merci-rivendita-macchinari-fr","12":"sws-gruppo-iva-iva81-fr","14":"first","15":"onbackorder","16":"sale","17":"purchasable","18":"product-type-simple"},"_links":{"self":[{"href":"https:\/\/lucacastelli.com\/fr\/wp-json\/wp\/v2\/product\/463603","targetHints":{"allow":["GET"]}}],"collection":[{"href":"https:\/\/lucacastelli.com\/fr\/wp-json\/wp\/v2\/product"}],"about":[{"href":"https:\/\/lucacastelli.com\/fr\/wp-json\/wp\/v2\/types\/product"}],"wp:featuredmedia":[{"embeddable":true,"href":"https:\/\/lucacastelli.com\/fr\/wp-json\/wp\/v2\/media\/434808"}],"wp:attachment":[{"href":"https:\/\/lucacastelli.com\/fr\/wp-json\/wp\/v2\/media?parent=463603"}],"wp:term":[{"taxonomy":"product_brand","embeddable":true,"href":"https:\/\/lucacastelli.com\/fr\/wp-json\/wp\/v2\/product_brand?post=463603"},{"taxonomy":"product_cat","embeddable":true,"href":"https:\/\/lucacastelli.com\/fr\/wp-json\/wp\/v2\/product_cat?post=463603"},{"taxonomy":"product_tag","embeddable":true,"href":"https:\/\/lucacastelli.com\/fr\/wp-json\/wp\/v2\/product_tag?post=463603"}],"curies":[{"name":"wp","href":"https:\/\/api.w.org\/{rel}","templated":true}]}}