{"id":463590,"date":"2025-06-12T03:11:06","date_gmt":"2025-06-12T01:11:06","guid":{"rendered":"https:\/\/lucacastelli.com\/prodotto\/unite-daspiration-5\/"},"modified":"2025-06-29T07:53:49","modified_gmt":"2025-06-29T05:53:49","slug":"unite-daspiration-5","status":"publish","type":"product","link":"https:\/\/lucacastelli.com\/fr\/produit\/unite-daspiration-5\/","title":{"rendered":"Unit\u00e9s d\u2019aspiration MILWAUKEE"},"content":{"rendered":"<p>Con\u00e7u pour l\u2019extraction de poussi\u00e8re dans le forage, disjoncteur&lt;Br&gt;  Filtre HEPA avec une efficacit\u00e9 de d\u00e9poussi\u00e9rage de 99,97 % (particules inf\u00e9rieures \u00e0 0,3 micron)&lt;Br&gt;  M\u00e9canisme de nettoyage manuel du filtre&lt;Br&gt;  Deux buses interchangeables avec brosses pour des diam\u00e8tres de per\u00e7age jusqu\u2019au diam\u00e8tre 26 mm (diam\u00e8tre 0,5-16 mm, diam\u00e8tre 16-26 mm)&lt;Br&gt;  Jauge de profondeur r\u00e9glable pour des applications pr\u00e9cises&lt;Br&gt;  Lumi\u00e8re LED pour \u00e9clairer le domaine d\u2019application&lt;Br&gt;  Compatible avec les marteaux perforateurs M18 FH, M18 FHX, M18 ONEFH et M18 ONEFHX<\/p>\n<p>CODE BARRE : 4058546347000<\/p>\n<p>Caract\u00e9ristiques techniques<br \/>\n200<\/p>\n<p>Bagues de remplacement pour brosses<\/p>\n","protected":false},"excerpt":{"rendered":"<p>Con\u00e7u pour l\u2019extraction de poussi\u00e8re dans le forage, disjoncteur&lt;Br&gt; Filtre HEPA avec une efficacit\u00e9 de d\u00e9poussi\u00e9rage de 99,97 % (particules<\/p>\n","protected":false},"featured_media":434750,"template":"","meta":{"_seopress_robots_primary_cat":"","_seopress_titles_title":"","_seopress_titles_desc":"","_seopress_robots_index":""},"product_brand":[3407],"product_cat":[29,514],"product_tag":[3270],"class_list":{"0":"post-463590","1":"product","2":"type-product","3":"status-publish","4":"has-post-thumbnail","6":"product_brand-milwaukee","7":"product_cat-macchinari","8":"product_cat-altri-dispositivi","9":"product_tag-import-milwau","10":"sws-gruppo-macchinari-fr","11":"sws-conto-ricavi-merci-rivendita-macchinari-fr","12":"sws-gruppo-iva-iva81-fr","14":"first","15":"onbackorder","16":"sale","17":"purchasable","18":"product-type-simple"},"_links":{"self":[{"href":"https:\/\/lucacastelli.com\/fr\/wp-json\/wp\/v2\/product\/463590","targetHints":{"allow":["GET"]}}],"collection":[{"href":"https:\/\/lucacastelli.com\/fr\/wp-json\/wp\/v2\/product"}],"about":[{"href":"https:\/\/lucacastelli.com\/fr\/wp-json\/wp\/v2\/types\/product"}],"wp:featuredmedia":[{"embeddable":true,"href":"https:\/\/lucacastelli.com\/fr\/wp-json\/wp\/v2\/media\/434750"}],"wp:attachment":[{"href":"https:\/\/lucacastelli.com\/fr\/wp-json\/wp\/v2\/media?parent=463590"}],"wp:term":[{"taxonomy":"product_brand","embeddable":true,"href":"https:\/\/lucacastelli.com\/fr\/wp-json\/wp\/v2\/product_brand?post=463590"},{"taxonomy":"product_cat","embeddable":true,"href":"https:\/\/lucacastelli.com\/fr\/wp-json\/wp\/v2\/product_cat?post=463590"},{"taxonomy":"product_tag","embeddable":true,"href":"https:\/\/lucacastelli.com\/fr\/wp-json\/wp\/v2\/product_tag?post=463590"}],"curies":[{"name":"wp","href":"https:\/\/api.w.org\/{rel}","templated":true}]}}