{"id":463589,"date":"2025-06-12T03:09:28","date_gmt":"2025-06-12T01:09:28","guid":{"rendered":"https:\/\/lucacastelli.com\/prodotto\/perceuse-a-percussion-9\/"},"modified":"2025-06-29T07:54:30","modified_gmt":"2025-06-29T05:54:30","slug":"perceuse-a-percussion-9","status":"publish","type":"product","link":"https:\/\/lucacastelli.com\/fr\/produit\/perceuse-a-percussion-9\/","title":{"rendered":"Marteau MILWAUKEE"},"content":{"rendered":"<p>La perceuse \u00e0 percussion SDS-Plus la plus rapide de sa cat\u00e9gorie, pour une productivit\u00e9 maximale&lt;Br&gt;  Capable de fournir une \u00e9nergie d\u2019impact de 2,5 J avec un minimum de vibrations (12,9 m\/s\u00b2)&lt;Br&gt;  Capable de percer jusqu\u2019\u00e0 125 trous de diam\u00e8tre 10 x 50 mm sur une seule charge de batterie (M18\u2122 HIGH OUTPUT\u2122 5,5 Ah)&lt;Br&gt;  Syst\u00e8me AUTOSTOP\u2122, \u00e9teint l\u2019outil pour prot\u00e9ger l\u2019utilisateur en cas de rotations soudaines&lt;Br&gt;  Bo\u00eete de vitesses en m\u00e9tal, pour une r\u00e9sistance maximale&lt;Br&gt;  4 modes de fonctionnement : rotopercussion, burinage, rotation et position neutre pour l\u2019orientation du burin&lt;Br&gt;  Compatible avec les unit\u00e9s d\u2019aspiration M18 FCDDEXL et M18 FDDEXL&lt;Br&gt;  La technologie FUEL\u2122 red\u00e9finit les outils \u00e9lectriques sans fil. Le moteur sans balais, l\u2019\u00e9lectronique REDLINK PLUS\u2122 et la batterie REDLITHIUM\u2122 offrent des performances et une durabilit\u00e9 sup\u00e9rieures&lt;br&gt; Syst\u00e8me HIGH OUTPUT\u2122, \u00e9l\u00e8ve les performances et l\u2019autonomie de la technologie M18 FUEL\u2122&lt;br Fonctionne&gt; avec toutes les batteries MILWAUKEE\u00ae M18\u2122<\/p>\n<p>CODE BARRE : 4058546346935<\/p>\n<p>Caract\u00e9ristiques techniques<br \/>\n2.5<\/p>\n<p>Livr\u00e9 sans piles, livr\u00e9 sans chargeur, bo\u00eetier HeavyDuty, poign\u00e9e lat\u00e9rale, jauge de profondeur<\/p>\n","protected":false},"excerpt":{"rendered":"<p>La perceuse \u00e0 percussion SDS-Plus la plus rapide de sa cat\u00e9gorie, pour une productivit\u00e9 maximale&lt;Br&gt; Capable de fournir une \u00e9nergie<\/p>\n","protected":false},"featured_media":434217,"template":"","meta":{"_seopress_robots_primary_cat":"","_seopress_titles_title":"","_seopress_titles_desc":"","_seopress_robots_index":""},"product_brand":[3407],"product_cat":[29,514],"product_tag":[3270],"class_list":{"0":"post-463589","1":"product","2":"type-product","3":"status-publish","4":"has-post-thumbnail","6":"product_brand-milwaukee","7":"product_cat-macchinari","8":"product_cat-altri-dispositivi","9":"product_tag-import-milwau","10":"sws-gruppo-macchinari-fr","11":"sws-conto-ricavi-merci-rivendita-macchinari-fr","12":"sws-gruppo-iva-iva81-fr","14":"first","15":"onbackorder","16":"sale","17":"purchasable","18":"product-type-simple"},"_links":{"self":[{"href":"https:\/\/lucacastelli.com\/fr\/wp-json\/wp\/v2\/product\/463589","targetHints":{"allow":["GET"]}}],"collection":[{"href":"https:\/\/lucacastelli.com\/fr\/wp-json\/wp\/v2\/product"}],"about":[{"href":"https:\/\/lucacastelli.com\/fr\/wp-json\/wp\/v2\/types\/product"}],"wp:featuredmedia":[{"embeddable":true,"href":"https:\/\/lucacastelli.com\/fr\/wp-json\/wp\/v2\/media\/434217"}],"wp:attachment":[{"href":"https:\/\/lucacastelli.com\/fr\/wp-json\/wp\/v2\/media?parent=463589"}],"wp:term":[{"taxonomy":"product_brand","embeddable":true,"href":"https:\/\/lucacastelli.com\/fr\/wp-json\/wp\/v2\/product_brand?post=463589"},{"taxonomy":"product_cat","embeddable":true,"href":"https:\/\/lucacastelli.com\/fr\/wp-json\/wp\/v2\/product_cat?post=463589"},{"taxonomy":"product_tag","embeddable":true,"href":"https:\/\/lucacastelli.com\/fr\/wp-json\/wp\/v2\/product_tag?post=463589"}],"curies":[{"name":"wp","href":"https:\/\/api.w.org\/{rel}","templated":true}]}}