{"id":463581,"date":"2025-06-12T03:07:50","date_gmt":"2025-06-12T01:07:50","guid":{"rendered":"https:\/\/lucacastelli.com\/prodotto\/perceuse-a-percussion-7\/"},"modified":"2026-04-16T02:35:36","modified_gmt":"2026-04-16T00:35:36","slug":"perceuse-a-percussion-7","status":"publish","type":"product","link":"https:\/\/lucacastelli.com\/fr\/produit\/perceuse-a-percussion-7\/","title":{"rendered":"MILWAUKEE Perforateur"},"content":{"rendered":"<p>Le perforateur SDS-Plus le plus rapide de sa cat\u00e9gorie, pour une productivit\u00e9 maximale&lt;br&gt; Capable de fournir 2,5 J d&#8217;\u00e9nergie d&#8217;impact avec des vibrations minimales (12,9 m\/s\u00b2)&lt;br&gt; Capable de r\u00e9aliser jusqu&#8217;\u00e0 125 trous de diam\u00e8tre 10 x 50 mm avec une seule charge de batterie (M18\u2122 HIGH OUTPUT\u2122 5,5 Ah)&lt;br&gt; Syst\u00e8me AUTOSTOP\u2122, \u00e9teint l&#8217;outil pour prot\u00e9ger l&#8217;utilisateur en cas de rotations brusques&lt;br&gt; Le syst\u00e8me ONE-KEY\u2122 Tracking &amp; Security offre gratuitement un service de tra\u00e7age et de gestion d&#8217;inventaire bas\u00e9 sur le cloud, disposant \u00e9galement de fonctionnalit\u00e9s de verrouillage \u00e0 distance&lt;br&gt; Syst\u00e8me FIXTEC\u2122 pour changement sans cl\u00e9 du mandrin (SDS-Plus et mandrin 13 mm en m\u00e9tal)&lt;br&gt; Bo\u00eetier d&#8217;engrenages en m\u00e9tal, pour une r\u00e9sistance maximale&lt;br&gt; 4 modes de fonctionnement : percussion rotative, burinage, rotation et position neutre pour orientation du burin&lt;br&gt; Compatible avec les unit\u00e9s d&#8217;aspiration M18 FCDDEXL et M18 FDDEXL&lt;br&gt; La technologie FUEL\u2122 red\u00e9finit les outils \u00e9lectroportatifs sans fil. Le moteur brushless, l&#8217;\u00e9lectronique REDLINK PLUS\u2122 et le pack batterie REDLITHIUM\u2122 offrent des performances et une dur\u00e9e sup\u00e9rieures&lt;br&gt; Syst\u00e8me HIGH OUTPUT\u2122, \u00e9l\u00e8ve les performances et l&#8217;autonomie de la technologie M18 FUEL\u2122 <\/p>\n<p>CODE-BARRES : 4058546346966<\/p>\n<p>Donn\u00e9es techniques<br \/>\n2,5<\/p>\n<p>Fourni sans batteries, fourni sans chargeur, mallette HeavyDuty, poign\u00e9e lat\u00e9rale, jauge de profondeur, graisse, mandrin FIXTEC\u2122 13 mm en m\u00e9tal<\/p>\n","protected":false},"excerpt":{"rendered":"<p>Le perforateur SDS-Plus le plus rapide de sa cat\u00e9gorie, pour une productivit\u00e9 maximale&lt;br&gt; Capable de fournir 2,5 J d&#8217;\u00e9nergie d&#8217;impact<\/p>\n","protected":false},"featured_media":434106,"template":"","meta":{"_seopress_robots_primary_cat":"","_seopress_titles_title":"","_seopress_titles_desc":"","_seopress_robots_index":""},"product_brand":[3407],"product_cat":[29,514],"product_tag":[3270],"class_list":{"0":"post-463581","1":"product","2":"type-product","3":"status-publish","4":"has-post-thumbnail","6":"product_brand-milwaukee","7":"product_cat-macchinari","8":"product_cat-altri-dispositivi","9":"product_tag-import-milwau","10":"sws-gruppo-macchinari-fr","11":"sws-conto-ricavi-merci-rivendita-macchinari-fr","12":"sws-gruppo-iva-iva81-fr","14":"first","15":"onbackorder","16":"sale","17":"purchasable","18":"product-type-simple"},"_links":{"self":[{"href":"https:\/\/lucacastelli.com\/fr\/wp-json\/wp\/v2\/product\/463581","targetHints":{"allow":["GET"]}}],"collection":[{"href":"https:\/\/lucacastelli.com\/fr\/wp-json\/wp\/v2\/product"}],"about":[{"href":"https:\/\/lucacastelli.com\/fr\/wp-json\/wp\/v2\/types\/product"}],"wp:featuredmedia":[{"embeddable":true,"href":"https:\/\/lucacastelli.com\/fr\/wp-json\/wp\/v2\/media\/434106"}],"wp:attachment":[{"href":"https:\/\/lucacastelli.com\/fr\/wp-json\/wp\/v2\/media?parent=463581"}],"wp:term":[{"taxonomy":"product_brand","embeddable":true,"href":"https:\/\/lucacastelli.com\/fr\/wp-json\/wp\/v2\/product_brand?post=463581"},{"taxonomy":"product_cat","embeddable":true,"href":"https:\/\/lucacastelli.com\/fr\/wp-json\/wp\/v2\/product_cat?post=463581"},{"taxonomy":"product_tag","embeddable":true,"href":"https:\/\/lucacastelli.com\/fr\/wp-json\/wp\/v2\/product_tag?post=463581"}],"curies":[{"name":"wp","href":"https:\/\/api.w.org\/{rel}","templated":true}]}}