{"id":463574,"date":"2025-06-12T03:06:53","date_gmt":"2025-06-12T01:06:53","guid":{"rendered":"https:\/\/lucacastelli.com\/prodotto\/unite-daspiration-3\/"},"modified":"2025-06-29T07:54:14","modified_gmt":"2025-06-29T05:54:14","slug":"unite-daspiration-3","status":"publish","type":"product","link":"https:\/\/lucacastelli.com\/fr\/produit\/unite-daspiration-3\/","title":{"rendered":"Unit\u00e9s d\u2019aspiration MILWAUKEE"},"content":{"rendered":"<p>Con\u00e7u pour l\u2019extraction de poussi\u00e8re dans le forage, disjoncteur&lt;Br&gt;  Syst\u00e8me AUTOPULSE\u2122 pour le nettoyage automatique du filtre : pour une efficacit\u00e9 et une r\u00e9sistance maximales&lt;Br&gt;  Filtre HEPA avec une efficacit\u00e9 de d\u00e9poussi\u00e9rage de 99,97 % (particules inf\u00e9rieures \u00e0 0,3 micron)&lt;Br&gt;  \u00c9quip\u00e9 d\u2019un r\u00e9servoir transparent pour une visibilit\u00e9 maximale&lt;Br&gt;  Bo\u00eetier de r\u00e9servoir capable de se connecter \u00e0 de grands syst\u00e8mes d\u2019aspiration. Optimis\u00e9 pour une utilisation avec l\u2019aspirateur AS 30 LAC 30 (via l\u2019adaptateur DEK26 &#8211; 4931447295) &lt;Br&gt;  Deux buses interchangeables avec brosses pour des diam\u00e8tres de per\u00e7age jusqu\u2019\u00e0 32 mm (diam\u00e8tre 0,5-16 mm, diam\u00e8tre 16-32 mm)&lt;Br&gt;  Perche t\u00e9lescopique pour une utilisation avec des forets SDS-Plus jusqu\u2019\u00e0 230 mm&lt;Br&gt;  Jauge de profondeur r\u00e9glable pour des applications pr\u00e9cises&lt;Br&gt;  La jauge de profondeur peut \u00eatre appliqu\u00e9e des deux c\u00f4t\u00e9s de l\u2019unit\u00e9 et amovible&lt;Br&gt;  Lumi\u00e8re LED pour \u00e9clairer le domaine d\u2019application&lt;Br&gt;  Compatible avec les marteaux perforateurs M18 ONEFHP et M18 ONEFHPX<\/p>\n<p>CODE BARRE : 4058546347024<\/p>\n<p>Caract\u00e9ristiques techniques<br \/>\n260<\/p>\n<p>Bagues de remplacement pour brosses<\/p>\n","protected":false},"excerpt":{"rendered":"<p>Con\u00e7u pour l\u2019extraction de poussi\u00e8re dans le forage, disjoncteur&lt;Br&gt; Syst\u00e8me AUTOPULSE\u2122 pour le nettoyage automatique du filtre : pour une<\/p>\n","protected":false},"featured_media":434052,"template":"","meta":{"_seopress_robots_primary_cat":"","_seopress_titles_title":"","_seopress_titles_desc":"","_seopress_robots_index":""},"product_brand":[3407],"product_cat":[29,514],"product_tag":[3270],"class_list":{"0":"post-463574","1":"product","2":"type-product","3":"status-publish","4":"has-post-thumbnail","6":"product_brand-milwaukee","7":"product_cat-macchinari","8":"product_cat-altri-dispositivi","9":"product_tag-import-milwau","10":"sws-gruppo-macchinari-fr","11":"sws-conto-ricavi-merci-rivendita-macchinari-fr","12":"sws-gruppo-iva-iva81-fr","14":"first","15":"onbackorder","16":"sale","17":"purchasable","18":"product-type-simple"},"_links":{"self":[{"href":"https:\/\/lucacastelli.com\/fr\/wp-json\/wp\/v2\/product\/463574","targetHints":{"allow":["GET"]}}],"collection":[{"href":"https:\/\/lucacastelli.com\/fr\/wp-json\/wp\/v2\/product"}],"about":[{"href":"https:\/\/lucacastelli.com\/fr\/wp-json\/wp\/v2\/types\/product"}],"wp:featuredmedia":[{"embeddable":true,"href":"https:\/\/lucacastelli.com\/fr\/wp-json\/wp\/v2\/media\/434052"}],"wp:attachment":[{"href":"https:\/\/lucacastelli.com\/fr\/wp-json\/wp\/v2\/media?parent=463574"}],"wp:term":[{"taxonomy":"product_brand","embeddable":true,"href":"https:\/\/lucacastelli.com\/fr\/wp-json\/wp\/v2\/product_brand?post=463574"},{"taxonomy":"product_cat","embeddable":true,"href":"https:\/\/lucacastelli.com\/fr\/wp-json\/wp\/v2\/product_cat?post=463574"},{"taxonomy":"product_tag","embeddable":true,"href":"https:\/\/lucacastelli.com\/fr\/wp-json\/wp\/v2\/product_tag?post=463574"}],"curies":[{"name":"wp","href":"https:\/\/api.w.org\/{rel}","templated":true}]}}