{"id":463573,"date":"2025-06-12T03:05:27","date_gmt":"2025-06-12T01:05:27","guid":{"rendered":"https:\/\/lucacastelli.com\/prodotto\/perceuse-a-percussion-5\/"},"modified":"2026-04-16T02:13:55","modified_gmt":"2026-04-16T00:13:55","slug":"perceuse-a-percussion-5","status":"publish","type":"product","link":"https:\/\/lucacastelli.com\/fr\/produit\/perceuse-a-percussion-5\/","title":{"rendered":"MILWAUKEE Perforateur"},"content":{"rendered":"<p>Poign\u00e9e en D au design l\u00e9ger et ergonomique pour un confort maximal de l\u2019utilisateur&lt;br&gt; Le m\u00e9canisme puissant et le moteur sans charbons fournissent une force de frappe de 4,9 J&lt;br&gt; 4 modes de fonctionnement : perforation, burinage, rotation et position neutre pour l\u2019orientation du burin&lt;br&gt; Poign\u00e9e lat\u00e9rale antivibration&lt;br&gt; Syst\u00e8me AUTOSTOP\u2122, arr\u00eate l\u2019outil pour prot\u00e9ger l\u2019utilisateur en cas de rotation brusque&lt;br&gt; Le syst\u00e8me ONE-KEY\u2122 Tracking &amp; Security offre gratuitement un service de suivi et de gestion d\u2019inventaire bas\u00e9 sur le cloud, avec des fonctionnalit\u00e9s de verrouillage \u00e0 distance&lt;br&gt; Compatible avec l\u2019extracteur de poussi\u00e8re M18 FDDEL32&lt;br&gt; L\u2019\u00e9lectronique REDLINK PLUS\u2122 prot\u00e8ge l\u2019outil et la batterie contre les surcharges, garantissant une meilleure durabilit\u00e9 lors d\u2019applications intensives&lt;br&gt; La batterie REDLITHIUM\u2122 garantit une construction avanc\u00e9e du pack batterie, offrant une autonomie accrue et des performances constantes dans le temps&lt;br&gt; La technologie FUEL\u2122 red\u00e9finit les outils sans fil. Le moteur sans charbons, l\u2019\u00e9lectronique REDLINK PLUS\u2122 et la batterie REDLITHIUM\u2122 offrent des performances et une durabilit\u00e9 sup\u00e9rieures&lt;br&gt; Fonctionne avec toutes les batteries M18\u2122 MILWAUKEE\u00ae <\/p>\n<p>CODE-BARRES : 4058546415075<\/p>\n<p>Donn\u00e9es techniques<br \/>\n5,9 (M18 HB5.5)<\/p>\n<p>Livr\u00e9 sans batteries, livr\u00e9 sans chargeur, coffret<\/p>\n","protected":false},"excerpt":{"rendered":"<p>Poign\u00e9e en D au design l\u00e9ger et ergonomique pour un confort maximal de l\u2019utilisateur&lt;br&gt; Le m\u00e9canisme puissant et le moteur<\/p>\n","protected":false},"featured_media":433941,"template":"","meta":{"_seopress_robots_primary_cat":"","_seopress_titles_title":"","_seopress_titles_desc":"","_seopress_robots_index":""},"product_brand":[3407],"product_cat":[29,514],"product_tag":[3270],"class_list":{"0":"post-463573","1":"product","2":"type-product","3":"status-publish","4":"has-post-thumbnail","6":"product_brand-milwaukee","7":"product_cat-macchinari","8":"product_cat-altri-dispositivi","9":"product_tag-import-milwau","10":"sws-gruppo-macchinari-fr","11":"sws-conto-ricavi-merci-rivendita-macchinari-fr","12":"sws-gruppo-iva-iva81-fr","14":"first","15":"onbackorder","16":"sale","17":"purchasable","18":"product-type-simple"},"_links":{"self":[{"href":"https:\/\/lucacastelli.com\/fr\/wp-json\/wp\/v2\/product\/463573","targetHints":{"allow":["GET"]}}],"collection":[{"href":"https:\/\/lucacastelli.com\/fr\/wp-json\/wp\/v2\/product"}],"about":[{"href":"https:\/\/lucacastelli.com\/fr\/wp-json\/wp\/v2\/types\/product"}],"wp:featuredmedia":[{"embeddable":true,"href":"https:\/\/lucacastelli.com\/fr\/wp-json\/wp\/v2\/media\/433941"}],"wp:attachment":[{"href":"https:\/\/lucacastelli.com\/fr\/wp-json\/wp\/v2\/media?parent=463573"}],"wp:term":[{"taxonomy":"product_brand","embeddable":true,"href":"https:\/\/lucacastelli.com\/fr\/wp-json\/wp\/v2\/product_brand?post=463573"},{"taxonomy":"product_cat","embeddable":true,"href":"https:\/\/lucacastelli.com\/fr\/wp-json\/wp\/v2\/product_cat?post=463573"},{"taxonomy":"product_tag","embeddable":true,"href":"https:\/\/lucacastelli.com\/fr\/wp-json\/wp\/v2\/product_tag?post=463573"}],"curies":[{"name":"wp","href":"https:\/\/api.w.org\/{rel}","templated":true}]}}