{"id":463568,"date":"2025-06-12T03:06:22","date_gmt":"2025-06-12T01:06:22","guid":{"rendered":"https:\/\/lucacastelli.com\/prodotto\/perceuse-a-percussion-4\/"},"modified":"2026-04-16T02:33:11","modified_gmt":"2026-04-16T00:33:11","slug":"perceuse-a-percussion-4","status":"publish","type":"product","link":"https:\/\/lucacastelli.com\/fr\/produit\/perceuse-a-percussion-4\/","title":{"rendered":"MILWAUKEE Perforateur"},"content":{"rendered":"<p>Perforateur-burineur SDS-Plus haute puissance, capable de fournir 5,0 J d\u2019\u00e9nergie de frappe avec un minimum de vibrations (6,9 m\/s\u00b2)&lt;br&gt;  Capable de r\u00e9aliser jusqu\u2019\u00e0 10 trous de diam\u00e8tre 18 x 100 mm avec une seule charge de batterie (M18\u2122 HIGH OUTPUT\u2122 5.5 Ah)&lt;br&gt;  Syst\u00e8me AUTOSTOP\u2122, arr\u00eate l\u2019outil pour prot\u00e9ger l\u2019utilisateur en cas de rotation brusque&lt;br&gt;  Le syst\u00e8me ONE-KEY\u2122 Tracking &amp; Security offre gratuitement un service de tra\u00e7age et de gestion d\u2019inventaire bas\u00e9 sur le cloud, avec \u00e9galement des fonctionnalit\u00e9s de verrouillage \u00e0 distance&lt;br&gt;  Bo\u00eete de vitesses en m\u00e9tal pour une r\u00e9sistance maximale&lt;br&gt;  4 modes de fonctionnement : per\u00e7age \u00e0 percussion, burinage, rotation et position neutre pour l\u2019orientation du burin&lt;br&gt;  Compatible avec l\u2019unit\u00e9 d\u2019aspiration M18 FPDDEXL&lt;br&gt;  La technologie FUEL\u2122 red\u00e9finit les outils \u00e9lectroportatifs \u00e0 batterie. Le moteur sans charbon, l\u2019\u00e9lectronique REDLINK PLUS\u2122 et la batterie REDLITHIUM\u2122 offrent des performances et une dur\u00e9e de vie sup\u00e9rieures&lt;br&gt; Syst\u00e8me HIGH OUTPUT\u2122, augmente les performances et l\u2019autonomie de la technologie M18 FUEL\u2122 <\/p>\n<p>CODE-BARRES : 4058546361662<\/p>\n<p>Donn\u00e9es techniques<br \/>\n8 &#8211; 24<\/p>\n<p>Livr\u00e9 sans batteries, livr\u00e9 sans chargeur, coffret HeavyDuty, poign\u00e9e lat\u00e9rale, but\u00e9e de profondeur, graisse<\/p>\n","protected":false},"excerpt":{"rendered":"<p>Perforateur-burineur SDS-Plus haute puissance, capable de fournir 5,0 J d\u2019\u00e9nergie de frappe avec un minimum de vibrations (6,9 m\/s\u00b2)&lt;br&gt; Capable<\/p>\n","protected":false},"featured_media":434015,"template":"","meta":{"_seopress_robots_primary_cat":"","_seopress_titles_title":"","_seopress_titles_desc":"","_seopress_robots_index":""},"product_brand":[3407],"product_cat":[29,514],"product_tag":[3270],"class_list":{"0":"post-463568","1":"product","2":"type-product","3":"status-publish","4":"has-post-thumbnail","6":"product_brand-milwaukee","7":"product_cat-macchinari","8":"product_cat-altri-dispositivi","9":"product_tag-import-milwau","10":"sws-gruppo-macchinari-fr","11":"sws-conto-ricavi-merci-rivendita-macchinari-fr","12":"sws-gruppo-iva-iva81-fr","14":"first","15":"onbackorder","16":"sale","17":"purchasable","18":"product-type-simple"},"_links":{"self":[{"href":"https:\/\/lucacastelli.com\/fr\/wp-json\/wp\/v2\/product\/463568","targetHints":{"allow":["GET"]}}],"collection":[{"href":"https:\/\/lucacastelli.com\/fr\/wp-json\/wp\/v2\/product"}],"about":[{"href":"https:\/\/lucacastelli.com\/fr\/wp-json\/wp\/v2\/types\/product"}],"wp:featuredmedia":[{"embeddable":true,"href":"https:\/\/lucacastelli.com\/fr\/wp-json\/wp\/v2\/media\/434015"}],"wp:attachment":[{"href":"https:\/\/lucacastelli.com\/fr\/wp-json\/wp\/v2\/media?parent=463568"}],"wp:term":[{"taxonomy":"product_brand","embeddable":true,"href":"https:\/\/lucacastelli.com\/fr\/wp-json\/wp\/v2\/product_brand?post=463568"},{"taxonomy":"product_cat","embeddable":true,"href":"https:\/\/lucacastelli.com\/fr\/wp-json\/wp\/v2\/product_cat?post=463568"},{"taxonomy":"product_tag","embeddable":true,"href":"https:\/\/lucacastelli.com\/fr\/wp-json\/wp\/v2\/product_tag?post=463568"}],"curies":[{"name":"wp","href":"https:\/\/api.w.org\/{rel}","templated":true}]}}