{"id":463566,"date":"2025-06-11T04:34:25","date_gmt":"2025-06-11T02:34:25","guid":{"rendered":"https:\/\/lucacastelli.com\/prodotto\/perceuse-a-percussion-3\/"},"modified":"2025-07-19T17:33:27","modified_gmt":"2025-07-19T15:33:27","slug":"perceuse-a-percussion-3","status":"publish","type":"product","link":"https:\/\/lucacastelli.com\/fr\/produit\/perceuse-a-percussion-3\/","title":{"rendered":"Marteau MILWAUKEE"},"content":{"rendered":"<p>Perceuse \u00e0 percussion SDS-Plus haute puissance capable de fournir une \u00e9nergie d\u2019impact de 5,0 J avec un minimum de vibrations (6,9 m\/s\u00b2)&lt;Br&gt;  Capable de percer jusqu\u2019\u00e0 10 trous de diam\u00e8tre 18 x 100 mm sur une seule charge de batterie (M18\u2122 HIGH OUTPUT\u2122 5,5 Ah)&lt;Br&gt;  Syst\u00e8me AUTOSTOP\u2122, \u00e9teint l\u2019outil pour prot\u00e9ger l\u2019utilisateur en cas de rotations soudaines&lt;Br&gt;  Le syst\u00e8me de suivi et de s\u00e9curit\u00e9 ONE-KEY\u2122 offre un service de suivi et de gestion des stocks bas\u00e9 sur le cloud gratuitement, tout en ayant des capacit\u00e9s de blocage \u00e0 distance&lt;Br&gt;  Syst\u00e8me FIXTEC\u2122 pour le changement de broche sans cl\u00e9 (SDS-Plus et broche m\u00e9tallique de 13 mm)&lt;Br&gt;  Bo\u00eete de vitesses en m\u00e9tal, pour une r\u00e9sistance maximale&lt;Br&gt;  4 modes de fonctionnement : rotopercussion, burinage, rotation et position neutre pour l\u2019orientation du burin&lt;Br&gt;  Compatible avec l\u2019unit\u00e9 d\u2019aspiration M18 FPDDEXL&lt;Br&gt;  La technologie FUEL\u2122 red\u00e9finit les outils \u00e9lectriques sans fil. Le moteur sans balais, l\u2019\u00e9lectronique REDLINK PLUS\u2122 et la batterie REDLITHIUM\u2122 offrent des performances et une durabilit\u00e9 sup\u00e9rieures&lt;gr\u00e2ce&gt; au syst\u00e8me HIGH OUTPUT\u2122, ce qui augmente les performances et l\u2019autonomie de la technologie M18 FUEL\u2122 <\/p>\n<p>CODE BARRE&nbsp;: 4058546346898<\/p>\n<p>Caract\u00e9ristiques techniques<br \/>\n0 &#8211; 4600<\/p>\n<p>2 x batterie M18 HB5.5, chargeur M12-18 FC, mallette de transport HeavyDuty, poign\u00e9e lat\u00e9rale, tige de profondeur, graisse, mandrin m\u00e9tallique FIXTEC\u2122 13 mm<\/p>\n","protected":false},"excerpt":{"rendered":"<p>Perceuse \u00e0 percussion SDS-Plus haute puissance capable de fournir une \u00e9nergie d\u2019impact de 5,0 J avec un minimum de vibrations<\/p>\n","protected":false},"featured_media":433904,"template":"","meta":{"_seopress_robots_primary_cat":"none","_seopress_titles_title":"","_seopress_titles_desc":"","_seopress_robots_index":""},"product_brand":[3407],"product_cat":[29,514],"product_tag":[3270],"class_list":{"0":"post-463566","1":"product","2":"type-product","3":"status-publish","4":"has-post-thumbnail","6":"product_brand-milwaukee","7":"product_cat-macchinari","8":"product_cat-altri-dispositivi","9":"product_tag-import-milwau","10":"sws-gruppo-macchinari-fr","11":"sws-conto-ricavi-merci-rivendita-macchinari-fr","12":"sws-gruppo-iva-iva81-fr","14":"first","15":"onbackorder","16":"sale","17":"purchasable","18":"product-type-simple"},"_links":{"self":[{"href":"https:\/\/lucacastelli.com\/fr\/wp-json\/wp\/v2\/product\/463566","targetHints":{"allow":["GET"]}}],"collection":[{"href":"https:\/\/lucacastelli.com\/fr\/wp-json\/wp\/v2\/product"}],"about":[{"href":"https:\/\/lucacastelli.com\/fr\/wp-json\/wp\/v2\/types\/product"}],"wp:featuredmedia":[{"embeddable":true,"href":"https:\/\/lucacastelli.com\/fr\/wp-json\/wp\/v2\/media\/433904"}],"wp:attachment":[{"href":"https:\/\/lucacastelli.com\/fr\/wp-json\/wp\/v2\/media?parent=463566"}],"wp:term":[{"taxonomy":"product_brand","embeddable":true,"href":"https:\/\/lucacastelli.com\/fr\/wp-json\/wp\/v2\/product_brand?post=463566"},{"taxonomy":"product_cat","embeddable":true,"href":"https:\/\/lucacastelli.com\/fr\/wp-json\/wp\/v2\/product_cat?post=463566"},{"taxonomy":"product_tag","embeddable":true,"href":"https:\/\/lucacastelli.com\/fr\/wp-json\/wp\/v2\/product_tag?post=463566"}],"curies":[{"name":"wp","href":"https:\/\/api.w.org\/{rel}","templated":true}]}}