{"id":463554,"date":"2025-06-11T04:32:25","date_gmt":"2025-06-11T02:32:25","guid":{"rendered":"https:\/\/lucacastelli.com\/prodotto\/perceuse-a-percussion\/"},"modified":"2025-07-19T17:34:20","modified_gmt":"2025-07-19T15:34:20","slug":"perceuse-a-percussion","status":"publish","type":"product","link":"https:\/\/lucacastelli.com\/fr\/produit\/perceuse-a-percussion\/","title":{"rendered":"Marteau MILWAUKEE"},"content":{"rendered":"<p>Le premier marteau SDS-Max au monde avec batterie 18V : des performances comparables \u00e0 celles d\u2019un outil filaire&lt;Br&gt;  Le moteur brushless POWERSTATE\u2122, construit par MILWAUKEE, \u00ae est capable de garantir des performances de per\u00e7age \u00e9gales \u00e0 celles d\u2019un outil filaire&lt;Br&gt;  Le syst\u00e8me intelligent REDLINK PLUS\u2122 offre une protection num\u00e9rique avanc\u00e9e contre les surcharges pour les outils et les batteries, et am\u00e9liore consid\u00e9rablement les performances de l\u2019outil sous charge&lt;Br&gt;  La batterie REDLITHIUM\u2122, avec une batterie haute performance de 9,0 Ah, garantit non seulement une autonomie jusqu\u2019\u00e0 5 fois plus longue, une puissance jusqu\u2019\u00e0 35&nbsp;% plus \u00e9lev\u00e9e et une dur\u00e9e de vie utile 2 fois plus longue, mais permet \u00e9galement un fonctionnement \u00e0 des temp\u00e9ratures aussi basses que -20 \u00b0 (par rapport aux autres technologies au lithium)&lt;Br&gt;  Bo\u00eete de vitesses en magn\u00e9sium durable pour r\u00e9sister \u00e0 l\u2019utilisation sur le chantier avec des carters d\u2019engrenages d\u00e9di\u00e9s et un refroidissement am\u00e9lior\u00e9&lt;Br&gt;  Fonction Roto-stop et possibilit\u00e9 d\u2019orienter le burin dans 12 positions diff\u00e9rentes en fonction de l\u2019angle de burinage souhait\u00e9&lt;Br&gt;  Construction anti-vibrations (10,6 m\/s\u00b2), pour une utilisation plus confortable&lt;Br&gt;  Embrayage de s\u00e9curit\u00e9 qui prot\u00e8ge \u00e0 la fois l\u2019utilisateur et l\u2019outil en cas de blocage de l\u2019embout&lt;Br&gt;  Fonctionne avec toutes les batteries MILWAUKEE\u00ae M18\u2122<\/p>\n<p>CODE BARRE : 4002395159208<\/p>\n<p>Caract\u00e9ristiques techniques<br \/>\n6.1<\/p>\n<p>Livr\u00e9 sans piles, livr\u00e9 sans chargeur, mallette de transport, poign\u00e9e suppl\u00e9mentaire<\/p>\n","protected":false},"excerpt":{"rendered":"<p>Le premier marteau SDS-Max au monde avec batterie 18V : des performances comparables \u00e0 celles d\u2019un outil filaire&lt;Br&gt; Le moteur<\/p>\n","protected":false},"featured_media":743754,"template":"","meta":{"_seopress_robots_primary_cat":"none","_seopress_titles_title":"","_seopress_titles_desc":"","_seopress_robots_index":""},"product_brand":[3407],"product_cat":[29,514],"product_tag":[6832],"class_list":{"0":"post-463554","1":"product","2":"type-product","3":"status-publish","4":"has-post-thumbnail","6":"product_brand-milwaukee","7":"product_cat-macchinari","8":"product_cat-altri-dispositivi","9":"product_tag-imp-26-mw_new","10":"sws-gruppo-macchinari-fr","11":"sws-conto-ricavi-merci-rivendita-macchinari-fr","12":"sws-gruppo-iva-iva81-fr","14":"first","15":"instock","16":"sale","17":"purchasable","18":"product-type-simple"},"_links":{"self":[{"href":"https:\/\/lucacastelli.com\/fr\/wp-json\/wp\/v2\/product\/463554","targetHints":{"allow":["GET"]}}],"collection":[{"href":"https:\/\/lucacastelli.com\/fr\/wp-json\/wp\/v2\/product"}],"about":[{"href":"https:\/\/lucacastelli.com\/fr\/wp-json\/wp\/v2\/types\/product"}],"wp:featuredmedia":[{"embeddable":true,"href":"https:\/\/lucacastelli.com\/fr\/wp-json\/wp\/v2\/media\/743754"}],"wp:attachment":[{"href":"https:\/\/lucacastelli.com\/fr\/wp-json\/wp\/v2\/media?parent=463554"}],"wp:term":[{"taxonomy":"product_brand","embeddable":true,"href":"https:\/\/lucacastelli.com\/fr\/wp-json\/wp\/v2\/product_brand?post=463554"},{"taxonomy":"product_cat","embeddable":true,"href":"https:\/\/lucacastelli.com\/fr\/wp-json\/wp\/v2\/product_cat?post=463554"},{"taxonomy":"product_tag","embeddable":true,"href":"https:\/\/lucacastelli.com\/fr\/wp-json\/wp\/v2\/product_tag?post=463554"}],"curies":[{"name":"wp","href":"https:\/\/api.w.org\/{rel}","templated":true}]}}