{"id":463553,"date":"2025-06-11T04:30:19","date_gmt":"2025-06-11T02:30:19","guid":{"rendered":"https:\/\/lucacastelli.com\/prodotto\/ensemble-de-machines-2\/"},"modified":"2025-07-19T17:34:12","modified_gmt":"2025-07-19T15:34:12","slug":"ensemble-de-machines-2","status":"publish","type":"product","link":"https:\/\/lucacastelli.com\/fr\/produit\/ensemble-de-machines-2\/","title":{"rendered":"Ensemble de machines MILWAUKEE"},"content":{"rendered":"<p>Les batteries MX FUEL\u2122 REDLITHIUM\u2122 utilisent les performances les plus \u00e9lev\u00e9es et la technologie lithium-ion de la plus haute qualit\u00e9&lt;Br&gt;  La batterie extr\u00eamement compacte et facile \u00e0 transporter fournit la m\u00eame puissance que l\u2019alimentation filaire, ce qui permet des applications dans des environnements difficiles d\u2019acc\u00e8s avec des g\u00e9n\u00e9rateurs ou loin des sources \u00e9lectriques&lt;Br&gt;  Les batteries MX FUEL\u2122 REDLITHIUM\u2122 sont con\u00e7ues avec une conception unique et brevet\u00e9e qui les prot\u00e8ge des chutes accidentelles, des vibrations, de l\u2019eau et des temp\u00e9ratures extr\u00eames&lt;Br&gt;  Fonctionne jusqu\u2019\u00e0 des temp\u00e9ratures de -28,0 \u00b0C&lt;Br&gt;  Communication constante entre l\u2019outil et la batterie pour fournir le maximum d\u2019\u00e9nergie n\u00e9cessaire \u00e0 l\u2019application, \u00e9vitant ainsi les contraintes potentiellement dommageables pour l\u2019\u00e9quipement&lt;Br&gt;  Convient pour une utilisation dans des environnements \u00e9troits ou avec un espace limit\u00e9&lt;Br&gt;  Une nouvelle perspective, au-del\u00e0 de l\u2019\u00e9quipement classique \u00e0 fil ou \u00e0 essence<\/p>\n<p>CODE BARRE : 4058546369552<\/p>\n<p>Caract\u00e9ristiques techniques<br \/>\nAucun sac ni box fourni<\/p>\n","protected":false},"excerpt":{"rendered":"<p>Les batteries MX FUEL\u2122 REDLITHIUM\u2122 utilisent les performances les plus \u00e9lev\u00e9es et la technologie lithium-ion de la plus haute qualit\u00e9&lt;Br&gt;<\/p>\n","protected":false},"featured_media":433779,"template":"","meta":{"_seopress_robots_primary_cat":"none","_seopress_titles_title":"","_seopress_titles_desc":"","_seopress_robots_index":""},"product_brand":[3407],"product_cat":[29,491],"product_tag":[3270],"class_list":{"0":"post-463553","1":"product","2":"type-product","3":"status-publish","4":"has-post-thumbnail","6":"product_brand-milwaukee","7":"product_cat-macchinari","8":"product_cat-accessori-sistemi-a-batteria","9":"product_tag-import-milwau","10":"sws-gruppo-macchinari-fr","11":"sws-conto-ricavi-merci-rivendita-macchinari-fr","12":"sws-gruppo-iva-iva81-fr","14":"first","15":"onbackorder","16":"sale","17":"purchasable","18":"product-type-simple"},"_links":{"self":[{"href":"https:\/\/lucacastelli.com\/fr\/wp-json\/wp\/v2\/product\/463553","targetHints":{"allow":["GET"]}}],"collection":[{"href":"https:\/\/lucacastelli.com\/fr\/wp-json\/wp\/v2\/product"}],"about":[{"href":"https:\/\/lucacastelli.com\/fr\/wp-json\/wp\/v2\/types\/product"}],"wp:featuredmedia":[{"embeddable":true,"href":"https:\/\/lucacastelli.com\/fr\/wp-json\/wp\/v2\/media\/433779"}],"wp:attachment":[{"href":"https:\/\/lucacastelli.com\/fr\/wp-json\/wp\/v2\/media?parent=463553"}],"wp:term":[{"taxonomy":"product_brand","embeddable":true,"href":"https:\/\/lucacastelli.com\/fr\/wp-json\/wp\/v2\/product_brand?post=463553"},{"taxonomy":"product_cat","embeddable":true,"href":"https:\/\/lucacastelli.com\/fr\/wp-json\/wp\/v2\/product_cat?post=463553"},{"taxonomy":"product_tag","embeddable":true,"href":"https:\/\/lucacastelli.com\/fr\/wp-json\/wp\/v2\/product_tag?post=463553"}],"curies":[{"name":"wp","href":"https:\/\/api.w.org\/{rel}","templated":true}]}}