{"id":463546,"date":"2025-06-11T04:29:50","date_gmt":"2025-06-11T02:29:50","guid":{"rendered":"https:\/\/lucacastelli.com\/prodotto\/pile\/"},"modified":"2026-04-17T10:19:36","modified_gmt":"2026-04-17T08:19:36","slug":"pile","status":"publish","type":"product","link":"https:\/\/lucacastelli.com\/fr\/produit\/pile\/","title":{"rendered":"MILWAUKEE Batterie"},"content":{"rendered":"<p>Les batteries MX FUEL\u2122 REDLITHIUM\u2122 exploitent la technologie lithium-ion la plus performante et de qualit\u00e9 maximale&lt;br&gt; Le pack batterie extr\u00eamement compact et facile \u00e0 transporter fournit la m\u00eame puissance que l&#8217;alimentation filaire, permettant des applications dans des environnements difficiles d&#8217;acc\u00e8s avec des g\u00e9n\u00e9rateurs ou \u00e9loign\u00e9s de sources \u00e9lectriques&lt;br&gt; Les batteries MX FUEL\u2122 REDLITHIUM\u2122 sont con\u00e7ues avec un design unique et brevet\u00e9 qui les prot\u00e8ge contre les chutes accidentelles, les vibrations, l&#8217;eau et les temp\u00e9ratures extr\u00eames&lt;br&gt; Fonctionne jusqu&#8217;\u00e0 des temp\u00e9ratures de -28,0 \u00b0C&lt;br&gt; Communication constante entre l&#8217;outil et la batterie pour fournir l&#8217;\u00e9nergie maximale n\u00e9cessaire \u00e0 l&#8217;application, \u00e9vitant les contraintes potentiellement dommageables pour l&#8217;\u00e9quipement&lt;br&gt; Adapt\u00e9 \u00e0 l&#8217;utilisation dans des environnements \u00e9troits ou avec un espace d&#8217;action r\u00e9duit&lt;br&gt; Nouvelle perspective, au-del\u00e0 de l&#8217;\u00e9quipement classique filaire ou \u00e0 essence<\/p>\n<p>CODE-BARRES : 4058546297374<\/p>\n<p>Donn\u00e9es techniques<br \/>\nAucun sac ni box fourni<\/p>\n","protected":false},"excerpt":{"rendered":"<p>Les batteries MX FUEL\u2122 REDLITHIUM\u2122 exploitent la technologie lithium-ion la plus performante et de qualit\u00e9 maximale&lt;br&gt; Le pack batterie extr\u00eamement<\/p>\n","protected":false},"featured_media":433779,"template":"","meta":{"_seopress_robots_primary_cat":"none","_seopress_titles_title":"","_seopress_titles_desc":"","_seopress_robots_index":""},"product_brand":[3407],"product_cat":[29,491],"product_tag":[3270],"class_list":{"0":"post-463546","1":"product","2":"type-product","3":"status-publish","4":"has-post-thumbnail","6":"product_brand-milwaukee","7":"product_cat-macchinari","8":"product_cat-accessori-sistemi-a-batteria","9":"product_tag-import-milwau","10":"sws-gruppo-macchinari-fr","11":"sws-conto-ricavi-merci-rivendita-macchinari-fr","12":"sws-gruppo-iva-iva81-fr","14":"first","15":"onbackorder","16":"sale","17":"purchasable","18":"product-type-simple"},"_links":{"self":[{"href":"https:\/\/lucacastelli.com\/fr\/wp-json\/wp\/v2\/product\/463546","targetHints":{"allow":["GET"]}}],"collection":[{"href":"https:\/\/lucacastelli.com\/fr\/wp-json\/wp\/v2\/product"}],"about":[{"href":"https:\/\/lucacastelli.com\/fr\/wp-json\/wp\/v2\/types\/product"}],"wp:featuredmedia":[{"embeddable":true,"href":"https:\/\/lucacastelli.com\/fr\/wp-json\/wp\/v2\/media\/433779"}],"wp:attachment":[{"href":"https:\/\/lucacastelli.com\/fr\/wp-json\/wp\/v2\/media?parent=463546"}],"wp:term":[{"taxonomy":"product_brand","embeddable":true,"href":"https:\/\/lucacastelli.com\/fr\/wp-json\/wp\/v2\/product_brand?post=463546"},{"taxonomy":"product_cat","embeddable":true,"href":"https:\/\/lucacastelli.com\/fr\/wp-json\/wp\/v2\/product_cat?post=463546"},{"taxonomy":"product_tag","embeddable":true,"href":"https:\/\/lucacastelli.com\/fr\/wp-json\/wp\/v2\/product_tag?post=463546"}],"curies":[{"name":"wp","href":"https:\/\/api.w.org\/{rel}","templated":true}]}}