{"id":463544,"date":"2025-06-11T04:28:13","date_gmt":"2025-06-11T02:28:13","guid":{"rendered":"https:\/\/lucacastelli.com\/prodotto\/carotteuse-seche-humide\/"},"modified":"2025-07-19T17:36:47","modified_gmt":"2025-07-19T15:36:47","slug":"carotteuse-seche-humide","status":"publish","type":"product","link":"https:\/\/lucacastelli.com\/fr\/produit\/carotteuse-seche-humide\/","title":{"rendered":"MILWAUKEE Carotteuse \u00e0 sec et humide"},"content":{"rendered":"<p>Il perce \u00e0 sec et humide avec une extr\u00eame facilit\u00e9, obtenant les m\u00eames performances que le fil, jusqu\u2019\u00e0 un diam\u00e8tre de 152 mm, gr\u00e2ce \u00e0 la puissance \u00e9lev\u00e9e d\u00e9livr\u00e9e par le moteur de la batterie&lt;Br&gt;  Choisissez parmi 2 vitesses pour couvrir une large gamme d\u2019applications&lt;Br&gt;  Vitesse 1 : 1600 tr\/min pour des trous jusqu\u2019\u00e0 75 mm de diam\u00e8tre, humides et secs&lt;Br&gt;  Vitesse 2 : 800 tr\/min pour des trous de 76 mm \u00e0 152 mm de diam\u00e8tre, humides et secs&lt;Br&gt;  Syst\u00e8me brevet\u00e9 AUTOSTOP\u2122 pour assurer la protection de l\u2019utilisateur, en emp\u00eachant la rotation accidentelle de l\u2019outil en cas de perte de contr\u00f4le ou de verrouillage de la couronne&lt;Br&gt;  Le niveau \u00e0 bulle int\u00e9gr\u00e9 guide l\u2019utilisateur lors de l\u2019application horizontale, lui permettant d\u2019obtenir un r\u00e9sultat pr\u00e9cis et propre&lt;Br&gt;  L\u2019indicateur de pression permet \u00e0 l\u2019utilisateur d\u2019optimiser la vitesse de per\u00e7age et de ne pas surcharger l\u2019outil&lt;Br&gt;  L\u2019indicateur d\u2019\u00e9tat de charge de la batterie permet \u00e0 l\u2019utilisateur de surveiller l\u2019\u00e9nergie restante lors de chaque application&lt;Br&gt;  Forage humide possible gr\u00e2ce \u00e0 la compatibilit\u00e9 avec la pompe de pulv\u00e9risation automatique \u00e0 pr\u00e9-compression M18\u2122 SWITCH TANK\u2122&lt;Br&gt;  Liaisons douani\u00e8res 1 1\/4 UNC ou 1\/2 G compatibles avec les plateaux les plus courants du march\u00e9, conception de la plaque pour un changement d\u2019accessoire rapide et facile&lt;Br&gt;  MXF DR150 Colonne de carottage \u00e0 collier de 60 mm disponible s\u00e9par\u00e9ment (4933464889)&lt;Br&gt;  Le syst\u00e8me MX FUEL\u2122 vous permet d\u2019atteindre de nouveaux horizons sur batterie : performances des solutions essence, fil ou pneumatiques, \u00e9liminant les dangers li\u00e9s aux \u00e9missions, au bruit, aux vibrations, aux tr\u00e9buchements et aux maintenances complexes&lt;Br&gt;  Le syst\u00e8me de suivi et de s\u00e9curit\u00e9 ONE-KEY\u2122 offre un service de suivi et de gestion des stocks bas\u00e9 sur le cloud gratuitement, tout en ayant des capacit\u00e9s de blocage \u00e0 distance<\/p>\n<p>CODE BARRE : 4058546228323<\/p>\n<p>Caract\u00e9ristiques techniques<br \/>\n3.0<\/p>\n<p>2 x batterie MXF CP203, chargeur MXF C, mallette de transport, interrupteur avec serrure, poign\u00e9e lat\u00e9rale<\/p>\n","protected":false},"excerpt":{"rendered":"<p>Il perce \u00e0 sec et humide avec une extr\u00eame facilit\u00e9, obtenant les m\u00eames performances que le fil, jusqu\u2019\u00e0 un diam\u00e8tre<\/p>\n","protected":false},"featured_media":433458,"template":"","meta":{"_seopress_robots_primary_cat":"none","_seopress_titles_title":"","_seopress_titles_desc":"","_seopress_robots_index":""},"product_brand":[3407],"product_cat":[29,514],"product_tag":[3270],"class_list":{"0":"post-463544","1":"product","2":"type-product","3":"status-publish","4":"has-post-thumbnail","6":"product_brand-milwaukee","7":"product_cat-macchinari","8":"product_cat-altri-dispositivi","9":"product_tag-import-milwau","10":"sws-gruppo-macchinari-fr","11":"sws-conto-ricavi-merci-rivendita-macchinari-fr","12":"sws-gruppo-iva-iva81-fr","14":"first","15":"onbackorder","16":"sale","17":"purchasable","18":"product-type-simple"},"_links":{"self":[{"href":"https:\/\/lucacastelli.com\/fr\/wp-json\/wp\/v2\/product\/463544","targetHints":{"allow":["GET"]}}],"collection":[{"href":"https:\/\/lucacastelli.com\/fr\/wp-json\/wp\/v2\/product"}],"about":[{"href":"https:\/\/lucacastelli.com\/fr\/wp-json\/wp\/v2\/types\/product"}],"wp:featuredmedia":[{"embeddable":true,"href":"https:\/\/lucacastelli.com\/fr\/wp-json\/wp\/v2\/media\/433458"}],"wp:attachment":[{"href":"https:\/\/lucacastelli.com\/fr\/wp-json\/wp\/v2\/media?parent=463544"}],"wp:term":[{"taxonomy":"product_brand","embeddable":true,"href":"https:\/\/lucacastelli.com\/fr\/wp-json\/wp\/v2\/product_brand?post=463544"},{"taxonomy":"product_cat","embeddable":true,"href":"https:\/\/lucacastelli.com\/fr\/wp-json\/wp\/v2\/product_cat?post=463544"},{"taxonomy":"product_tag","embeddable":true,"href":"https:\/\/lucacastelli.com\/fr\/wp-json\/wp\/v2\/product_tag?post=463544"}],"curies":[{"name":"wp","href":"https:\/\/api.w.org\/{rel}","templated":true}]}}