{"id":463539,"date":"2025-06-11T04:27:21","date_gmt":"2025-06-11T02:27:21","guid":{"rendered":"https:\/\/lucacastelli.com\/prodotto\/marteau-de-demolition\/"},"modified":"2025-07-19T17:33:53","modified_gmt":"2025-07-19T15:33:53","slug":"marteau-de-demolition","status":"publish","type":"product","link":"https:\/\/lucacastelli.com\/fr\/produit\/marteau-de-demolition\/","title":{"rendered":"MILWAUKEE Marteau de d\u00e9molition"},"content":{"rendered":"<p>Le premier marteau de d\u00e9molition sans fil \u00e0 entra\u00eenement hexagonal de 28 mm offre les m\u00eames performances que les outils filaires, mixtes ou \u00e0 air comprim\u00e9&lt;Br&gt;  Fournit 64 J d\u2019\u00e9nergie de feuillure pour les applications les plus difficiles&lt;Br&gt;  La technologie anti-vibration permet \u00e0 l\u2019utilisateur de travailler toute la journ\u00e9e sans \u00eatre expos\u00e9 \u00e0 des niveaux de vibration et de bruit dangereux&lt;Br&gt;  Les vibrations minimales (5,17 m\/s\u00b2) permettent une utilisation prolong\u00e9e de plus de 7 heures&lt;Br&gt;  D\u00e9molit extr\u00eamement rapidement gr\u00e2ce \u00e0 1300 BPM, assurant une productivit\u00e9 maximale dans toutes les applications&lt;Br&gt;  D\u00e9molissez jusqu\u2019\u00e0 2 tonnes de b\u00e9ton ou cr\u00e9ez une piste de 12 m (20 cm de profondeur et 30 cm de largeur) avec une batterie MXF XC406&lt;Br&gt;  La dur\u00e9e de vie de l\u2019outil est comparable \u00e0 celle d\u2019outils \u00e0 cordon similaires, l\u2019indicateur d\u2019entretien alerte l\u2019utilisateur si du lubrifiant doit \u00eatre ajout\u00e9 apr\u00e8s 40 heures&lt;Br&gt;  Le syst\u00e8me MX FUEL\u2122 vous permet d\u2019atteindre de nouveaux horizons sur batterie : performances des solutions essence, fil ou pneumatiques, \u00e9liminant les dangers li\u00e9s aux \u00e9missions, au bruit, aux vibrations, aux tr\u00e9buchements et aux maintenances complexes&lt;Br&gt;  Le syst\u00e8me de suivi et de s\u00e9curit\u00e9 ONE-KEY\u2122 offre un service de suivi et de gestion des stocks bas\u00e9 sur le cloud gratuitement, tout en ayant des capacit\u00e9s de blocage \u00e0 distance&lt;Br&gt;  Chariot de transport MXF DHT disponible s\u00e9par\u00e9ment : \u00e9quip\u00e9 de 4 compartiments pour le rangement des burins, 1 compartiment pour le chargeur et la batterie de rechange, sangles pour s\u00e9curiser le marteau de d\u00e9molition pendant le transport&lt;Br&gt;  Livr\u00e9 avec 1 x ciseau \u00e0 bois pointu 28 mm hexagonal (4932459774), 1 x ciseau \u00e0 pointe plate 28 mm diam\u00e8tre hexagonal 35 mm (4932459775)<\/p>\n<p>CODE BARRE : 4058546228224<\/p>\n<p>Caract\u00e9ristiques techniques<br \/>\n6.0<\/p>\n<p>Ciseau \u00e0 1 point hexagonal de 28 mm (4932459774), 1 ciseau plat de 28 mm hexagonal de 35 mm (4932459775)<\/p>\n","protected":false},"excerpt":{"rendered":"<p>Le premier marteau de d\u00e9molition sans fil \u00e0 entra\u00eenement hexagonal de 28 mm offre les m\u00eames performances que les outils<\/p>\n","protected":false},"featured_media":433347,"template":"","meta":{"_seopress_robots_primary_cat":"none","_seopress_titles_title":"","_seopress_titles_desc":"","_seopress_robots_index":""},"product_brand":[3407],"product_cat":[29,514],"product_tag":[3270],"class_list":{"0":"post-463539","1":"product","2":"type-product","3":"status-publish","4":"has-post-thumbnail","6":"product_brand-milwaukee","7":"product_cat-macchinari","8":"product_cat-altri-dispositivi","9":"product_tag-import-milwau","10":"sws-gruppo-macchinari-fr","11":"sws-conto-ricavi-merci-rivendita-macchinari-fr","12":"sws-gruppo-iva-iva81-fr","14":"first","15":"onbackorder","16":"sale","17":"purchasable","18":"product-type-simple"},"_links":{"self":[{"href":"https:\/\/lucacastelli.com\/fr\/wp-json\/wp\/v2\/product\/463539","targetHints":{"allow":["GET"]}}],"collection":[{"href":"https:\/\/lucacastelli.com\/fr\/wp-json\/wp\/v2\/product"}],"about":[{"href":"https:\/\/lucacastelli.com\/fr\/wp-json\/wp\/v2\/types\/product"}],"wp:featuredmedia":[{"embeddable":true,"href":"https:\/\/lucacastelli.com\/fr\/wp-json\/wp\/v2\/media\/433347"}],"wp:attachment":[{"href":"https:\/\/lucacastelli.com\/fr\/wp-json\/wp\/v2\/media?parent=463539"}],"wp:term":[{"taxonomy":"product_brand","embeddable":true,"href":"https:\/\/lucacastelli.com\/fr\/wp-json\/wp\/v2\/product_brand?post=463539"},{"taxonomy":"product_cat","embeddable":true,"href":"https:\/\/lucacastelli.com\/fr\/wp-json\/wp\/v2\/product_cat?post=463539"},{"taxonomy":"product_tag","embeddable":true,"href":"https:\/\/lucacastelli.com\/fr\/wp-json\/wp\/v2\/product_tag?post=463539"}],"curies":[{"name":"wp","href":"https:\/\/api.w.org\/{rel}","templated":true}]}}