{"id":463530,"date":"2025-06-11T04:23:50","date_gmt":"2025-06-11T02:23:50","guid":{"rendered":"https:\/\/lucacastelli.com\/prodotto\/tube-vibrant-a-beton\/"},"modified":"2025-07-19T17:36:29","modified_gmt":"2025-07-19T15:36:29","slug":"tube-vibrant-a-beton","status":"publish","type":"product","link":"https:\/\/lucacastelli.com\/fr\/produit\/tube-vibrant-a-beton\/","title":{"rendered":"MILWAUKEE Tube Vibrateur B\u00e9ton"},"content":{"rendered":"<p>Tuyau 3 m pour vibrateur<\/p>\n<p>\u00e0 b\u00e9ton CODE-BARRES&nbsp;: 4058546374068<\/p>\n<p>Caract\u00e9ristiques techniques<\/p>\n","protected":false},"excerpt":{"rendered":"<p>Tuyau 3 m pour vibrateur \u00e0 b\u00e9ton CODE-BARRES&nbsp;: 4058546374068 Caract\u00e9ristiques techniques<\/p>\n","protected":false},"featured_media":433332,"template":"","meta":{"_seopress_robots_primary_cat":"","_seopress_titles_title":"","_seopress_titles_desc":"","_seopress_robots_index":""},"product_brand":[3658],"product_cat":[167,1453,1564],"product_tag":[3273],"class_list":{"0":"post-463530","1":"product","2":"type-product","3":"status-publish","4":"has-post-thumbnail","6":"product_brand-milwaukee-fr","7":"product_cat-machines","8":"product_cat-autres-appareils","9":"product_cat-vibrateurs-a-beton","10":"product_tag-import-milwau-fr","11":"sws-gruppo-macchinari-fr","12":"sws-conto-ricavi-merci-rivendita-macchinari-fr","13":"sws-gruppo-iva-iva81-fr","15":"first","16":"onbackorder","17":"sale","18":"purchasable","19":"product-type-simple"},"_links":{"self":[{"href":"https:\/\/lucacastelli.com\/fr\/wp-json\/wp\/v2\/product\/463530","targetHints":{"allow":["GET"]}}],"collection":[{"href":"https:\/\/lucacastelli.com\/fr\/wp-json\/wp\/v2\/product"}],"about":[{"href":"https:\/\/lucacastelli.com\/fr\/wp-json\/wp\/v2\/types\/product"}],"wp:featuredmedia":[{"embeddable":true,"href":"https:\/\/lucacastelli.com\/fr\/wp-json\/wp\/v2\/media\/433332"}],"wp:attachment":[{"href":"https:\/\/lucacastelli.com\/fr\/wp-json\/wp\/v2\/media?parent=463530"}],"wp:term":[{"taxonomy":"product_brand","embeddable":true,"href":"https:\/\/lucacastelli.com\/fr\/wp-json\/wp\/v2\/product_brand?post=463530"},{"taxonomy":"product_cat","embeddable":true,"href":"https:\/\/lucacastelli.com\/fr\/wp-json\/wp\/v2\/product_cat?post=463530"},{"taxonomy":"product_tag","embeddable":true,"href":"https:\/\/lucacastelli.com\/fr\/wp-json\/wp\/v2\/product_tag?post=463530"}],"curies":[{"name":"wp","href":"https:\/\/api.w.org\/{rel}","templated":true}]}}