{"id":463529,"date":"2025-06-11T04:21:22","date_gmt":"2025-06-11T02:21:22","guid":{"rendered":"https:\/\/lucacastelli.com\/prodotto\/tete-vibrante-a-beton-3\/"},"modified":"2026-04-17T10:26:03","modified_gmt":"2026-04-17T08:26:03","slug":"tete-vibrante-a-beton-3","status":"publish","type":"product","link":"https:\/\/lucacastelli.com\/fr\/produit\/tete-vibrante-a-beton-3\/","title":{"rendered":"MILWAUKEE T\u00eate de vibrateur \u00e0 b\u00e9ton"},"content":{"rendered":"<p>T\u00eate 50 mm pour vibrateur \u00e0 b\u00e9ton<\/p>\n<p>CODE-BARRES : 4058546348069<\/p>\n<p>Donn\u00e9es techniques<\/p>\n","protected":false},"excerpt":{"rendered":"<p>T\u00eate 50 mm pour vibrateur \u00e0 b\u00e9ton CODE-BARRES : 4058546348069 Donn\u00e9es techniques<\/p>\n","protected":false},"featured_media":433317,"template":"","meta":{"_seopress_robots_primary_cat":"","_seopress_titles_title":"","_seopress_titles_desc":"","_seopress_robots_index":""},"product_brand":[3407],"product_cat":[29,514,560],"product_tag":[3270],"class_list":{"0":"post-463529","1":"product","2":"type-product","3":"status-publish","4":"has-post-thumbnail","6":"product_brand-milwaukee","7":"product_cat-macchinari","8":"product_cat-altri-dispositivi","9":"product_cat-vibratore-per-calcestruzzo","10":"product_tag-import-milwau","11":"sws-gruppo-macchinari-fr","12":"sws-conto-ricavi-merci-rivendita-macchinari-fr","13":"sws-gruppo-iva-iva81-fr","15":"first","16":"onbackorder","17":"sale","18":"purchasable","19":"product-type-simple"},"_links":{"self":[{"href":"https:\/\/lucacastelli.com\/fr\/wp-json\/wp\/v2\/product\/463529","targetHints":{"allow":["GET"]}}],"collection":[{"href":"https:\/\/lucacastelli.com\/fr\/wp-json\/wp\/v2\/product"}],"about":[{"href":"https:\/\/lucacastelli.com\/fr\/wp-json\/wp\/v2\/types\/product"}],"wp:featuredmedia":[{"embeddable":true,"href":"https:\/\/lucacastelli.com\/fr\/wp-json\/wp\/v2\/media\/433317"}],"wp:attachment":[{"href":"https:\/\/lucacastelli.com\/fr\/wp-json\/wp\/v2\/media?parent=463529"}],"wp:term":[{"taxonomy":"product_brand","embeddable":true,"href":"https:\/\/lucacastelli.com\/fr\/wp-json\/wp\/v2\/product_brand?post=463529"},{"taxonomy":"product_cat","embeddable":true,"href":"https:\/\/lucacastelli.com\/fr\/wp-json\/wp\/v2\/product_cat?post=463529"},{"taxonomy":"product_tag","embeddable":true,"href":"https:\/\/lucacastelli.com\/fr\/wp-json\/wp\/v2\/product_tag?post=463529"}],"curies":[{"name":"wp","href":"https:\/\/api.w.org\/{rel}","templated":true}]}}