{"id":463521,"date":"2025-06-11T04:18:46","date_gmt":"2025-06-11T02:18:46","guid":{"rendered":"https:\/\/lucacastelli.com\/prodotto\/vibreur-a-beton-5\/"},"modified":"2026-04-17T10:28:10","modified_gmt":"2026-04-17T08:28:10","slug":"vibreur-a-beton-5","status":"publish","type":"product","link":"https:\/\/lucacastelli.com\/fr\/produit\/vibreur-a-beton-5\/","title":{"rendered":"MILWAUKEE Vibrateur \u00e0 b\u00e9ton"},"content":{"rendered":"<p>Design compact et ergonomique : id\u00e9al pour les applications stationnaires et en mouvement&lt;br&gt; Bandouli\u00e8re et poign\u00e9e pour une flexibilit\u00e9 maximale d&#8217;utilisation et de transport&lt;br&gt; \u00c9quip\u00e9 d&#8217;un anneau pour pouvoir \u00eatre accroch\u00e9 \u00e0 des \u00e9chafaudages ou des coffrages&lt;br&gt; Le vibrateur \u00e0 b\u00e9ton en mallette MX FUEL\u2122 est la solution id\u00e9ale pour travailler avec des murs et des colonnes, garantissant les performances des outils filaires, sans avoir de c\u00e2bles au sol et sans n\u00e9cessiter de prise de courant sur le lieu de travail&lt;br&gt; Puissant : accepte des t\u00eates jusqu&#8217;\u00e0 63 mm et atteint plus de 11 200 vibrations par minute, pour une consolidation optimale m\u00eame dans le b\u00e9ton le plus rigide&lt;br&gt; Le bouton de d\u00e9marrage fournit une puissance instantan\u00e9e : \u00e9limine le d\u00e9marrage par traction et r\u00e9duit les temps morts, permettant de terminer le travail sans sacrifier la puissance et l&#8217;autonomie dont vous avez besoin&lt;br&gt; Compatible avec des tubes jusqu&#8217;\u00e0 6,4 m et des t\u00eates jusqu&#8217;\u00e0 63 mm&lt;br&gt; Consolide jusqu&#8217;\u00e0 40 m\u00b3 de b\u00e9ton avec 2 batteries MXF de 6,0 Ah (MXF XC406 avec tube de 4 m et t\u00eate de 38 mm)&lt;br&gt; Inclut une t\u00e9l\u00e9commande pour contr\u00f4le \u00e0 distance jusqu&#8217;\u00e0 9 m, pour un confort maximal&lt;br&gt; T\u00eates et tubes disponibles s\u00e9par\u00e9ment (t\u00eate de 38 mm et tube de 4 m inclus dans la version kit)&lt;br&gt; Le syst\u00e8me MX FUEL\u2122 permet d&#8217;atteindre de nouveaux horizons sur batterie : performances des solutions \u00e0 essence, filaires ou pneumatiques, en \u00e9liminant les dangers associ\u00e9s aux \u00e9missions, au bruit, aux vibrations, aux tr\u00e9buchements ainsi qu&#8217;\u00e0 la maintenance complexe&lt;br&gt; Le syst\u00e8me ONE-KEY\u2122 Tracking &amp; Security offre gratuitement un service de tra\u00e7age et de gestion d&#8217;inventaire bas\u00e9 sur le cloud, disposant \u00e9galement de fonctionnalit\u00e9s de verrouillage \u00e0 distance<\/p>\n<p>CODE-BARRES : 4058546374020<\/p>\n<p>Donn\u00e9es techniques<br \/>\n6,0<\/p>\n<p>2 x MXF XC406 blocs-batteries, chargeur MXF C, fourni sans coffret ou sac, t\u00e9l\u00e9commande pour contr\u00f4le \u00e0 distance<\/p>\n","protected":false},"excerpt":{"rendered":"<p>Design compact et ergonomique : id\u00e9al pour les applications stationnaires et en mouvement&lt;br&gt; Bandouli\u00e8re et poign\u00e9e pour une flexibilit\u00e9 maximale<\/p>\n","protected":false},"featured_media":433241,"template":"","meta":{"_seopress_robots_primary_cat":"","_seopress_titles_title":"","_seopress_titles_desc":"","_seopress_robots_index":""},"product_brand":[3407],"product_cat":[29,514,560],"product_tag":[3270],"class_list":{"0":"post-463521","1":"product","2":"type-product","3":"status-publish","4":"has-post-thumbnail","6":"product_brand-milwaukee","7":"product_cat-macchinari","8":"product_cat-altri-dispositivi","9":"product_cat-vibratore-per-calcestruzzo","10":"product_tag-import-milwau","11":"sws-gruppo-macchinari-fr","12":"sws-conto-ricavi-merci-rivendita-macchinari-fr","13":"sws-gruppo-iva-iva81-fr","15":"first","16":"onbackorder","17":"sale","18":"purchasable","19":"product-type-simple"},"_links":{"self":[{"href":"https:\/\/lucacastelli.com\/fr\/wp-json\/wp\/v2\/product\/463521","targetHints":{"allow":["GET"]}}],"collection":[{"href":"https:\/\/lucacastelli.com\/fr\/wp-json\/wp\/v2\/product"}],"about":[{"href":"https:\/\/lucacastelli.com\/fr\/wp-json\/wp\/v2\/types\/product"}],"wp:featuredmedia":[{"embeddable":true,"href":"https:\/\/lucacastelli.com\/fr\/wp-json\/wp\/v2\/media\/433241"}],"wp:attachment":[{"href":"https:\/\/lucacastelli.com\/fr\/wp-json\/wp\/v2\/media?parent=463521"}],"wp:term":[{"taxonomy":"product_brand","embeddable":true,"href":"https:\/\/lucacastelli.com\/fr\/wp-json\/wp\/v2\/product_brand?post=463521"},{"taxonomy":"product_cat","embeddable":true,"href":"https:\/\/lucacastelli.com\/fr\/wp-json\/wp\/v2\/product_cat?post=463521"},{"taxonomy":"product_tag","embeddable":true,"href":"https:\/\/lucacastelli.com\/fr\/wp-json\/wp\/v2\/product_tag?post=463521"}],"curies":[{"name":"wp","href":"https:\/\/api.w.org\/{rel}","templated":true}]}}