{"id":463516,"date":"2025-06-11T04:19:23","date_gmt":"2025-06-11T02:19:23","guid":{"rendered":"https:\/\/lucacastelli.com\/prodotto\/vibreur-a-beton-4\/"},"modified":"2026-04-17T10:23:49","modified_gmt":"2026-04-17T08:23:49","slug":"vibreur-a-beton-4","status":"publish","type":"product","link":"https:\/\/lucacastelli.com\/fr\/produit\/vibreur-a-beton-4\/","title":{"rendered":"Vibrateur \u00e0 b\u00e9ton MILWAUKEE"},"content":{"rendered":"<p>Design compact et ergonomique : id\u00e9al pour les applications stationnaires et mobiles&lt;br&gt; Bandouli\u00e8re et poign\u00e9e pour une flexibilit\u00e9 maximale d\u2019utilisation et de transport&lt;br&gt; \u00c9quip\u00e9 d\u2019un anneau pour \u00eatre accroch\u00e9 aux \u00e9chafaudages ou aux coffrages&lt;br&gt; Le vibrateur \u00e0 b\u00e9ton \u00e0 dos MX FUEL\u2122 est la solution id\u00e9ale pour les murs et les colonnes, offrant les performances des outils filaires sans c\u00e2bles au sol ni besoin de prise de courant&lt;br&gt; Puissant : accepte des t\u00eates jusqu\u2019\u00e0 63 mm et atteint plus de 11 200 vibrations par minute pour un compactage optimal, m\u00eame dans le b\u00e9ton le plus rigide&lt;br&gt; Le bouton d\u2019allumage fournit une puissance instantan\u00e9e : il \u00e9limine le d\u00e9marrage par traction et r\u00e9duit les temps morts, permettant de terminer le travail sans sacrifier la puissance et l\u2019autonomie n\u00e9cessaires&lt;br&gt; Compatible avec des flexibles jusqu\u2019\u00e0 6.4 m et des t\u00eates jusqu\u2019\u00e0 63 mm&lt;br&gt; Compacte jusqu\u2019\u00e0 40 m\u00b3 de b\u00e9ton avec 2 batteries MXF de 6.0 Ah (MXF XC406 avec flexible de 4 m et t\u00eate de 38 mm)&lt;br&gt; Comprend une t\u00e9l\u00e9commande pour un contr\u00f4le \u00e0 distance jusqu\u2019\u00e0 9 m, pour un confort maximal&lt;br&gt; T\u00eates et flexibles disponibles s\u00e9par\u00e9ment (t\u00eate de 38 mm et flexible de 4 m inclus dans la version kit)&lt;br&gt; Le syst\u00e8me MX FUEL\u2122 permet d\u2019atteindre de nouveaux horizons sur batterie : performances des solutions \u00e0 essence, filaires ou pneumatiques, tout en \u00e9liminant les dangers li\u00e9s aux \u00e9missions, au bruit, aux vibrations, aux tr\u00e9buchements et \u00e0 la maintenance complexe&lt;br&gt; Le syst\u00e8me ONE-KEY\u2122 Tracking &amp; Security offre gratuitement un service de tra\u00e7age et de gestion d&#8217;inventaire bas\u00e9 sur le cloud, disposant \u00e9galement de fonctionnalit\u00e9s de verrouillage \u00e0 distance<\/p>\n<p>CODE-BARRES : 4058546374044<\/p>\n<p>Donn\u00e9es techniques<br \/>\n6.0<\/p>\n<p>2 x batteries MXF XC406, chargeur MXF C, fourni sans kitbox ni sac, t\u00e9l\u00e9commande, flexible de 4 m, t\u00eate de 38 mm<\/p>\n","protected":false},"excerpt":{"rendered":"<p>Design compact et ergonomique : id\u00e9al pour les applications stationnaires et mobiles&lt;br&gt; Bandouli\u00e8re et poign\u00e9e pour une flexibilit\u00e9 maximale d\u2019utilisation<\/p>\n","protected":false},"featured_media":433241,"template":"","meta":{"_seopress_robots_primary_cat":"","_seopress_titles_title":"","_seopress_titles_desc":"","_seopress_robots_index":""},"product_brand":[3407],"product_cat":[29,514,560],"product_tag":[3270],"class_list":{"0":"post-463516","1":"product","2":"type-product","3":"status-publish","4":"has-post-thumbnail","6":"product_brand-milwaukee","7":"product_cat-macchinari","8":"product_cat-altri-dispositivi","9":"product_cat-vibratore-per-calcestruzzo","10":"product_tag-import-milwau","11":"sws-gruppo-macchinari-fr","12":"sws-conto-ricavi-merci-rivendita-macchinari-fr","13":"sws-gruppo-iva-iva81-fr","15":"first","16":"onbackorder","17":"sale","18":"purchasable","19":"product-type-simple"},"_links":{"self":[{"href":"https:\/\/lucacastelli.com\/fr\/wp-json\/wp\/v2\/product\/463516","targetHints":{"allow":["GET"]}}],"collection":[{"href":"https:\/\/lucacastelli.com\/fr\/wp-json\/wp\/v2\/product"}],"about":[{"href":"https:\/\/lucacastelli.com\/fr\/wp-json\/wp\/v2\/types\/product"}],"wp:featuredmedia":[{"embeddable":true,"href":"https:\/\/lucacastelli.com\/fr\/wp-json\/wp\/v2\/media\/433241"}],"wp:attachment":[{"href":"https:\/\/lucacastelli.com\/fr\/wp-json\/wp\/v2\/media?parent=463516"}],"wp:term":[{"taxonomy":"product_brand","embeddable":true,"href":"https:\/\/lucacastelli.com\/fr\/wp-json\/wp\/v2\/product_brand?post=463516"},{"taxonomy":"product_cat","embeddable":true,"href":"https:\/\/lucacastelli.com\/fr\/wp-json\/wp\/v2\/product_cat?post=463516"},{"taxonomy":"product_tag","embeddable":true,"href":"https:\/\/lucacastelli.com\/fr\/wp-json\/wp\/v2\/product_tag?post=463516"}],"curies":[{"name":"wp","href":"https:\/\/api.w.org\/{rel}","templated":true}]}}