{"id":463515,"date":"2025-06-11T04:17:49","date_gmt":"2025-06-11T02:17:49","guid":{"rendered":"https:\/\/lucacastelli.com\/prodotto\/vibreur-a-beton-3\/"},"modified":"2025-07-19T17:35:59","modified_gmt":"2025-07-19T15:35:59","slug":"vibreur-a-beton-3","status":"publish","type":"product","link":"https:\/\/lucacastelli.com\/fr\/produit\/vibreur-a-beton-3\/","title":{"rendered":"MILWAUKEE Vibrateur \u00e0 b\u00e9ton"},"content":{"rendered":"<p>Conception compacte et ergonomique : id\u00e9ale pour les applications stationnaires et mobiles&lt;Br&gt;  Bandouli\u00e8re et poign\u00e9e pour une flexibilit\u00e9 maximale d\u2019utilisation et de transport&lt;Br&gt;  Equip\u00e9 d\u2019un anneau \u00e0 accrocher \u00e0 un \u00e9chafaudage ou \u00e0 un coffrage&lt;Br&gt;  Le vibrateur \u00e0 b\u00e9ton \u00e0 couvercle articul\u00e9 MX FUEL\u2122 est la solution id\u00e9ale pour travailler avec des murs et des colonnes, en assurant les performances des outils filaires, sans avoir de fils au sol et sans avoir besoin d\u2019une prise de courant sur le chantier&lt;Br&gt;  Puissant : accepte des t\u00eates jusqu\u2019\u00e0 63 mm et atteint plus de 11 200 vibrations par minute, pour une consolidation optimale m\u00eame dans les b\u00e9tons les plus rigides&lt;Br&gt;  Le bouton d\u2019alimentation fournit une alimentation instantan\u00e9e : il \u00e9limine le d\u00e9marrage par recul et r\u00e9duit les temps d\u2019arr\u00eat, ce qui vous permet de faire le travail sans sacrifier la puissance et l\u2019autonomie dont vous avez besoin&lt;Br&gt;  Compatible avec des tuyaux jusqu\u2019\u00e0 6,4 m et des t\u00eates jusqu\u2019\u00e0 63 mm&lt;Br&gt;  Compressez jusqu\u2019\u00e0 40 m\u00b3 de b\u00e9ton avec 2 batteries MXF de 6,0 Ah (MXF XC406 avec tuyau de 4 m et t\u00eate de 38 mm)&lt;Br&gt;  Comprend une t\u00e9l\u00e9commande pour une t\u00e9l\u00e9commande jusqu\u2019\u00e0 9 m, pour un maximum de confort&lt;Br&gt;  T\u00eates et tuyaux disponibles s\u00e9par\u00e9ment (t\u00eate de 38 mm et tuyau de 4 m inclus dans la version kit)&lt;Br&gt;  Le syst\u00e8me MX FUEL\u2122 vous permet d\u2019atteindre de nouveaux horizons sur batterie : performances des solutions essence, fil ou pneumatiques, \u00e9liminant les dangers li\u00e9s aux \u00e9missions, au bruit, aux vibrations, aux tr\u00e9buchements et aux maintenances complexes&lt;Br&gt;  Le syst\u00e8me de suivi et de s\u00e9curit\u00e9 ONE-KEY\u2122 offre un service de suivi et de gestion des stocks bas\u00e9 sur le cloud gratuitement, tout en ayant des capacit\u00e9s de blocage \u00e0 distance<\/p>\n<p>CODE BARRE : 4058546374013<\/p>\n<p>Caract\u00e9ristiques techniques<br \/>\nAucun sac ni box fourni<\/p>\n<p>Livr\u00e9 sans piles, livr\u00e9 sans chargeur, livr\u00e9 sans kitbox ni sac, t\u00e9l\u00e9commande pour t\u00e9l\u00e9commande<\/p>\n","protected":false},"excerpt":{"rendered":"<p>Conception compacte et ergonomique : id\u00e9ale pour les applications stationnaires et mobiles&lt;Br&gt; Bandouli\u00e8re et poign\u00e9e pour une flexibilit\u00e9 maximale d\u2019utilisation<\/p>\n","protected":false},"featured_media":433204,"template":"","meta":{"_seopress_robots_primary_cat":"","_seopress_titles_title":"","_seopress_titles_desc":"","_seopress_robots_index":""},"product_brand":[3407],"product_cat":[29,514,560],"product_tag":[3270],"class_list":{"0":"post-463515","1":"product","2":"type-product","3":"status-publish","4":"has-post-thumbnail","6":"product_brand-milwaukee","7":"product_cat-macchinari","8":"product_cat-altri-dispositivi","9":"product_cat-vibratore-per-calcestruzzo","10":"product_tag-import-milwau","11":"sws-gruppo-macchinari-fr","12":"sws-conto-ricavi-merci-rivendita-macchinari-fr","13":"sws-gruppo-iva-iva81-fr","15":"first","16":"onbackorder","17":"sale","18":"purchasable","19":"product-type-simple"},"_links":{"self":[{"href":"https:\/\/lucacastelli.com\/fr\/wp-json\/wp\/v2\/product\/463515","targetHints":{"allow":["GET"]}}],"collection":[{"href":"https:\/\/lucacastelli.com\/fr\/wp-json\/wp\/v2\/product"}],"about":[{"href":"https:\/\/lucacastelli.com\/fr\/wp-json\/wp\/v2\/types\/product"}],"wp:featuredmedia":[{"embeddable":true,"href":"https:\/\/lucacastelli.com\/fr\/wp-json\/wp\/v2\/media\/433204"}],"wp:attachment":[{"href":"https:\/\/lucacastelli.com\/fr\/wp-json\/wp\/v2\/media?parent=463515"}],"wp:term":[{"taxonomy":"product_brand","embeddable":true,"href":"https:\/\/lucacastelli.com\/fr\/wp-json\/wp\/v2\/product_brand?post=463515"},{"taxonomy":"product_cat","embeddable":true,"href":"https:\/\/lucacastelli.com\/fr\/wp-json\/wp\/v2\/product_cat?post=463515"},{"taxonomy":"product_tag","embeddable":true,"href":"https:\/\/lucacastelli.com\/fr\/wp-json\/wp\/v2\/product_tag?post=463515"}],"curies":[{"name":"wp","href":"https:\/\/api.w.org\/{rel}","templated":true}]}}