{"id":463508,"date":"2025-06-11T04:16:59","date_gmt":"2025-06-11T02:16:59","guid":{"rendered":"https:\/\/lucacastelli.com\/prodotto\/vibreur-a-beton\/"},"modified":"2026-04-17T10:22:37","modified_gmt":"2026-04-17T08:22:37","slug":"vibreur-a-beton","status":"publish","type":"product","link":"https:\/\/lucacastelli.com\/fr\/produit\/vibreur-a-beton\/","title":{"rendered":"MILWAUKEE Vibreur \u00e0 b\u00e9ton"},"content":{"rendered":"<p>Le vibreur \u00e0 b\u00e9ton \u00e0 dos MX FUEL\u2122 est la solution id\u00e9ale pour les travaux sur de grandes surfaces : il offre les performances d&#8217;un outil filaire, sans l&#8217;encombrement des c\u00e2bles et sans n\u00e9cessit\u00e9 de prise de courant sur le lieu de travail&lt;br&gt; Avec une aiguille vibrante allant jusqu&#8217;\u00e0 63 mm de diam\u00e8tre, il g\u00e9n\u00e8re plus de 11 200 vibrations par minute pour une consolidation optimale, m\u00eame dans le b\u00e9ton le plus ferme&lt;br&gt; Le bouton d&#8217;allumage g\u00e9n\u00e8re une puissance instantan\u00e9e : la lenteur du d\u00e9marrage \u00e0 rappel est un lointain souvenir. Cela garantit une productivit\u00e9 maximale, alli\u00e9e \u00e0 l&#8217;autonomie et \u00e0 la puissance dont vous avez besoin &lt;br&gt; La conception modulaire permet de retirer le harnais du sac \u00e0 dos pour une utilisation plus ais\u00e9e sur les murs et les colonnes&lt;br&gt; Conception modulaire : passe du sac \u00e0 dos \u00e0 la mallette en un seul clic&lt;br&gt; Compatible avec des flexibles jusqu&#8217;\u00e0 6,4 m\u00e8tres de long et des t\u00eates jusqu&#8217;\u00e0 63 mm de diam\u00e8tre&lt;br&gt; Consolide jusqu&#8217;\u00e0 80 m\u00b3 de b\u00e9ton avec 2 batteries MXF XC406 (6,0 Ah)&lt;br&gt; La t\u00e9l\u00e9commande permet d&#8217;utiliser l&#8217;outil jusqu&#8217;\u00e0 9 m\u00e8tres de distance, pour une libert\u00e9 et un confort maximaux lors de l&#8217;utilisation de longues aiguilles vibrantes&lt;br&gt; Accessoires de syst\u00e8me, t\u00eates et flexibles disponibles s\u00e9par\u00e9ment (t\u00eate de 38 mm et flexible de 2 m inclus dans la version kit)&lt;br&gt; Le syst\u00e8me MX FUEL\u2122 permet d&#8217;atteindre de nouveaux horizons sur batterie : performances des solutions \u00e0 essence, filaires ou pneumatiques, tout en \u00e9liminant les dangers associ\u00e9s aux \u00e9missions, au bruit, aux vibrations, aux risques de tr\u00e9buchement ainsi qu&#8217;\u00e0 la maintenance complexe&lt;br&gt; Le syst\u00e8me de suivi et de s\u00e9curit\u00e9 ONE-KEY\u2122 offre gratuitement un service de tra\u00e7age et de gestion d&#8217;inventaire bas\u00e9 sur le cloud, avec des fonctionnalit\u00e9s de verrouillage \u00e0 distance et de personnalisation des performances de l&#8217;outil&lt;br&gt; Fourni avec t\u00e9l\u00e9commande pour contr\u00f4le \u00e0 distance<\/p>\n<p>CODE-BARRES : 4058546373870<\/p>\n<p>Donn\u00e9es techniques<br \/>\n6,0<\/p>\n<p>2 x batteries MXF XC406, chargeur MXF C, fourni sans coffret ni sac, flexible de 2 m, t\u00eate de 38 mm, t\u00e9l\u00e9commande pour contr\u00f4le \u00e0 distance<\/p>\n","protected":false},"excerpt":{"rendered":"<p>Le vibreur \u00e0 b\u00e9ton \u00e0 dos MX FUEL\u2122 est la solution id\u00e9ale pour les travaux sur de grandes surfaces :<\/p>\n","protected":false},"featured_media":433175,"template":"","meta":{"_seopress_robots_primary_cat":"","_seopress_titles_title":"","_seopress_titles_desc":"","_seopress_robots_index":""},"product_brand":[3407],"product_cat":[29,514,560],"product_tag":[3270],"class_list":{"0":"post-463508","1":"product","2":"type-product","3":"status-publish","4":"has-post-thumbnail","6":"product_brand-milwaukee","7":"product_cat-macchinari","8":"product_cat-altri-dispositivi","9":"product_cat-vibratore-per-calcestruzzo","10":"product_tag-import-milwau","11":"sws-gruppo-macchinari-fr","12":"sws-conto-ricavi-merci-rivendita-macchinari-fr","13":"sws-gruppo-iva-iva81-fr","15":"first","16":"onbackorder","17":"sale","18":"purchasable","19":"product-type-simple"},"_links":{"self":[{"href":"https:\/\/lucacastelli.com\/fr\/wp-json\/wp\/v2\/product\/463508","targetHints":{"allow":["GET"]}}],"collection":[{"href":"https:\/\/lucacastelli.com\/fr\/wp-json\/wp\/v2\/product"}],"about":[{"href":"https:\/\/lucacastelli.com\/fr\/wp-json\/wp\/v2\/types\/product"}],"wp:featuredmedia":[{"embeddable":true,"href":"https:\/\/lucacastelli.com\/fr\/wp-json\/wp\/v2\/media\/433175"}],"wp:attachment":[{"href":"https:\/\/lucacastelli.com\/fr\/wp-json\/wp\/v2\/media?parent=463508"}],"wp:term":[{"taxonomy":"product_brand","embeddable":true,"href":"https:\/\/lucacastelli.com\/fr\/wp-json\/wp\/v2\/product_brand?post=463508"},{"taxonomy":"product_cat","embeddable":true,"href":"https:\/\/lucacastelli.com\/fr\/wp-json\/wp\/v2\/product_cat?post=463508"},{"taxonomy":"product_tag","embeddable":true,"href":"https:\/\/lucacastelli.com\/fr\/wp-json\/wp\/v2\/product_tag?post=463508"}],"curies":[{"name":"wp","href":"https:\/\/api.w.org\/{rel}","templated":true}]}}