{"id":463499,"date":"2025-06-11T04:11:17","date_gmt":"2025-06-11T02:11:17","guid":{"rendered":"https:\/\/lucacastelli.com\/prodotto\/chape-vibrante-barres-de-chape-3\/"},"modified":"2026-04-17T10:22:00","modified_gmt":"2026-04-17T08:22:00","slug":"chape-vibrante-barres-de-chape-3","status":"publish","type":"product","link":"https:\/\/lucacastelli.com\/fr\/produit\/chape-vibrante-barres-de-chape-3\/","title":{"rendered":"MILWAUKEE R\u00e8gles pour r\u00e8gle vibrante"},"content":{"rendered":"<p>Nos r\u00e8gles pr\u00e9sentent une conception \u00e0 double triangle extr\u00eamement rigide garantissant une transmission constante des vibrations sur toute la longueur de la barre&lt;br&gt; R\u00e8gles en magn\u00e9sium l\u00e9ger pour r\u00e9duire le poids de l\u2019outil&lt;br&gt; Conception \u00e0 pince sans per\u00e7age sur la barre pour permettre une fixation facile et rapide de la r\u00e8gle \u00e0 l\u2019outil&lt;br&gt; R\u00e8gles disponibles de 1,22 m \u00e0 4,87 m&lt;br&gt; Compatibles avec la r\u00e8gle vibrante MX FUEL\u2122<\/p>\n<p>CODE-BARRES : 4058546375737<\/p>\n<p>Donn\u00e9es techniques<br \/>\n9,1<\/p>\n","protected":false},"excerpt":{"rendered":"<p>Nos r\u00e8gles pr\u00e9sentent une conception \u00e0 double triangle extr\u00eamement rigide garantissant une transmission constante des vibrations sur toute la longueur<\/p>\n","protected":false},"featured_media":433033,"template":"","meta":{"_seopress_robots_primary_cat":"","_seopress_titles_title":"","_seopress_titles_desc":"","_seopress_robots_index":""},"product_brand":[3658],"product_cat":[1453,167,1564],"product_tag":[3273],"class_list":{"0":"post-463499","1":"product","2":"type-product","3":"status-publish","4":"has-post-thumbnail","6":"product_brand-milwaukee-fr","7":"product_cat-autres-appareils","8":"product_cat-machines","9":"product_cat-vibrateurs-a-beton","10":"product_tag-import-milwau-fr","11":"sws-gruppo-macchinari-fr","12":"sws-conto-ricavi-merci-rivendita-macchinari-fr","13":"sws-gruppo-iva-iva81-fr","15":"first","16":"onbackorder","17":"sale","18":"purchasable","19":"product-type-simple"},"_links":{"self":[{"href":"https:\/\/lucacastelli.com\/fr\/wp-json\/wp\/v2\/product\/463499","targetHints":{"allow":["GET"]}}],"collection":[{"href":"https:\/\/lucacastelli.com\/fr\/wp-json\/wp\/v2\/product"}],"about":[{"href":"https:\/\/lucacastelli.com\/fr\/wp-json\/wp\/v2\/types\/product"}],"wp:featuredmedia":[{"embeddable":true,"href":"https:\/\/lucacastelli.com\/fr\/wp-json\/wp\/v2\/media\/433033"}],"wp:attachment":[{"href":"https:\/\/lucacastelli.com\/fr\/wp-json\/wp\/v2\/media?parent=463499"}],"wp:term":[{"taxonomy":"product_brand","embeddable":true,"href":"https:\/\/lucacastelli.com\/fr\/wp-json\/wp\/v2\/product_brand?post=463499"},{"taxonomy":"product_cat","embeddable":true,"href":"https:\/\/lucacastelli.com\/fr\/wp-json\/wp\/v2\/product_cat?post=463499"},{"taxonomy":"product_tag","embeddable":true,"href":"https:\/\/lucacastelli.com\/fr\/wp-json\/wp\/v2\/product_tag?post=463499"}],"curies":[{"name":"wp","href":"https:\/\/api.w.org\/{rel}","templated":true}]}}