{"id":463492,"date":"2025-06-11T04:10:22","date_gmt":"2025-06-11T02:10:22","guid":{"rendered":"https:\/\/lucacastelli.com\/prodotto\/chape-vibrante-barres-de-chape\/"},"modified":"2025-07-19T17:35:23","modified_gmt":"2025-07-19T15:35:23","slug":"chape-vibrante-barres-de-chape","status":"publish","type":"product","link":"https:\/\/lucacastelli.com\/fr\/produit\/chape-vibrante-barres-de-chape\/","title":{"rendered":"MILWAUKEE Chape vibrante Chape"},"content":{"rendered":"<p>Nos chapes sont dot\u00e9es d\u2019un double triangle extr\u00eamement rigide qui assure une transmission constante des vibrations sur toute la longueur de la barre&lt;Br&gt;  Cerfs l\u00e9gers en magn\u00e9sium pour r\u00e9duire le poids de l\u2019outil&lt;Br&gt;  Conception de l\u2019\u00e9tau sans trous sur la barre pour permettre une fixation rapide et facile de la chape sur l\u2019outil&lt;Br&gt;  Tailles disponibles de 1,22 m \u00e0 4,87 m&lt;Br&gt;  Compatible avec la chape vibrante MX FUEL\u2122<\/p>\n<p>CODE BARRE : 4058546375720<\/p>\n<p>Caract\u00e9ristiques techniques<br \/>\n7.3<\/p>\n","protected":false},"excerpt":{"rendered":"<p>Nos chapes sont dot\u00e9es d\u2019un double triangle extr\u00eamement rigide qui assure une transmission constante des vibrations sur toute la longueur<\/p>\n","protected":false},"featured_media":433016,"template":"","meta":{"_seopress_robots_primary_cat":"","_seopress_titles_title":"","_seopress_titles_desc":"","_seopress_robots_index":""},"product_brand":[3658],"product_cat":[1453,167,1564],"product_tag":[3273],"class_list":{"0":"post-463492","1":"product","2":"type-product","3":"status-publish","4":"has-post-thumbnail","6":"product_brand-milwaukee-fr","7":"product_cat-autres-appareils","8":"product_cat-machines","9":"product_cat-vibrateurs-a-beton","10":"product_tag-import-milwau-fr","11":"sws-gruppo-macchinari-fr","12":"sws-conto-ricavi-merci-rivendita-macchinari-fr","13":"sws-gruppo-iva-iva81-fr","15":"first","16":"onbackorder","17":"sale","18":"purchasable","19":"product-type-simple"},"_links":{"self":[{"href":"https:\/\/lucacastelli.com\/fr\/wp-json\/wp\/v2\/product\/463492","targetHints":{"allow":["GET"]}}],"collection":[{"href":"https:\/\/lucacastelli.com\/fr\/wp-json\/wp\/v2\/product"}],"about":[{"href":"https:\/\/lucacastelli.com\/fr\/wp-json\/wp\/v2\/types\/product"}],"wp:featuredmedia":[{"embeddable":true,"href":"https:\/\/lucacastelli.com\/fr\/wp-json\/wp\/v2\/media\/433016"}],"wp:attachment":[{"href":"https:\/\/lucacastelli.com\/fr\/wp-json\/wp\/v2\/media?parent=463492"}],"wp:term":[{"taxonomy":"product_brand","embeddable":true,"href":"https:\/\/lucacastelli.com\/fr\/wp-json\/wp\/v2\/product_brand?post=463492"},{"taxonomy":"product_cat","embeddable":true,"href":"https:\/\/lucacastelli.com\/fr\/wp-json\/wp\/v2\/product_cat?post=463492"},{"taxonomy":"product_tag","embeddable":true,"href":"https:\/\/lucacastelli.com\/fr\/wp-json\/wp\/v2\/product_tag?post=463492"}],"curies":[{"name":"wp","href":"https:\/\/api.w.org\/{rel}","templated":true}]}}