{"id":463491,"date":"2025-06-10T14:35:48","date_gmt":"2025-06-10T12:35:48","guid":{"rendered":"https:\/\/lucacastelli.com\/prodotto\/kits-fsa-50\/"},"modified":"2026-04-16T21:24:54","modified_gmt":"2026-04-16T19:24:54","slug":"kits-fsa-50","status":"publish","type":"product","link":"https:\/\/lucacastelli.com\/fr\/produit\/kits-fsa-50\/","title":{"rendered":"STIHL FSA 50 set coupe-bordures \u00e0 batterie AK 10 et chargeur AL 101"},"content":{"rendered":"<h2 class=\"product-details__title\">FSA 50 Set avec batterie AK 10 et chargeur AL 101 : coupe et nettoyage au jardin en un seul geste<\/h2>\n<div class=\"product-details__description richtexteditor\">\n<p>La d\u00e9broussailleuse \u00e0 batterie STIHL FSA 50 se distingue par la combinaison d&#8217;une puissance de coupe \u00e9lev\u00e9e, d&#8217;un poids r\u00e9duit et de nombreuses possibilit\u00e9s de r\u00e9glage, id\u00e9ale pour les travaux priv\u00e9s dans le jardin. La STIHL FSA 50 est adapt\u00e9e aux op\u00e9rations de finition, \u00e0 la coupe de petites surfaces enherb\u00e9es et \u00e0 la finition des bordures de pelouse. L&#8217;\u00e9lectronique intelligente permet \u00e0 la FSA 50 de maintenir une puissance constante et maximale ind\u00e9pendamment du niveau de charge de la batterie.  <\/p>\n<p>Le moteur \u00e9lectrique est particuli\u00e8rement silencieux, rendant cet appareil adapt\u00e9 \u00e0 l&#8217;utilisation dans les zones sensibles au bruit, un grand avantage surtout au jardin et autour de la maison.<\/p>\n<p>Une attention particuli\u00e8re a \u00e9t\u00e9 port\u00e9e \u00e0 l&#8217;ergonomie de la d\u00e9broussailleuse : la longueur de la perche et la poign\u00e9e annulaire peuvent \u00eatre r\u00e9gl\u00e9es facilement sans outil, tandis que la t\u00eate de coupe est inclinable en 3 positions. De plus, la STIHL FSA 50 peut \u00eatre transform\u00e9e rapidement et sans outil de d\u00e9broussailleuse en coupe-bordures. <\/p>\n<p>Un avantage suppl\u00e9mentaire est la protection flexible pliable, qui permet d&#8217;effectuer des coupes d\u00e9licates et pr\u00e9cises, presque sans r\u00e9sidus, autour des plantes, arbustes et objets.<\/p>\n<p>Gr\u00e2ce au r\u00e9glage variable de la vitesse du moteur \u00e9lectrique, le r\u00e9gime peut \u00eatre adapt\u00e9 sans paliers aux diff\u00e9rentes applications, r\u00e9duisant la consommation d&#8217;\u00e9nergie et augmentant ainsi l&#8217;autonomie de la batterie.<\/p>\n<\/div>\n<p>&nbsp;<\/p>\n<p>&nbsp;<\/p>\n<p>&nbsp;<\/p>\n","protected":false},"excerpt":{"rendered":"<p>FSA 50 Set avec batterie AK 10 et chargeur AL 101 : coupe et nettoyage au jardin en un seul<\/p>\n","protected":false},"featured_media":453506,"template":"","meta":{"_seopress_robots_primary_cat":"none","_seopress_titles_title":"","_seopress_titles_desc":"","_seopress_robots_index":""},"product_brand":[3555],"product_cat":[167,1586,1601],"product_tag":[],"class_list":{"0":"post-463491","1":"product","2":"type-product","3":"status-publish","4":"has-post-thumbnail","6":"product_brand-stihl-fr","7":"product_cat-machines","8":"product_cat-debroussailleuses-et-coupe-bordures","9":"product_cat-debroussailleuses-et-coupe-herbes-a-batterie","10":"sws-gruppo-macchinari-fr","11":"sws-conto-ricavi-merci-rivendita-macchinari-fr","12":"sws-gruppo-iva-iva81-fr","14":"first","15":"instock","16":"sale","17":"shipping-taxable","18":"purchasable","19":"product-type-simple"},"_links":{"self":[{"href":"https:\/\/lucacastelli.com\/fr\/wp-json\/wp\/v2\/product\/463491","targetHints":{"allow":["GET"]}}],"collection":[{"href":"https:\/\/lucacastelli.com\/fr\/wp-json\/wp\/v2\/product"}],"about":[{"href":"https:\/\/lucacastelli.com\/fr\/wp-json\/wp\/v2\/types\/product"}],"wp:featuredmedia":[{"embeddable":true,"href":"https:\/\/lucacastelli.com\/fr\/wp-json\/wp\/v2\/media\/453506"}],"wp:attachment":[{"href":"https:\/\/lucacastelli.com\/fr\/wp-json\/wp\/v2\/media?parent=463491"}],"wp:term":[{"taxonomy":"product_brand","embeddable":true,"href":"https:\/\/lucacastelli.com\/fr\/wp-json\/wp\/v2\/product_brand?post=463491"},{"taxonomy":"product_cat","embeddable":true,"href":"https:\/\/lucacastelli.com\/fr\/wp-json\/wp\/v2\/product_cat?post=463491"},{"taxonomy":"product_tag","embeddable":true,"href":"https:\/\/lucacastelli.com\/fr\/wp-json\/wp\/v2\/product_tag?post=463491"}],"curies":[{"name":"wp","href":"https:\/\/api.w.org\/{rel}","templated":true}]}}