{"id":463486,"date":"2025-06-10T14:42:12","date_gmt":"2025-06-10T12:42:12","guid":{"rendered":"https:\/\/lucacastelli.com\/prodotto\/fsa-50\/"},"modified":"2025-06-28T03:59:00","modified_gmt":"2025-06-28T01:59:00","slug":"fsa-50","status":"publish","type":"product","link":"https:\/\/lucacastelli.com\/fr\/produit\/fsa-50\/","title":{"rendered":"STIHL D\u00e9broussailleuse sans fil FSA 50 (machine uniquement)"},"content":{"rendered":"<h2 class=\"product-details__title\">Pour les travaux de coupe et de finition dans le secteur priv\u00e9<\/h2>\n<div class=\"product-details__description richtexteditor\">\n<p>La <strong>d\u00e9broussailleuse sans fil STIHL FSA 50<\/strong>, qui appartient au <strong>syst\u00e8me STIHL AK<\/strong>, impressionne par <strong>sa combinaison de puissance de coupe \u00e9lev\u00e9e, de<\/strong> <strong>faible poids<\/strong> et <strong>de nombreuses possibilit\u00e9s de r\u00e9glage<\/strong>, ce qui la rend id\u00e9ale pour les travaux priv\u00e9s dans le jardin domestique. STIHL FSA 50 convient aux travaux de taille, \u00e0 la coupe de petites surfaces de pelouse et \u00e0 la taille des bordures de pelouse. L\u2019\u00e9lectronique intelligente vous permet <strong>de toujours travailler avec une puissance constante et maximale<\/strong>, quel que soit l\u2019\u00e9tat de charge de la batterie. Le moteur \u00e9lectrique est particuli\u00e8rement silencieux, ce qui le rend parfait pour une utilisation dans <strong>les zones sensibles au bruit<\/strong>, telles que les jardins familiaux ou les zones r\u00e9sidentielles.   <\/p>\n<p>Une attention particuli\u00e8re a \u00e9t\u00e9 port\u00e9e \u00e0 <strong>l\u2019ergonomie<\/strong> : la longueur de l\u2019arbre et la poign\u00e9e de l\u2019arc sont <strong>r\u00e9glables sans outils<\/strong>, et la t\u00eate de coupe peut \u00eatre <strong>inclin\u00e9e sur 3 positions<\/strong>. Un autre avantage est <strong>l\u2019entretoise rabattable flexible<\/strong>, qui permet une coupe pr\u00e9cise et douce autour des arbres, des buissons et des objets &#8211; ne laissant presque aucun r\u00e9sidu. <\/p>\n<p>Gr\u00e2ce \u00e0 <strong>la commande de vitesse variable du<\/strong> moteur \u00e9lectrique, la vitesse peut \u00eatre adapt\u00e9e en permanence \u00e0 l\u2019application sp\u00e9cifique. Cela r\u00e9duit <strong>la consommation d\u2019\u00e9nergie<\/strong> et <strong>prolonge la dur\u00e9e de vie de la batterie<\/strong>. STIHL La FSA 50 est \u00e9quip\u00e9e de s\u00e9rie de la <strong>t\u00eate de coupe STIHL AutoCut C 3-2<\/strong>, qui s\u2019ajuste automatiquement lorsqu\u2019elle touche le sol et peut \u00eatre facilement recharg\u00e9e de l\u2019ext\u00e9rieur sans ouvrir le bo\u00eetier. La <strong>t\u00eate de brosse STIHL PolyCut 3-2<\/strong> avec lames en plastique est \u00e9galement disponible en tant qu\u2019accessoire en option, qui peut \u00e9galement \u00eatre remplac\u00e9e sans outils. Gr\u00e2ce au <strong>crochet de suspension<\/strong> pratique, STIHL FSA 50 peut \u00eatre rang\u00e9 au mur, ce qui permet de gagner de la place    <\/p>\n<\/div>\n","protected":false},"excerpt":{"rendered":"<p>Pour les travaux de coupe et de finition dans le secteur priv\u00e9 La d\u00e9broussailleuse sans fil STIHL FSA 50, qui<\/p>\n","protected":false},"featured_media":453502,"template":"","meta":{"_seopress_robots_primary_cat":"none","_seopress_titles_title":"","_seopress_titles_desc":"","_seopress_robots_index":""},"product_brand":[3366],"product_cat":[29,270,281],"product_tag":[],"class_list":{"0":"post-463486","1":"product","2":"type-product","3":"status-publish","4":"has-post-thumbnail","6":"product_brand-stihl","7":"product_cat-macchinari","8":"product_cat-decespugliatori-e-tagliabordi","9":"product_cat-decespugliatori-e-tagliabordi-a-batteria","10":"sws-gruppo-macchinari-fr","11":"sws-conto-ricavi-merci-rivendita-macchinari-fr","12":"sws-gruppo-iva-iva81-fr","14":"first","15":"instock","16":"shipping-taxable","17":"purchasable","18":"product-type-simple"},"_links":{"self":[{"href":"https:\/\/lucacastelli.com\/fr\/wp-json\/wp\/v2\/product\/463486","targetHints":{"allow":["GET"]}}],"collection":[{"href":"https:\/\/lucacastelli.com\/fr\/wp-json\/wp\/v2\/product"}],"about":[{"href":"https:\/\/lucacastelli.com\/fr\/wp-json\/wp\/v2\/types\/product"}],"wp:featuredmedia":[{"embeddable":true,"href":"https:\/\/lucacastelli.com\/fr\/wp-json\/wp\/v2\/media\/453502"}],"wp:attachment":[{"href":"https:\/\/lucacastelli.com\/fr\/wp-json\/wp\/v2\/media?parent=463486"}],"wp:term":[{"taxonomy":"product_brand","embeddable":true,"href":"https:\/\/lucacastelli.com\/fr\/wp-json\/wp\/v2\/product_brand?post=463486"},{"taxonomy":"product_cat","embeddable":true,"href":"https:\/\/lucacastelli.com\/fr\/wp-json\/wp\/v2\/product_cat?post=463486"},{"taxonomy":"product_tag","embeddable":true,"href":"https:\/\/lucacastelli.com\/fr\/wp-json\/wp\/v2\/product_tag?post=463486"}],"curies":[{"name":"wp","href":"https:\/\/api.w.org\/{rel}","templated":true}]}}