{"id":463483,"date":"2025-06-03T14:48:32","date_gmt":"2025-06-03T12:48:32","guid":{"rendered":"https:\/\/lucacastelli.com\/prodotto\/hsa-150-t-75-cm\/"},"modified":"2025-06-03T14:48:32","modified_gmt":"2025-06-03T12:48:32","slug":"hsa-150-t-75-cm","status":"publish","type":"product","link":"https:\/\/lucacastelli.com\/fr\/produit\/hsa-150-t-75-cm\/","title":{"rendered":"HSA 150 T 75 cm"},"content":{"rendered":"<h2>Alimentation par batterie pour les professionnels<\/h2>\n<p>Extr\u00eamement puissant et robuste, le taille-haie sans fil STIHL HSA 150 T peut <b>offrir les m\u00eames performances qu\u2019un appareil thermique tel que le STIHL HS 87<\/b>, mais pr\u00e9sente des avantages tels qu\u2019un entretien plus facile, des niveaux sonores plus faibles, des vibrations r\u00e9duites, un d\u00e9marrage facile et une autonomie plus longue. Cela en fait un outil parfaitement adapt\u00e9 \u00e0 un usage professionnel (paysagistes, collectivit\u00e9s, etc.). <\/p>\n<p>Avec sa vitesse de coupe \u00e9lev\u00e9e pour une coupe pr\u00e9cise, ce taille-haie sans fil est con\u00e7u pour <b>les travaux de taille et de fa\u00e7onnage<\/b>. Il offre donc une cadence constante, m\u00eame sous une charge extr\u00eame. <\/p>\n<ul>\n<li><b>Une coupe pr\u00e9cise pour le fa\u00e7onnage<\/b> : La cadence \u00e9lev\u00e9e des lames, le faible espacement des dents (30 mm) et la lame \u00e0 double tranchant permettent une finition et une coupe de fa\u00e7onnage pr\u00e9cises. La vitesse de coupe peut \u00eatre r\u00e9gl\u00e9e sur 3 niveaux, de 3900 \u00e0 5000 coups par minute. <b>Longueur de coupe 75 cm ou 100 cm<\/b>. Les lames optimis\u00e9es pour le frottement assurent une plus longue dur\u00e9e de vie de la batterie et une plus longue long\u00e9vit\u00e9.  <\/li>\n<li><b>Un travail plus confortable et moins fatigant<\/b> : gr\u00e2ce au syst\u00e8me anti-vibration efficace qui prot\u00e8ge les muscles et les articulations.<\/li>\n<li><b>Silencieux<\/b> : Aucune protection auditive n\u2019est n\u00e9cessaire et peut \u00eatre utilis\u00e9 dans les zones sensibles au bruit<\/li>\n<li><b>Travail en toute s\u00e9curit\u00e9<\/b> : la protection contre les coupures int\u00e9gr\u00e9e dans la HSA 150 T r\u00e9duit le risque de contact avec les lames de scie.<\/li>\n<li><b>Protection du guide et de la lame<\/b> : Le loquet de protection prot\u00e8ge les lames de l\u2019usure et facilite la coupe pr\u00e8s du sol ou des parois.<\/li>\n<li><b>Peut \u00eatre utilis\u00e9 sous la pluie<\/b> : Comme tous les appareils sans fil AP SYSTEM con\u00e7us pour les applications professionnelles, le taille-haie HSA 150 T est conforme \u00e0 la norme IPX4 et est donc r\u00e9sistant aux \u00e9claboussures.<\/li>\n<li><b>Autonomie avec la <\/b> batterie <a href=\"https:\/\/www.stihl.fr\/fr\/ap\/batterie-ap-200-s-183320?aID=48504006565\"><b>AP 200 S<\/b><\/a> recommand\u00e9e : 100-140 minutes.<\/li>\n<li>STIHL connected : Position d\u00e9di\u00e9e pour le <a href=\"https:\/\/www.stihl.fr\/fr\/p\/solutions-intelligentes-smart-connector2a-135009#smart-connector-2-a-135009?aID=CA014004900\"><b>Smart Connector 2 A<\/b><\/a> (disponible en tant qu\u2019accessoire) sur le bo\u00eetier de la machine.<\/li>\n<\/ul>\n<p><b>Livr\u00e9 sans batterie ni chargeur.<\/b>  Les batteries et les chargeurs sont compatibles avec d\u2019autres appareils sans fil STIHL AP SYSTEM.<\/p>\n","protected":false},"excerpt":{"rendered":"<p>Alimentation par batterie pour les professionnels Extr\u00eamement puissant et robuste, le taille-haie sans fil STIHL HSA 150 T peut offrir<\/p>\n","protected":false},"featured_media":446644,"template":"","meta":{"_seopress_robots_primary_cat":"","_seopress_titles_title":"","_seopress_titles_desc":"","_seopress_robots_index":""},"product_brand":[3555],"product_cat":[167,1690,1626],"product_tag":[],"class_list":{"0":"post-463483","1":"product","2":"type-product","3":"status-publish","4":"has-post-thumbnail","6":"product_brand-stihl-fr","7":"product_cat-machines","8":"product_cat-taille-haies-et-elagueurs","9":"product_cat-taille-haies-et-elagueurs-a-batterie","10":"sws-gruppo-macchinari-fr","11":"sws-conto-ricavi-merci-rivendita-macchinari-fr","12":"sws-gruppo-iva-iva81-fr","14":"first","15":"instock","16":"shipping-taxable","17":"purchasable","18":"product-type-simple"},"_links":{"self":[{"href":"https:\/\/lucacastelli.com\/fr\/wp-json\/wp\/v2\/product\/463483","targetHints":{"allow":["GET"]}}],"collection":[{"href":"https:\/\/lucacastelli.com\/fr\/wp-json\/wp\/v2\/product"}],"about":[{"href":"https:\/\/lucacastelli.com\/fr\/wp-json\/wp\/v2\/types\/product"}],"wp:featuredmedia":[{"embeddable":true,"href":"https:\/\/lucacastelli.com\/fr\/wp-json\/wp\/v2\/media\/446644"}],"wp:attachment":[{"href":"https:\/\/lucacastelli.com\/fr\/wp-json\/wp\/v2\/media?parent=463483"}],"wp:term":[{"taxonomy":"product_brand","embeddable":true,"href":"https:\/\/lucacastelli.com\/fr\/wp-json\/wp\/v2\/product_brand?post=463483"},{"taxonomy":"product_cat","embeddable":true,"href":"https:\/\/lucacastelli.com\/fr\/wp-json\/wp\/v2\/product_cat?post=463483"},{"taxonomy":"product_tag","embeddable":true,"href":"https:\/\/lucacastelli.com\/fr\/wp-json\/wp\/v2\/product_tag?post=463483"}],"curies":[{"name":"wp","href":"https:\/\/api.w.org\/{rel}","templated":true}]}}