{"id":463463,"date":"2025-06-01T12:09:13","date_gmt":"2025-06-01T10:09:13","guid":{"rendered":"https:\/\/lucacastelli.com\/prodotto\/tronconneuse-electrique\/"},"modified":"2025-06-29T07:55:15","modified_gmt":"2025-06-29T05:55:15","slug":"tronconneuse-electrique","status":"publish","type":"product","link":"https:\/\/lucacastelli.com\/fr\/produit\/tronconneuse-electrique\/","title":{"rendered":"Tron\u00e7onneuse \u00e9lectrique MILWAUKEE"},"content":{"rendered":"<p>La tron\u00e7onneuse \u00e9lectrique M18 FUEL\u2122 garantit une puissance \u00e9gale \u00e0 celle des scies \u00e0 essence les plus performantes&lt;Br&gt;  La technologie FUEL\u2122 vous permet de maintenir une vitesse constante m\u00eame dans les applications les plus exigeantes, assurant de meilleures performances qu\u2019une tron\u00e7onneuse avec un moteur de 40 cc&lt;Br&gt;  Syst\u00e8me HIGH OUTPUT\u2122, augmente les performances et l\u2019autonomie de la technologie M18 FUEL\u2122&lt;Br&gt;  L\u2019\u00e9lectronique REDLINK PLUS\u2122 offre une protection contre les surcharges et am\u00e9liore les performances de l\u2019outil sous charge&lt;Br&gt;  La batterie REDLITHIUM\u2122 de 12,0 Ah offre des performances constantes et une plus grande autonomie&lt;Br&gt;  Permet jusqu\u2019\u00e0 150 coupes sur du bois de pin de 100 mm x 100 mm avec une seule charge de batterie (12,0 Ah)&lt;Br&gt;  Engrenages enti\u00e8rement m\u00e9talliques \u00e0 haute r\u00e9sistance&lt;Br&gt;  Commutateur de vitesse variable pour un contr\u00f4le total de la puissance, une r\u00e9ponse instantan\u00e9e et une vitesse maximale en moins de 1 seconde&lt;Br&gt;  Barre de 40 cm, pas de lame de 9,5 mm&lt;Br&gt;  Fonctionne avec toutes les batteries MILWAUKEE\u00ae M18\u2122<\/p>\n<p>CODE BARRE : 4058546226688<\/p>\n<p>Caract\u00e9ristiques techniques<br \/>\n40<\/p>\n<p>Livr\u00e9 sans piles, livr\u00e9 sans chargeur, livr\u00e9 sans kitbox ni sac, 80cc d\u2019huile, cache cha\u00eene et guide<\/p>\n","protected":false},"excerpt":{"rendered":"<p>La tron\u00e7onneuse \u00e9lectrique M18 FUEL\u2122 garantit une puissance \u00e9gale \u00e0 celle des scies \u00e0 essence les plus performantes&lt;Br&gt; La technologie<\/p>\n","protected":false},"featured_media":443410,"template":"","meta":{"_seopress_robots_primary_cat":"","_seopress_titles_title":"","_seopress_titles_desc":"","_seopress_robots_index":""},"product_brand":[3656],"product_cat":[169,1612,1615],"product_tag":[3272],"class_list":{"0":"post-463463","1":"product","2":"type-product","3":"status-publish","4":"has-post-thumbnail","6":"product_brand-milwaukee-de","7":"product_cat-maschinen","8":"product_cat-kettensagen","9":"product_cat-akku-kettensagen","10":"product_tag-import-milwau-de","11":"sws-gruppo-macchinari-fr","12":"sws-conto-ricavi-merci-rivendita-macchinari-fr","13":"sws-gruppo-iva-iva81-fr","15":"first","16":"instock","17":"sale","18":"purchasable","19":"product-type-simple"},"_links":{"self":[{"href":"https:\/\/lucacastelli.com\/fr\/wp-json\/wp\/v2\/product\/463463","targetHints":{"allow":["GET"]}}],"collection":[{"href":"https:\/\/lucacastelli.com\/fr\/wp-json\/wp\/v2\/product"}],"about":[{"href":"https:\/\/lucacastelli.com\/fr\/wp-json\/wp\/v2\/types\/product"}],"wp:featuredmedia":[{"embeddable":true,"href":"https:\/\/lucacastelli.com\/fr\/wp-json\/wp\/v2\/media\/443410"}],"wp:attachment":[{"href":"https:\/\/lucacastelli.com\/fr\/wp-json\/wp\/v2\/media?parent=463463"}],"wp:term":[{"taxonomy":"product_brand","embeddable":true,"href":"https:\/\/lucacastelli.com\/fr\/wp-json\/wp\/v2\/product_brand?post=463463"},{"taxonomy":"product_cat","embeddable":true,"href":"https:\/\/lucacastelli.com\/fr\/wp-json\/wp\/v2\/product_cat?post=463463"},{"taxonomy":"product_tag","embeddable":true,"href":"https:\/\/lucacastelli.com\/fr\/wp-json\/wp\/v2\/product_tag?post=463463"}],"curies":[{"name":"wp","href":"https:\/\/api.w.org\/{rel}","templated":true}]}}