{"id":463460,"date":"2025-06-01T11:56:55","date_gmt":"2025-06-01T09:56:55","guid":{"rendered":"https:\/\/lucacastelli.com\/prodotto\/debroussailleuse\/"},"modified":"2025-06-29T07:55:14","modified_gmt":"2025-06-29T05:55:14","slug":"debroussailleuse","status":"publish","type":"product","link":"https:\/\/lucacastelli.com\/fr\/produit\/debroussailleuse\/","title":{"rendered":"D\u00e9broussailleuse MILWAUKEE"},"content":{"rendered":"<p>D\u00e9broussailleuse sans balais M18\u2122 filaire, garantit une puissance maximale en moins d\u2019une seconde&lt;Br&gt;  Premier mode jusqu\u2019\u00e0 4 600 tr\/min, 6 200 tr\/min en deuxi\u00e8me mode&lt;Br&gt;  Interrupteur variable \u00e0 2 vitesses&lt;Br&gt;  Largeur de coupe r\u00e9glable 35-40 cm&lt;Br&gt;  Autonomie jusqu\u2019\u00e0 1 heure avec une batterie (8,0 Ah)  &lt;Br&gt;  Poign\u00e9e auxiliaire r\u00e9glable pour un confort et un contr\u00f4le optimaux&lt;Br&gt;  Le moteur sans balais, l\u2019\u00e9lectronique REDLINK PLUS\u2122 et la batterie REDLITHIUM\u2122 offrent une performance et une durabilit\u00e9 sup\u00e9rieures&lt;Br&gt;  Fonctionne avec toutes les batteries MILWAUKEE\u00ae M18\u2122<\/p>\n<p>CODE BARRE : 4058546326142<\/p>\n<p>Caract\u00e9ristiques techniques<br \/>\n40<\/p>\n<p>Livr\u00e9 sans piles, livr\u00e9 sans chargeur, livr\u00e9 sans kitbox ni sac, 1 x goupille en acier, 1 x cl\u00e9 torx T30, 1 x fil<\/p>\n","protected":false},"excerpt":{"rendered":"<p>D\u00e9broussailleuse sans balais M18\u2122 filaire, garantit une puissance maximale en moins d\u2019une seconde&lt;Br&gt; Premier mode jusqu\u2019\u00e0 4 600 tr\/min, 6<\/p>\n","protected":false},"featured_media":443307,"template":"","meta":{"_seopress_robots_primary_cat":"","_seopress_titles_title":"","_seopress_titles_desc":"","_seopress_robots_index":""},"product_brand":[3656],"product_cat":[169,1581,1609],"product_tag":[3272],"class_list":{"0":"post-463460","1":"product","2":"type-product","3":"status-publish","4":"has-post-thumbnail","6":"product_brand-milwaukee-de","7":"product_cat-maschinen","8":"product_cat-freischneider-und-trimmer","9":"product_cat-akkubetriebene-freischneider-und-trimmer","10":"product_tag-import-milwau-de","11":"sws-gruppo-macchinari-fr","12":"sws-conto-ricavi-merci-rivendita-macchinari-fr","13":"sws-gruppo-iva-iva81-fr","15":"first","16":"instock","17":"sale","18":"purchasable","19":"product-type-simple"},"_links":{"self":[{"href":"https:\/\/lucacastelli.com\/fr\/wp-json\/wp\/v2\/product\/463460","targetHints":{"allow":["GET"]}}],"collection":[{"href":"https:\/\/lucacastelli.com\/fr\/wp-json\/wp\/v2\/product"}],"about":[{"href":"https:\/\/lucacastelli.com\/fr\/wp-json\/wp\/v2\/types\/product"}],"wp:featuredmedia":[{"embeddable":true,"href":"https:\/\/lucacastelli.com\/fr\/wp-json\/wp\/v2\/media\/443307"}],"wp:attachment":[{"href":"https:\/\/lucacastelli.com\/fr\/wp-json\/wp\/v2\/media?parent=463460"}],"wp:term":[{"taxonomy":"product_brand","embeddable":true,"href":"https:\/\/lucacastelli.com\/fr\/wp-json\/wp\/v2\/product_brand?post=463460"},{"taxonomy":"product_cat","embeddable":true,"href":"https:\/\/lucacastelli.com\/fr\/wp-json\/wp\/v2\/product_cat?post=463460"},{"taxonomy":"product_tag","embeddable":true,"href":"https:\/\/lucacastelli.com\/fr\/wp-json\/wp\/v2\/product_tag?post=463460"}],"curies":[{"name":"wp","href":"https:\/\/api.w.org\/{rel}","templated":true}]}}