{"id":463457,"date":"2025-06-01T11:58:49","date_gmt":"2025-06-01T09:58:49","guid":{"rendered":"https:\/\/lucacastelli.com\/prodotto\/cutter-sans-fil\/"},"modified":"2025-06-29T07:55:11","modified_gmt":"2025-06-29T05:55:11","slug":"cutter-sans-fil","status":"publish","type":"product","link":"https:\/\/lucacastelli.com\/fr\/produit\/cutter-sans-fil\/","title":{"rendered":"MILWAUKEE Coupe-fil"},"content":{"rendered":"<p>D\u00e9broussailleuse puissante con\u00e7ue pour couper les pelouses, les mauvaises herbes, les buissons \u00e9pais et les jeunes arbres jusqu\u2019\u00e0 3 cm de diam\u00e8tre&lt;Br&gt;  Atteint sa pleine vitesse en moins de 1 seconde&lt;Br&gt;  Comprend une bobine avec fil pour une largeur de coupe r\u00e9glable de 35 \u00e0 40 cm et une lame \u00e0 4 dents de 23 cm : peut monter \u00e0 la fois la lame et le fil&lt;Br&gt;  2 r\u00e9glages de vitesse (0-4 900 \/ 0-6 200)&lt;Br&gt;  La poign\u00e9e de v\u00e9lo et le double harnais d\u2019\u00e9paule assurent un confort maximal pour une utilisation prolong\u00e9e&lt;Br&gt;  Conception optimis\u00e9e de la protection de la d\u00e9broussailleuse pour un meilleur confinement des mat\u00e9riaux&lt;Br&gt;  La technologie FUEL\u2122 red\u00e9finit les outils \u00e9lectriques sans fil. Le moteur sans balais, l\u2019\u00e9lectronique REDLINK PLUS\u2122 et la batterie REDLITHIUM\u2122 offrent des performances et une durabilit\u00e9 sup\u00e9rieures&lt;br&gt; Fonctionne avec toutes les batteries MILWAUKEE\u00ae M18\u2122<\/p>\n<p>CODE BARRE&nbsp;: 4058546416645<\/p>\n<p>Caract\u00e9ristiques techniques<br \/>\n0 &#8211; 4900<\/p>\n<p>Livr\u00e9 sans piles, livr\u00e9 sans chargeur, livr\u00e9 sans kitbox ni sac, bobine de fil, lame 4 dents, double baudrier, 2 protections<\/p>\n","protected":false},"excerpt":{"rendered":"<p>D\u00e9broussailleuse puissante con\u00e7ue pour couper les pelouses, les mauvaises herbes, les buissons \u00e9pais et les jeunes arbres jusqu\u2019\u00e0 3 cm<\/p>\n","protected":false},"featured_media":443336,"template":"","meta":{"_seopress_robots_primary_cat":"","_seopress_titles_title":"","_seopress_titles_desc":"","_seopress_robots_index":""},"product_brand":[3656],"product_cat":[169,1581,1609],"product_tag":[3272],"class_list":{"0":"post-463457","1":"product","2":"type-product","3":"status-publish","4":"has-post-thumbnail","6":"product_brand-milwaukee-de","7":"product_cat-maschinen","8":"product_cat-freischneider-und-trimmer","9":"product_cat-akkubetriebene-freischneider-und-trimmer","10":"product_tag-import-milwau-de","11":"sws-gruppo-macchinari-fr","12":"sws-conto-ricavi-merci-rivendita-macchinari-fr","13":"sws-gruppo-iva-iva81-fr","15":"first","16":"instock","17":"sale","18":"purchasable","19":"product-type-simple"},"_links":{"self":[{"href":"https:\/\/lucacastelli.com\/fr\/wp-json\/wp\/v2\/product\/463457","targetHints":{"allow":["GET"]}}],"collection":[{"href":"https:\/\/lucacastelli.com\/fr\/wp-json\/wp\/v2\/product"}],"about":[{"href":"https:\/\/lucacastelli.com\/fr\/wp-json\/wp\/v2\/types\/product"}],"wp:featuredmedia":[{"embeddable":true,"href":"https:\/\/lucacastelli.com\/fr\/wp-json\/wp\/v2\/media\/443336"}],"wp:attachment":[{"href":"https:\/\/lucacastelli.com\/fr\/wp-json\/wp\/v2\/media?parent=463457"}],"wp:term":[{"taxonomy":"product_brand","embeddable":true,"href":"https:\/\/lucacastelli.com\/fr\/wp-json\/wp\/v2\/product_brand?post=463457"},{"taxonomy":"product_cat","embeddable":true,"href":"https:\/\/lucacastelli.com\/fr\/wp-json\/wp\/v2\/product_cat?post=463457"},{"taxonomy":"product_tag","embeddable":true,"href":"https:\/\/lucacastelli.com\/fr\/wp-json\/wp\/v2\/product_tag?post=463457"}],"curies":[{"name":"wp","href":"https:\/\/api.w.org\/{rel}","templated":true}]}}