{"id":463455,"date":"2025-06-01T11:54:36","date_gmt":"2025-06-01T09:54:36","guid":{"rendered":"https:\/\/lucacastelli.com\/prodotto\/support-de-tablette\/"},"modified":"2025-06-29T07:55:11","modified_gmt":"2025-06-29T05:55:11","slug":"support-de-tablette","status":"publish","type":"product","link":"https:\/\/lucacastelli.com\/fr\/produit\/support-de-tablette\/","title":{"rendered":"MILWAUKEE Support de tablette"},"content":{"rendered":"<p>Support de tablette universel pour syst\u00e8me d\u2019inspection&lt;br&gt; \u00c0 utiliser avec toutes les sondes vid\u00e9o Milwaukee<\/p>\n<p>BARCODE : 4058546324100<\/p>\n<p>Caract\u00e9ristiques techniques<br \/>\n16<\/p>\n","protected":false},"excerpt":{"rendered":"<p>Support de tablette universel pour syst\u00e8me d\u2019inspection&lt;br&gt; \u00c0 utiliser avec toutes les sondes vid\u00e9o Milwaukee BARCODE : 4058546324100 Caract\u00e9ristiques techniques<\/p>\n","protected":false},"featured_media":443265,"template":"","meta":{"_seopress_robots_primary_cat":"","_seopress_titles_title":"","_seopress_titles_desc":"","_seopress_robots_index":""},"product_brand":[3658],"product_cat":[167,1453],"product_tag":[3273],"class_list":{"0":"post-463455","1":"product","2":"type-product","3":"status-publish","4":"has-post-thumbnail","6":"product_brand-milwaukee-fr","7":"product_cat-machines","8":"product_cat-autres-appareils","9":"product_tag-import-milwau-fr","10":"sws-gruppo-macchinari-fr","11":"sws-conto-ricavi-merci-rivendita-macchinari-fr","12":"sws-gruppo-iva-iva81-fr","14":"first","15":"instock","16":"sale","17":"purchasable","18":"product-type-simple"},"_links":{"self":[{"href":"https:\/\/lucacastelli.com\/fr\/wp-json\/wp\/v2\/product\/463455","targetHints":{"allow":["GET"]}}],"collection":[{"href":"https:\/\/lucacastelli.com\/fr\/wp-json\/wp\/v2\/product"}],"about":[{"href":"https:\/\/lucacastelli.com\/fr\/wp-json\/wp\/v2\/types\/product"}],"wp:featuredmedia":[{"embeddable":true,"href":"https:\/\/lucacastelli.com\/fr\/wp-json\/wp\/v2\/media\/443265"}],"wp:attachment":[{"href":"https:\/\/lucacastelli.com\/fr\/wp-json\/wp\/v2\/media?parent=463455"}],"wp:term":[{"taxonomy":"product_brand","embeddable":true,"href":"https:\/\/lucacastelli.com\/fr\/wp-json\/wp\/v2\/product_brand?post=463455"},{"taxonomy":"product_cat","embeddable":true,"href":"https:\/\/lucacastelli.com\/fr\/wp-json\/wp\/v2\/product_cat?post=463455"},{"taxonomy":"product_tag","embeddable":true,"href":"https:\/\/lucacastelli.com\/fr\/wp-json\/wp\/v2\/product_tag?post=463455"}],"curies":[{"name":"wp","href":"https:\/\/api.w.org\/{rel}","templated":true}]}}