{"id":463452,"date":"2025-06-01T11:48:20","date_gmt":"2025-06-01T09:48:20","guid":{"rendered":"https:\/\/lucacastelli.com\/prodotto\/concentrateur-intelligent\/"},"modified":"2025-06-29T07:56:04","modified_gmt":"2025-06-29T05:56:04","slug":"concentrateur-intelligent","status":"publish","type":"product","link":"https:\/\/lucacastelli.com\/fr\/produit\/concentrateur-intelligent\/","title":{"rendered":"Concentrateur intelligent MILWAUKEE"},"content":{"rendered":"<p>Sondes facilement interchangeables sur simple pression d\u2019un bouton&lt;Br&gt;  WI-FI int\u00e9gr\u00e9 pour la connexion via le moniteur ou l\u2019application MILWAUKEE\u00ae sur tablette ou smartphone&lt;Br&gt;  Cr\u00e9ez des rapports personnalis\u00e9s&lt;Br&gt;  Affichez et enregistrez sur plusieurs \u00e9crans&lt;Br&gt;  Le syst\u00e8me de suivi et de s\u00e9curit\u00e9 ONE-KEY\u2122 offre un service de suivi et de gestion des stocks bas\u00e9 sur le cloud gratuitement, tout en ayant des capacit\u00e9s de blocage \u00e0 distance&lt;Br&gt;  M\u00e9moire interne de 500 Go&lt;Br&gt;  Port USB 3.0 et USB-C&lt;Br&gt;  Compartiment \u00e0 piles adapt\u00e9 \u00e0 toutes les batteries MILWAUKEE\u00ae M18\u2122&lt;Br&gt;  Sonde int\u00e9gr\u00e9e compatible avec la plupart des localisateurs du march\u00e9 : 33 kHz ou 83 kHz&lt;Br&gt;  \u00c0 utiliser avec la sonde M18 SIC36 ou M18SIC60 et avec un appareil externe pour la visualisation d\u2019images, tel qu\u2019une carte SIM M18 ou un smartphone ou une tablette<\/p>\n<p>CODE BARRE : 4058546290436<\/p>\n<p>Caract\u00e9ristiques techniques<br \/>\nMILWAUKEE\u00ae Akku-Monitor oder for MILWAUKEE-App\u00ae f\u00fcr Android und IOS<\/p>\n<p>Livr\u00e9 sans piles, livr\u00e9 sans chargeur, livr\u00e9 sans kitbox ni sac, Un c\u00e2ble USB-C<\/p>\n","protected":false},"excerpt":{"rendered":"<p>Sondes facilement interchangeables sur simple pression d\u2019un bouton&lt;Br&gt; WI-FI int\u00e9gr\u00e9 pour la connexion via le moniteur ou l\u2019application MILWAUKEE\u00ae sur<\/p>\n","protected":false},"featured_media":443183,"template":"","meta":{"_seopress_robots_primary_cat":"","_seopress_titles_title":"","_seopress_titles_desc":"","_seopress_robots_index":""},"product_brand":[3407],"product_cat":[29,514],"product_tag":[3270],"class_list":{"0":"post-463452","1":"product","2":"type-product","3":"status-publish","4":"has-post-thumbnail","6":"product_brand-milwaukee","7":"product_cat-macchinari","8":"product_cat-altri-dispositivi","9":"product_tag-import-milwau","10":"sws-gruppo-macchinari-fr","11":"sws-conto-ricavi-merci-rivendita-macchinari-fr","12":"sws-gruppo-iva-iva81-fr","14":"first","15":"instock","16":"sale","17":"purchasable","18":"product-type-simple"},"_links":{"self":[{"href":"https:\/\/lucacastelli.com\/fr\/wp-json\/wp\/v2\/product\/463452","targetHints":{"allow":["GET"]}}],"collection":[{"href":"https:\/\/lucacastelli.com\/fr\/wp-json\/wp\/v2\/product"}],"about":[{"href":"https:\/\/lucacastelli.com\/fr\/wp-json\/wp\/v2\/types\/product"}],"wp:featuredmedia":[{"embeddable":true,"href":"https:\/\/lucacastelli.com\/fr\/wp-json\/wp\/v2\/media\/443183"}],"wp:attachment":[{"href":"https:\/\/lucacastelli.com\/fr\/wp-json\/wp\/v2\/media?parent=463452"}],"wp:term":[{"taxonomy":"product_brand","embeddable":true,"href":"https:\/\/lucacastelli.com\/fr\/wp-json\/wp\/v2\/product_brand?post=463452"},{"taxonomy":"product_cat","embeddable":true,"href":"https:\/\/lucacastelli.com\/fr\/wp-json\/wp\/v2\/product_cat?post=463452"},{"taxonomy":"product_tag","embeddable":true,"href":"https:\/\/lucacastelli.com\/fr\/wp-json\/wp\/v2\/product_tag?post=463452"}],"curies":[{"name":"wp","href":"https:\/\/api.w.org\/{rel}","templated":true}]}}