{"id":463449,"date":"2025-06-01T11:52:06","date_gmt":"2025-06-01T09:52:06","guid":{"rendered":"https:\/\/lucacastelli.com\/prodotto\/moniteur\/"},"modified":"2025-06-29T07:55:59","modified_gmt":"2025-06-29T05:55:59","slug":"moniteur","status":"publish","type":"product","link":"https:\/\/lucacastelli.com\/fr\/produit\/moniteur\/","title":{"rendered":"Moniteur de MILWAUKEE"},"content":{"rendered":"<p>8 Moniteur LCD sans fil personnalis\u00e9  &lt;Br&gt;  \u00c9cran r\u00e9tro\u00e9clair\u00e9 pour une lisibilit\u00e9 maximale&lt;Br&gt;  Le syst\u00e8me de suivi et de s\u00e9curit\u00e9 ONE-KEY\u2122 offre un service de suivi et de gestion des stocks bas\u00e9 sur le cloud gratuitement, tout en ayant des capacit\u00e9s de blocage \u00e0 distance&lt;Br&gt;  Fonction de signalement des probl\u00e8mes d\u00e9tect\u00e9s lors de l\u2019inspection&lt;Br&gt;  Vous permet d\u2019acc\u00e9der aux enregistrements que vous avez effectu\u00e9s et de les ajouter \u00e0 vos rapports d\u2019application&lt;Br&gt;  Ports USB 3.0 et USB-C&lt;Br&gt;  C\u00e2ble USB-C pour une connexion filaire avec Smart Hub&lt;Br&gt;  Fonctionne avec toutes les batteries MILWAUKEE\u00ae M18\u2122<\/p>\n<p>CODE BARRE : 4058546290429<\/p>\n<p>Caract\u00e9ristiques techniques Oui<\/p>\n<p>Livr\u00e9 sans piles, livr\u00e9 sans chargeur, livr\u00e9 sans kitbox ni sac<\/p>\n","protected":false},"excerpt":{"rendered":"<p>8 Moniteur LCD sans fil personnalis\u00e9 &lt;Br&gt; \u00c9cran r\u00e9tro\u00e9clair\u00e9 pour une lisibilit\u00e9 maximale&lt;Br&gt; Le syst\u00e8me de suivi et de s\u00e9curit\u00e9<\/p>\n","protected":false},"featured_media":443228,"template":"","meta":{"_seopress_robots_primary_cat":"","_seopress_titles_title":"","_seopress_titles_desc":"","_seopress_robots_index":""},"product_brand":[3658],"product_cat":[1453,167],"product_tag":[3273],"class_list":{"0":"post-463449","1":"product","2":"type-product","3":"status-publish","4":"has-post-thumbnail","6":"product_brand-milwaukee-fr","7":"product_cat-autres-appareils","8":"product_cat-machines","9":"product_tag-import-milwau-fr","10":"sws-gruppo-macchinari-fr","11":"sws-conto-ricavi-merci-rivendita-macchinari-fr","12":"sws-gruppo-iva-iva81-fr","14":"first","15":"instock","16":"sale","17":"purchasable","18":"product-type-simple"},"_links":{"self":[{"href":"https:\/\/lucacastelli.com\/fr\/wp-json\/wp\/v2\/product\/463449","targetHints":{"allow":["GET"]}}],"collection":[{"href":"https:\/\/lucacastelli.com\/fr\/wp-json\/wp\/v2\/product"}],"about":[{"href":"https:\/\/lucacastelli.com\/fr\/wp-json\/wp\/v2\/types\/product"}],"wp:featuredmedia":[{"embeddable":true,"href":"https:\/\/lucacastelli.com\/fr\/wp-json\/wp\/v2\/media\/443228"}],"wp:attachment":[{"href":"https:\/\/lucacastelli.com\/fr\/wp-json\/wp\/v2\/media?parent=463449"}],"wp:term":[{"taxonomy":"product_brand","embeddable":true,"href":"https:\/\/lucacastelli.com\/fr\/wp-json\/wp\/v2\/product_brand?post=463449"},{"taxonomy":"product_cat","embeddable":true,"href":"https:\/\/lucacastelli.com\/fr\/wp-json\/wp\/v2\/product_cat?post=463449"},{"taxonomy":"product_tag","embeddable":true,"href":"https:\/\/lucacastelli.com\/fr\/wp-json\/wp\/v2\/product_tag?post=463449"}],"curies":[{"name":"wp","href":"https:\/\/api.w.org\/{rel}","templated":true}]}}