{"id":463446,"date":"2025-06-01T11:47:53","date_gmt":"2025-06-01T09:47:53","guid":{"rendered":"https:\/\/lucacastelli.com\/prodotto\/systeme-dinspection\/"},"modified":"2025-06-29T07:55:53","modified_gmt":"2025-06-29T05:55:53","slug":"systeme-dinspection","status":"publish","type":"product","link":"https:\/\/lucacastelli.com\/fr\/produit\/systeme-dinspection\/","title":{"rendered":"Syst\u00e8me d\u2019inspection MILWAUKEE"},"content":{"rendered":"<p>Sonde vid\u00e9o HD 1080 25 mm avec zoom panoramique, permet un grossissement pr\u00e9cis&lt;Br&gt;  12 LED pour un \u00e9clairage parfait des tuyaux&lt;Br&gt;  C\u00e2ble de 60 m de long avec un diam\u00e8tre de 10 mm pour les conduites plus longues, surmonte les angles de 90\u00b0 \u00e0 partir de 50 mm&lt;Br&gt;  F\u00fbt isol\u00e9 pour un meilleur confinement des d\u00e9bris&lt;Br&gt;  Tambour avec support en caoutchouc&lt;Br&gt;  Poign\u00e9e extensible pour un transport facile&lt;Br&gt;  Sonde int\u00e9gr\u00e9e compatible avec la plupart des localisateurs du march\u00e9 : 512 Hz, 640 Hz, 33 kHz&lt;Br&gt;  Localisateur de sonde int\u00e9gr\u00e9&lt;Br&gt;  TICK\u2122 int\u00e9gr\u00e9 pour utiliser le syst\u00e8me ONE-KEY\u2122 : fournit des rapports personnalis\u00e9s ainsi que des fonctions d\u2019inventaire, de personnalisation et de suivi, pour une gestion compl\u00e8te de l\u2019outil&lt;Br&gt;  Fonctionne avec toutes les batteries MILWAUKEE\u00ae M18\u2122<\/p>\n<p>CODE BARRE&nbsp;: 4058546408701<\/p>\n<p>Caract\u00e9ristiques techniques<br \/>\n67<\/p>\n<p>Livr\u00e9 sans piles, livr\u00e9 sans chargeur, livr\u00e9 sans kitbox ni sac, livr\u00e9 avec une goulotte de 75mm et une goulotte de 100mm<\/p>\n","protected":false},"excerpt":{"rendered":"<p>Sonde vid\u00e9o HD 1080 25 mm avec zoom panoramique, permet un grossissement pr\u00e9cis&lt;Br&gt; 12 LED pour un \u00e9clairage parfait des<\/p>\n","protected":false},"featured_media":453398,"template":"","meta":{"_seopress_robots_primary_cat":"none","_seopress_titles_title":"","_seopress_titles_desc":"","_seopress_robots_index":""},"product_brand":[3407],"product_cat":[29,514],"product_tag":[3270],"class_list":{"0":"post-463446","1":"product","2":"type-product","3":"status-publish","4":"has-post-thumbnail","6":"product_brand-milwaukee","7":"product_cat-macchinari","8":"product_cat-altri-dispositivi","9":"product_tag-import-milwau","10":"sws-gruppo-macchinari-fr","11":"sws-conto-ricavi-merci-rivendita-macchinari-fr","12":"sws-gruppo-iva-iva81-fr","14":"first","15":"instock","16":"sale","17":"purchasable","18":"product-type-simple"},"_links":{"self":[{"href":"https:\/\/lucacastelli.com\/fr\/wp-json\/wp\/v2\/product\/463446","targetHints":{"allow":["GET"]}}],"collection":[{"href":"https:\/\/lucacastelli.com\/fr\/wp-json\/wp\/v2\/product"}],"about":[{"href":"https:\/\/lucacastelli.com\/fr\/wp-json\/wp\/v2\/types\/product"}],"wp:featuredmedia":[{"embeddable":true,"href":"https:\/\/lucacastelli.com\/fr\/wp-json\/wp\/v2\/media\/453398"}],"wp:attachment":[{"href":"https:\/\/lucacastelli.com\/fr\/wp-json\/wp\/v2\/media?parent=463446"}],"wp:term":[{"taxonomy":"product_brand","embeddable":true,"href":"https:\/\/lucacastelli.com\/fr\/wp-json\/wp\/v2\/product_brand?post=463446"},{"taxonomy":"product_cat","embeddable":true,"href":"https:\/\/lucacastelli.com\/fr\/wp-json\/wp\/v2\/product_cat?post=463446"},{"taxonomy":"product_tag","embeddable":true,"href":"https:\/\/lucacastelli.com\/fr\/wp-json\/wp\/v2\/product_tag?post=463446"}],"curies":[{"name":"wp","href":"https:\/\/api.w.org\/{rel}","templated":true}]}}