{"id":463440,"date":"2025-06-01T11:46:35","date_gmt":"2025-06-01T09:46:35","guid":{"rendered":"https:\/\/lucacastelli.com\/prodotto\/camera-dinspection\/"},"modified":"2025-06-29T07:55:48","modified_gmt":"2025-06-29T05:55:48","slug":"camera-dinspection","status":"publish","type":"product","link":"https:\/\/lucacastelli.com\/fr\/produit\/camera-dinspection\/","title":{"rendered":"Cam\u00e9ra d\u2019inspection MILWAUKEE"},"content":{"rendered":"<p>\u00c9cran amovible du corps de la machine, pour afficher \u00e0 une distance de 10 m du point d\u2019inspection&lt;Br&gt;  Cam\u00e9ra zoom 4x, rotation de l\u2019\u00e9cran&lt;Br&gt;  \u00c9cran LCD 3,5 mm (85 mm), optimis\u00e9 pour des images claires et nettes&lt;Br&gt;  R\u00e9solution de l\u2019\u00e9cran 320 x 240 pixels&lt;Br&gt;  4 LED \u00e0 luminosit\u00e9 r\u00e9glable&lt;Br&gt;  Carte m\u00e9moire SD de 8 Go et sonde de c\u00e2ble de 2,7 m incluses&lt;Br&gt;  C\u00e2ble flexible et t\u00eate en aluminium de 12 mm&lt;Br&gt;  Dispositif d\u2019orientation \u00e0 distance de la t\u00eate de c\u00e2ble (disponible s\u00e9par\u00e9ment)&lt;Br&gt;  Compatible avec toutes les batteries MILWAUKEE\u00ae M12\u2122<\/p>\n<p>CODE BARRE : 4002395159994<\/p>\n<p>Caract\u00e9ristiques techniques<br \/>\n0,70 (M12 B2)<\/p>\n<p>1 x batterie M12 B2, chargeur C12 C, mallette de transport, carte SD 8 GB, sonde \u00e0 c\u00e2ble 2,7 m<\/p>\n","protected":false},"excerpt":{"rendered":"<p>\u00c9cran amovible du corps de la machine, pour afficher \u00e0 une distance de 10 m du point d\u2019inspection&lt;Br&gt; Cam\u00e9ra zoom<\/p>\n","protected":false},"featured_media":443156,"template":"","meta":{"_seopress_robots_primary_cat":"","_seopress_titles_title":"","_seopress_titles_desc":"","_seopress_robots_index":""},"product_brand":[3658],"product_cat":[1453,167],"product_tag":[3273],"class_list":{"0":"post-463440","1":"product","2":"type-product","3":"status-publish","4":"has-post-thumbnail","6":"product_brand-milwaukee-fr","7":"product_cat-autres-appareils","8":"product_cat-machines","9":"product_tag-import-milwau-fr","10":"sws-gruppo-macchinari-fr","11":"sws-conto-ricavi-merci-rivendita-macchinari-fr","12":"sws-gruppo-iva-iva81-fr","14":"first","15":"instock","16":"sale","17":"purchasable","18":"product-type-simple"},"_links":{"self":[{"href":"https:\/\/lucacastelli.com\/fr\/wp-json\/wp\/v2\/product\/463440","targetHints":{"allow":["GET"]}}],"collection":[{"href":"https:\/\/lucacastelli.com\/fr\/wp-json\/wp\/v2\/product"}],"about":[{"href":"https:\/\/lucacastelli.com\/fr\/wp-json\/wp\/v2\/types\/product"}],"wp:featuredmedia":[{"embeddable":true,"href":"https:\/\/lucacastelli.com\/fr\/wp-json\/wp\/v2\/media\/443156"}],"wp:attachment":[{"href":"https:\/\/lucacastelli.com\/fr\/wp-json\/wp\/v2\/media?parent=463440"}],"wp:term":[{"taxonomy":"product_brand","embeddable":true,"href":"https:\/\/lucacastelli.com\/fr\/wp-json\/wp\/v2\/product_brand?post=463440"},{"taxonomy":"product_cat","embeddable":true,"href":"https:\/\/lucacastelli.com\/fr\/wp-json\/wp\/v2\/product_cat?post=463440"},{"taxonomy":"product_tag","embeddable":true,"href":"https:\/\/lucacastelli.com\/fr\/wp-json\/wp\/v2\/product_tag?post=463440"}],"curies":[{"name":"wp","href":"https:\/\/api.w.org\/{rel}","templated":true}]}}