{"id":463439,"date":"2025-06-01T11:41:12","date_gmt":"2025-06-01T09:41:12","guid":{"rendered":"https:\/\/lucacastelli.com\/prodotto\/degorgeoir\/"},"modified":"2025-06-29T07:56:28","modified_gmt":"2025-06-29T05:56:28","slug":"degorgeoir","status":"publish","type":"product","link":"https:\/\/lucacastelli.com\/fr\/produit\/degorgeoir\/","title":{"rendered":"MILWAUKEE Nettoyeur de drains"},"content":{"rendered":"<p>Le premier nettoyeur de drains sans fil au monde avec alimentation en spirale&lt;et r\u00e9traction automatiques br&gt; Le syst\u00e8me d\u2019alimentation verrouillable CABLE-DRIVE maintient la vitesse d\u2019alimentation s\u00e9lectionn\u00e9e et s\u2019adapte automatiquement \u00e0 la taille du c\u00e2ble&lt;br&gt; La technologie FUEL\u2122 red\u00e9finit les outils \u00e9lectriques sans fil. Le moteur sans balais, l\u2019\u00e9lectronique REDLINK PLUS\u2122 et la batterie REDLITHIUM\u2122 offrent une performance et une durabilit\u00e9 sup\u00e9rieures&lt;Br&gt;  Compatible avec tous les c\u00e2bles divisibles de 22 mm et 32 mm&lt;Br&gt;  Le moteur brushless POWERSTATE\u2122, la batterie REDLITHIUM-ION\u2122, l\u2019\u00e9lectronique REDLINK PLUS\u2122 et le syst\u00e8me ONE-KEY\u2122 offrent puissance, rapidit\u00e9 d\u2019utilisation, autonomie et contr\u00f4le&lt;Br&gt;  Fonctionne avec toutes les batteries MILWAUKEE\u00ae M18\u2122<\/p>\n<p>CODE \u00c0 BARRES : 4058546290399<\/p>\n<p>Caract\u00e9ristiques techniques<br \/>\n60<\/p>\n<p>Livr\u00e9 sans piles, livr\u00e9 sans chargeur, livr\u00e9 sans kitbox ni sac, 1 tube de guidage arri\u00e8re et 2 conteneurs de c\u00e2bles s\u00e9parables<\/p>\n","protected":false},"excerpt":{"rendered":"<p>Le premier nettoyeur de drains sans fil au monde avec alimentation en spirale&lt;et r\u00e9traction automatiques br&gt; Le syst\u00e8me d\u2019alimentation verrouillable<\/p>\n","protected":false},"featured_media":443086,"template":"","meta":{"_seopress_robots_primary_cat":"","_seopress_titles_title":"","_seopress_titles_desc":"","_seopress_robots_index":""},"product_brand":[3407],"product_cat":[29,514],"product_tag":[3270],"class_list":{"0":"post-463439","1":"product","2":"type-product","3":"status-publish","4":"has-post-thumbnail","6":"product_brand-milwaukee","7":"product_cat-macchinari","8":"product_cat-altri-dispositivi","9":"product_tag-import-milwau","10":"sws-gruppo-macchinari-fr","11":"sws-conto-ricavi-merci-rivendita-macchinari-fr","12":"sws-gruppo-iva-iva81-fr","14":"first","15":"instock","16":"sale","17":"purchasable","18":"product-type-simple"},"_links":{"self":[{"href":"https:\/\/lucacastelli.com\/fr\/wp-json\/wp\/v2\/product\/463439","targetHints":{"allow":["GET"]}}],"collection":[{"href":"https:\/\/lucacastelli.com\/fr\/wp-json\/wp\/v2\/product"}],"about":[{"href":"https:\/\/lucacastelli.com\/fr\/wp-json\/wp\/v2\/types\/product"}],"wp:featuredmedia":[{"embeddable":true,"href":"https:\/\/lucacastelli.com\/fr\/wp-json\/wp\/v2\/media\/443086"}],"wp:attachment":[{"href":"https:\/\/lucacastelli.com\/fr\/wp-json\/wp\/v2\/media?parent=463439"}],"wp:term":[{"taxonomy":"product_brand","embeddable":true,"href":"https:\/\/lucacastelli.com\/fr\/wp-json\/wp\/v2\/product_brand?post=463439"},{"taxonomy":"product_cat","embeddable":true,"href":"https:\/\/lucacastelli.com\/fr\/wp-json\/wp\/v2\/product_cat?post=463439"},{"taxonomy":"product_tag","embeddable":true,"href":"https:\/\/lucacastelli.com\/fr\/wp-json\/wp\/v2\/product_tag?post=463439"}],"curies":[{"name":"wp","href":"https:\/\/api.w.org\/{rel}","templated":true}]}}