{"id":463434,"date":"2025-06-01T11:43:48","date_gmt":"2025-06-01T09:43:48","guid":{"rendered":"https:\/\/lucacastelli.com\/prodotto\/localisateur\/"},"modified":"2025-06-29T07:55:51","modified_gmt":"2025-06-29T05:55:51","slug":"localisateur","status":"publish","type":"product","link":"https:\/\/lucacastelli.com\/fr\/produit\/localisateur\/","title":{"rendered":"Localisateur de MILWAUKEE"},"content":{"rendered":"<p>Facilit\u00e9 d\u2019utilisation : 2 antennes omnidirectionnelles assurent un positionnement rapide des sondes avec une pr\u00e9cision de \u00b13&nbsp;% \u00e0 3 m\u00e8tres&lt;Br&gt;  Le premier tracker du march\u00e9 avec une batterie 12V, jusqu\u2019\u00e0 13 heures d\u2019autonomie sur une seule charge (2.0Ah)&lt;Br&gt;  \u00c9cran LCD 4,3 couleurs, boutons r\u00e9tro\u00e9clair\u00e9s pour une visibilit\u00e9 maximale&lt;Br&gt;  Indicateurs de direction : l\u2019ic\u00f4ne en forme de fl\u00e8che indique la direction de la sonde, l\u2019indicateur de boussole indique la trajectoire de la sonde&lt;Br&gt;  Indice de protection IP65, compartiment \u00e0 piles isol\u00e9&lt;Br&gt;  Le syst\u00e8me de suivi et de s\u00e9curit\u00e9 ONE-KEY\u2122 offre un service de suivi et de gestion des stocks bas\u00e9 sur le cloud gratuitement, tout en ayant des capacit\u00e9s de blocage \u00e0 distance&lt;Br&gt;  Fonctionne avec toutes les batteries MILWAUKEE\u00ae M12\u2122<\/p>\n<p>CODE BARRE : 4058546298944<\/p>\n<p>Caract\u00e9ristiques techniques<br \/>\n512, 640, 33<\/p>\n<p>Livr\u00e9 sans piles, livr\u00e9 sans chargeur, mallette de transport, 1 x c\u00e2ble USB<\/p>\n","protected":false},"excerpt":{"rendered":"<p>Facilit\u00e9 d\u2019utilisation : 2 antennes omnidirectionnelles assurent un positionnement rapide des sondes avec une pr\u00e9cision de \u00b13&nbsp;% \u00e0 3 m\u00e8tres&lt;Br&gt;<\/p>\n","protected":false},"featured_media":443123,"template":"","meta":{"_seopress_robots_primary_cat":"","_seopress_titles_title":"","_seopress_titles_desc":"","_seopress_robots_index":""},"product_brand":[3407],"product_cat":[29,514],"product_tag":[3270],"class_list":{"0":"post-463434","1":"product","2":"type-product","3":"status-publish","4":"has-post-thumbnail","6":"product_brand-milwaukee","7":"product_cat-macchinari","8":"product_cat-altri-dispositivi","9":"product_tag-import-milwau","10":"sws-gruppo-macchinari-fr","11":"sws-conto-ricavi-merci-rivendita-macchinari-fr","12":"sws-gruppo-iva-iva81-fr","14":"first","15":"instock","16":"sale","17":"purchasable","18":"product-type-simple"},"_links":{"self":[{"href":"https:\/\/lucacastelli.com\/fr\/wp-json\/wp\/v2\/product\/463434","targetHints":{"allow":["GET"]}}],"collection":[{"href":"https:\/\/lucacastelli.com\/fr\/wp-json\/wp\/v2\/product"}],"about":[{"href":"https:\/\/lucacastelli.com\/fr\/wp-json\/wp\/v2\/types\/product"}],"wp:featuredmedia":[{"embeddable":true,"href":"https:\/\/lucacastelli.com\/fr\/wp-json\/wp\/v2\/media\/443123"}],"wp:attachment":[{"href":"https:\/\/lucacastelli.com\/fr\/wp-json\/wp\/v2\/media?parent=463434"}],"wp:term":[{"taxonomy":"product_brand","embeddable":true,"href":"https:\/\/lucacastelli.com\/fr\/wp-json\/wp\/v2\/product_brand?post=463434"},{"taxonomy":"product_cat","embeddable":true,"href":"https:\/\/lucacastelli.com\/fr\/wp-json\/wp\/v2\/product_cat?post=463434"},{"taxonomy":"product_tag","embeddable":true,"href":"https:\/\/lucacastelli.com\/fr\/wp-json\/wp\/v2\/product_tag?post=463434"}],"curies":[{"name":"wp","href":"https:\/\/api.w.org\/{rel}","templated":true}]}}