{"id":463433,"date":"2025-06-01T11:38:17","date_gmt":"2025-06-01T09:38:17","guid":{"rendered":"https:\/\/lucacastelli.com\/prodotto\/expanseur\/"},"modified":"2025-06-29T07:56:25","modified_gmt":"2025-06-29T05:56:25","slug":"expanseur","status":"publish","type":"product","link":"https:\/\/lucacastelli.com\/fr\/produit\/expanseur\/","title":{"rendered":"Expandeur MILWAUKEE"},"content":{"rendered":"<p>Le premier d\u00e9tendeur hydraulique ONE-KEY\u2122 FORCE LOGIC\u2122 aliment\u00e9 par batterie pour tubes UPONOR,\u00ae jusqu\u2019\u00e0 DN75&lt;Br&gt;  Le moteur brushless POWERSTATE\u2122, construit par MILWAUKEE, \u00ae est capable de garantir une autonomie in\u00e9gal\u00e9e et d\u2019acc\u00e9l\u00e9rer l\u2019application&lt;Br&gt;  Pour les tuyaux DN40, DN50, DN63 et DN75 de 6 et 10 bar&lt;Br&gt;  Sa conception particuli\u00e8re offre \u00e0 l\u2019utilisateur le meilleur \u00e9quilibre pour les applications dans des endroits difficiles d\u2019acc\u00e8s ou pour des applications prolong\u00e9es, en le retournant&lt;Br&gt;  Rotation automatique de la t\u00eate pour une expansion rapide des tuyaux PEX&lt;Br&gt;  Cycle complet automatique : se dilate et se ferme automatiquement, simplifiant ainsi le processus d\u2019installation&lt;Br&gt;  Se ferme automatiquement apr\u00e8s chaque extension, ce qui vous permet d\u2019acc\u00e9l\u00e9rer le processus d\u2019installations r\u00e9p\u00e9t\u00e9es&lt;Br&gt;  Poign\u00e9e lat\u00e9rale et boucle de c\u00e2ble, pour plus de s\u00e9curit\u00e9 sur le chantier&lt;Br&gt;  Le syst\u00e8me de suivi et de s\u00e9curit\u00e9 ONE-KEY\u2122 offre un service gratuit de suivi et de gestion des stocks bas\u00e9 sur le cloud, y compris des capacit\u00e9s de blocage \u00e0 distance et de rapports d\u2019application&lt;Br&gt;  Le moteur sans balais, l\u2019\u00e9lectronique REDLINK PLUS\u2122 et la batterie REDLITHIUM\u2122 offrent une performance et une durabilit\u00e9 sup\u00e9rieures&lt;Br&gt;  Fonctionne avec toutes les batteries MILWAUKEE\u00ae M18\u2122<\/p>\n<p>CODE BARRE : 4058546222444<\/p>\n<p>Caract\u00e9ristiques techniques<br \/>\n55.5<\/p>\n<p>2 x batterie M18 B5, chargeur M12-18 C, mallette de transport<\/p>\n","protected":false},"excerpt":{"rendered":"<p>Le premier d\u00e9tendeur hydraulique ONE-KEY\u2122 FORCE LOGIC\u2122 aliment\u00e9 par batterie pour tubes UPONOR,\u00ae jusqu\u2019\u00e0 DN75&lt;Br&gt; Le moteur brushless POWERSTATE\u2122, construit<\/p>\n","protected":false},"featured_media":443045,"template":"","meta":{"_seopress_robots_primary_cat":"","_seopress_titles_title":"","_seopress_titles_desc":"","_seopress_robots_index":""},"product_brand":[3407],"product_cat":[29,514],"product_tag":[3270],"class_list":{"0":"post-463433","1":"product","2":"type-product","3":"status-publish","4":"has-post-thumbnail","6":"product_brand-milwaukee","7":"product_cat-macchinari","8":"product_cat-altri-dispositivi","9":"product_tag-import-milwau","10":"sws-gruppo-macchinari-fr","11":"sws-conto-ricavi-merci-rivendita-macchinari-fr","12":"sws-gruppo-iva-iva81-fr","14":"first","15":"instock","16":"sale","17":"purchasable","18":"product-type-simple"},"_links":{"self":[{"href":"https:\/\/lucacastelli.com\/fr\/wp-json\/wp\/v2\/product\/463433","targetHints":{"allow":["GET"]}}],"collection":[{"href":"https:\/\/lucacastelli.com\/fr\/wp-json\/wp\/v2\/product"}],"about":[{"href":"https:\/\/lucacastelli.com\/fr\/wp-json\/wp\/v2\/types\/product"}],"wp:featuredmedia":[{"embeddable":true,"href":"https:\/\/lucacastelli.com\/fr\/wp-json\/wp\/v2\/media\/443045"}],"wp:attachment":[{"href":"https:\/\/lucacastelli.com\/fr\/wp-json\/wp\/v2\/media?parent=463433"}],"wp:term":[{"taxonomy":"product_brand","embeddable":true,"href":"https:\/\/lucacastelli.com\/fr\/wp-json\/wp\/v2\/product_brand?post=463433"},{"taxonomy":"product_cat","embeddable":true,"href":"https:\/\/lucacastelli.com\/fr\/wp-json\/wp\/v2\/product_cat?post=463433"},{"taxonomy":"product_tag","embeddable":true,"href":"https:\/\/lucacastelli.com\/fr\/wp-json\/wp\/v2\/product_tag?post=463433"}],"curies":[{"name":"wp","href":"https:\/\/api.w.org\/{rel}","templated":true}]}}