{"id":463430,"date":"2025-06-01T11:33:45","date_gmt":"2025-06-01T09:33:45","guid":{"rendered":"https:\/\/lucacastelli.com\/prodotto\/coupeurs\/"},"modified":"2025-06-29T07:56:24","modified_gmt":"2025-06-29T05:56:24","slug":"coupeurs","status":"publish","type":"product","link":"https:\/\/lucacastelli.com\/fr\/produit\/coupeurs\/","title":{"rendered":"MILWAUKEE Coupe-tubes"},"content":{"rendered":"<p>Le coupe-tube RAPTOR\u2122 12V est capable de couper des tuyaux install\u00e9s en acier inoxydable, en acier au carbone et en cuivre&lt;Br&gt;  Moteur haute performance de 380 tr\/min, pour couper des tuyaux en acier inoxydable de 28 mm en moins de 20 secondes&lt;Br&gt;  Capable d\u2019effectuer jusqu\u2019\u00e0 90 coupes sur de l\u2019acier inoxydable de 15 mm sur une seule charge de batterie (M12\u2122 2,0 Ah)&lt;Br&gt;  M\u00e9canisme de coupe autobloquant, pour les applications avec seulement 40 mm d\u2019espace libre sur les tuyaux install\u00e9s&lt;Br&gt;  M\u00e2choires auto-ajustables pour s\u2019ajuster automatiquement \u00e0 la taille du tuyau&lt;Br&gt;  Capable de couper l\u2019acier inoxydable, l\u2019acier au carbone et le cuivre dans les diam\u00e8tres 12 &#8211; 15 &#8211; 18 &#8211; 22 &#8211; 28 mm, \u00e9paisseur maximale 1,5 mm&lt;Br&gt;  T\u00eate m\u00e9tallique scell\u00e9e et syst\u00e8me de drainage, pour une r\u00e9sistance maximale \u00e0 l\u2019eau&lt;Br&gt;  Fen\u00eatre de visualisation de coupe pour des applications pr\u00e9cises&lt;Br&gt;  Indicateur d\u2019\u00e9tat de charge de la batterie et voyant LED pour \u00e9clairer la zone d\u2019application&lt;Br&gt;  Le moteur \u00e0 balais \u00e0 4 p\u00f4les, l\u2019\u00e9lectronique REDLINK PLUS\u2122 et la batterie REDLITHIUM\u2122 offrent des performances maximales&lt;Br&gt;  Fonctionne avec toutes les batteries MILWAUKEE\u00ae M12\u2122<\/p>\n<p>CODE BARRE&nbsp;: 4058546370350<\/p>\n<p>Caract\u00e9ristiques techniques 1.3<\/p>\n<p>Livr\u00e9 sans piles, livr\u00e9 sans chargeur, livr\u00e9 sans kitbox ni sac, 1 lame de rechange, 2 clips d\u2019accrochage, 1 tube d\u2019huile<\/p>\n","protected":false},"excerpt":{"rendered":"<p>Le coupe-tube RAPTOR\u2122 12V est capable de couper des tuyaux install\u00e9s en acier inoxydable, en acier au carbone et en<\/p>\n","protected":false},"featured_media":442981,"template":"","meta":{"_seopress_robots_primary_cat":"","_seopress_titles_title":"","_seopress_titles_desc":"","_seopress_robots_index":""},"product_brand":[3658],"product_cat":[1453,167],"product_tag":[3273],"class_list":{"0":"post-463430","1":"product","2":"type-product","3":"status-publish","4":"has-post-thumbnail","6":"product_brand-milwaukee-fr","7":"product_cat-autres-appareils","8":"product_cat-machines","9":"product_tag-import-milwau-fr","10":"sws-gruppo-macchinari-fr","11":"sws-conto-ricavi-merci-rivendita-macchinari-fr","12":"sws-gruppo-iva-iva81-fr","14":"first","15":"instock","16":"sale","17":"purchasable","18":"product-type-simple"},"_links":{"self":[{"href":"https:\/\/lucacastelli.com\/fr\/wp-json\/wp\/v2\/product\/463430","targetHints":{"allow":["GET"]}}],"collection":[{"href":"https:\/\/lucacastelli.com\/fr\/wp-json\/wp\/v2\/product"}],"about":[{"href":"https:\/\/lucacastelli.com\/fr\/wp-json\/wp\/v2\/types\/product"}],"wp:featuredmedia":[{"embeddable":true,"href":"https:\/\/lucacastelli.com\/fr\/wp-json\/wp\/v2\/media\/442981"}],"wp:attachment":[{"href":"https:\/\/lucacastelli.com\/fr\/wp-json\/wp\/v2\/media?parent=463430"}],"wp:term":[{"taxonomy":"product_brand","embeddable":true,"href":"https:\/\/lucacastelli.com\/fr\/wp-json\/wp\/v2\/product_brand?post=463430"},{"taxonomy":"product_cat","embeddable":true,"href":"https:\/\/lucacastelli.com\/fr\/wp-json\/wp\/v2\/product_cat?post=463430"},{"taxonomy":"product_tag","embeddable":true,"href":"https:\/\/lucacastelli.com\/fr\/wp-json\/wp\/v2\/product_tag?post=463430"}],"curies":[{"name":"wp","href":"https:\/\/api.w.org\/{rel}","templated":true}]}}