{"id":463427,"date":"2025-06-01T11:36:09","date_gmt":"2025-06-01T09:36:09","guid":{"rendered":"https:\/\/lucacastelli.com\/prodotto\/pompe-de-transfert\/"},"modified":"2025-06-29T07:56:28","modified_gmt":"2025-06-29T05:56:28","slug":"pompe-de-transfert","status":"publish","type":"product","link":"https:\/\/lucacastelli.com\/fr\/produit\/pompe-de-transfert\/","title":{"rendered":"Pompe de transfert MILWAUKEE"},"content":{"rendered":"<p>Pompe de transfert d\u2019eau claire aliment\u00e9e par batterie 18V. Le poids de 3,4 kg la rend plus l\u00e9g\u00e8re que les pompes filaires \u00e9quivalentes et garantit les m\u00eames performances &lt;Br&gt;  D\u00e9bit 1817 l\/h, peut pomper 908 l d\u2019eau avec une batterie M18\u2122 (5,0 Ah)&lt;Br&gt;  L\u2019\u00e9lectronique REDLINK\u2122 reconna\u00eet que l\u2019outil a fini de pomper de l\u2019eau et le d\u00e9sactive&lt;Br&gt;  La roue de pompe flexible et le moteur puissant g\u00e9n\u00e8rent une hauteur d\u2019aspiration allant jusqu\u2019\u00e0 5,5 m et une hauteur de levage allant jusqu\u2019\u00e0 23 m&lt;Br&gt;  R\u00e9ception avec filetage m\u00e2le 3\/4 customs BSPT pour conduites d\u2019eau standard (nous recommandons d\u2019utiliser un tuyau d\u2019un diam\u00e8tre int\u00e9rieur de 19 mm)&lt;Br&gt;  Uniquement pour une eau claire et exempte de d\u00e9bris&lt;Br&gt;  Plate-forme 18V : Fonctionne avec toutes les batteries MILWAUKEE\u00ae M18\u2122<\/p>\n<p>CODE BARRE : 4058546293932<\/p>\n<p>Caract\u00e9ristiques techniques<br \/>\n60<\/p>\n<p>Livr\u00e9 sans piles, livr\u00e9 sans chargeur, livr\u00e9 sans kitbox ni sac<\/p>\n","protected":false},"excerpt":{"rendered":"<p>Pompe de transfert d\u2019eau claire aliment\u00e9e par batterie 18V. Le poids de 3,4 kg la rend plus l\u00e9g\u00e8re que les<\/p>\n","protected":false},"featured_media":443013,"template":"","meta":{"_seopress_robots_primary_cat":"","_seopress_titles_title":"","_seopress_titles_desc":"","_seopress_robots_index":""},"product_brand":[3407],"product_cat":[29,514],"product_tag":[3270],"class_list":{"0":"post-463427","1":"product","2":"type-product","3":"status-publish","4":"has-post-thumbnail","6":"product_brand-milwaukee","7":"product_cat-macchinari","8":"product_cat-altri-dispositivi","9":"product_tag-import-milwau","10":"sws-gruppo-macchinari-fr","11":"sws-conto-ricavi-merci-rivendita-macchinari-fr","12":"sws-gruppo-iva-iva81-fr","14":"first","15":"instock","16":"sale","17":"purchasable","18":"product-type-simple"},"_links":{"self":[{"href":"https:\/\/lucacastelli.com\/fr\/wp-json\/wp\/v2\/product\/463427","targetHints":{"allow":["GET"]}}],"collection":[{"href":"https:\/\/lucacastelli.com\/fr\/wp-json\/wp\/v2\/product"}],"about":[{"href":"https:\/\/lucacastelli.com\/fr\/wp-json\/wp\/v2\/types\/product"}],"wp:featuredmedia":[{"embeddable":true,"href":"https:\/\/lucacastelli.com\/fr\/wp-json\/wp\/v2\/media\/443013"}],"wp:attachment":[{"href":"https:\/\/lucacastelli.com\/fr\/wp-json\/wp\/v2\/media?parent=463427"}],"wp:term":[{"taxonomy":"product_brand","embeddable":true,"href":"https:\/\/lucacastelli.com\/fr\/wp-json\/wp\/v2\/product_brand?post=463427"},{"taxonomy":"product_cat","embeddable":true,"href":"https:\/\/lucacastelli.com\/fr\/wp-json\/wp\/v2\/product_cat?post=463427"},{"taxonomy":"product_tag","embeddable":true,"href":"https:\/\/lucacastelli.com\/fr\/wp-json\/wp\/v2\/product_tag?post=463427"}],"curies":[{"name":"wp","href":"https:\/\/api.w.org\/{rel}","templated":true}]}}