{"id":463425,"date":"2025-06-01T11:30:50","date_gmt":"2025-06-01T09:30:50","guid":{"rendered":"https:\/\/lucacastelli.com\/prodotto\/banc-detau-portable\/"},"modified":"2025-06-29T07:56:48","modified_gmt":"2025-06-29T05:56:48","slug":"banc-detau-portable","status":"publish","type":"product","link":"https:\/\/lucacastelli.com\/fr\/produit\/banc-detau-portable\/","title":{"rendered":"MILWAUKEE Banc d\u2019\u00e9tau portable"},"content":{"rendered":"<p>Banc d\u2019\u00e9tau portable enti\u00e8rement pliable pour un transport et un stockage faciles&lt;Br&gt;  Capable d\u2019applications jusqu\u2019\u00e0 165 mm (6 customs)&lt;Br&gt;  Id\u00e9al pour une utilisation avec des machines \u00e0 fileter, des scies droites, des scies circulaires \u00e0 m\u00e9tal et des meuleuses d\u2019angle&lt;Br&gt;  \u00c9tag\u00e8re inf\u00e9rieure amovible&lt;Br&gt;  Pinces universelles MPS-RJ incluses, pinces MPS-SSJ en acier inoxydable et en mat\u00e9riau souple (PVC) MPS-NCJ disponibles<\/p>\n<p>CODE BARRE : 4058546324186<\/p>\n<p>Caract\u00e9ristiques techniques<\/p>\n","protected":false},"excerpt":{"rendered":"<p>Banc d\u2019\u00e9tau portable enti\u00e8rement pliable pour un transport et un stockage faciles&lt;Br&gt; Capable d\u2019applications jusqu\u2019\u00e0 165 mm (6 customs)&lt;Br&gt; Id\u00e9al<\/p>\n","protected":false},"featured_media":442935,"template":"","meta":{"_seopress_robots_primary_cat":"","_seopress_titles_title":"","_seopress_titles_desc":"","_seopress_robots_index":""},"product_brand":[3658],"product_cat":[1453,167],"product_tag":[3273],"class_list":{"0":"post-463425","1":"product","2":"type-product","3":"status-publish","4":"has-post-thumbnail","6":"product_brand-milwaukee-fr","7":"product_cat-autres-appareils","8":"product_cat-machines","9":"product_tag-import-milwau-fr","10":"sws-gruppo-macchinari-fr","11":"sws-conto-ricavi-merci-rivendita-macchinari-fr","12":"sws-gruppo-iva-iva81-fr","14":"first","15":"instock","16":"sale","17":"purchasable","18":"product-type-simple"},"_links":{"self":[{"href":"https:\/\/lucacastelli.com\/fr\/wp-json\/wp\/v2\/product\/463425","targetHints":{"allow":["GET"]}}],"collection":[{"href":"https:\/\/lucacastelli.com\/fr\/wp-json\/wp\/v2\/product"}],"about":[{"href":"https:\/\/lucacastelli.com\/fr\/wp-json\/wp\/v2\/types\/product"}],"wp:featuredmedia":[{"embeddable":true,"href":"https:\/\/lucacastelli.com\/fr\/wp-json\/wp\/v2\/media\/442935"}],"wp:attachment":[{"href":"https:\/\/lucacastelli.com\/fr\/wp-json\/wp\/v2\/media?parent=463425"}],"wp:term":[{"taxonomy":"product_brand","embeddable":true,"href":"https:\/\/lucacastelli.com\/fr\/wp-json\/wp\/v2\/product_brand?post=463425"},{"taxonomy":"product_cat","embeddable":true,"href":"https:\/\/lucacastelli.com\/fr\/wp-json\/wp\/v2\/product_cat?post=463425"},{"taxonomy":"product_tag","embeddable":true,"href":"https:\/\/lucacastelli.com\/fr\/wp-json\/wp\/v2\/product_tag?post=463425"}],"curies":[{"name":"wp","href":"https:\/\/api.w.org\/{rel}","templated":true}]}}