{"id":463422,"date":"2025-06-01T08:52:23","date_gmt":"2025-06-01T06:52:23","guid":{"rendered":"https:\/\/lucacastelli.com\/prodotto\/detecteur-de-tension\/"},"modified":"2025-06-29T07:56:52","modified_gmt":"2025-06-29T05:56:52","slug":"detecteur-de-tension","status":"publish","type":"product","link":"https:\/\/lucacastelli.com\/fr\/produit\/detecteur-de-tension\/","title":{"rendered":"D\u00e9tecteur de tension MILWAUKEE"},"content":{"rendered":"<p>D\u00e9tection de tension AC\/DC de 50 \u00e0 1000 V&lt;Br&gt;  Cat\u00e9gorie de surtension CAT IV 1000 V&lt;Br&gt;  Capable de v\u00e9rifier la pr\u00e9sence de tension avec et sans contact&lt;Br&gt;  Voyant vert lorsque l\u2019outil est en marche&lt;Br&gt;  Indicateur audio lorsqu\u2019il y a voltage&lt;Br&gt;  Voyant rouge en cas de tension&lt;Br&gt;  Bouton d\u2019alimentation On\/Off&lt;Br&gt;  Clip polyvalent<\/p>\n<p>CODE BARRES : 4002395372195<\/p>\n<p>Caract\u00e9ristiques techniques<br \/>\nCAT IV 1000 V<\/p>\n<p>2 piles AAA, fournies sans kitbox ni sac<\/p>\n","protected":false},"excerpt":{"rendered":"<p>D\u00e9tection de tension AC\/DC de 50 \u00e0 1000 V&lt;Br&gt; Cat\u00e9gorie de surtension CAT IV 1000 V&lt;Br&gt; Capable de v\u00e9rifier la<\/p>\n","protected":false},"featured_media":442869,"template":"","meta":{"_seopress_robots_primary_cat":"","_seopress_titles_title":"","_seopress_titles_desc":"","_seopress_robots_index":""},"product_brand":[3658],"product_cat":[1453,167],"product_tag":[3273],"class_list":{"0":"post-463422","1":"product","2":"type-product","3":"status-publish","4":"has-post-thumbnail","6":"product_brand-milwaukee-fr","7":"product_cat-autres-appareils","8":"product_cat-machines","9":"product_tag-import-milwau-fr","10":"sws-gruppo-macchinari-fr","11":"sws-conto-ricavi-merci-rivendita-macchinari-fr","12":"sws-gruppo-iva-iva81-fr","14":"first","15":"instock","16":"sale","17":"purchasable","18":"product-type-simple"},"_links":{"self":[{"href":"https:\/\/lucacastelli.com\/fr\/wp-json\/wp\/v2\/product\/463422","targetHints":{"allow":["GET"]}}],"collection":[{"href":"https:\/\/lucacastelli.com\/fr\/wp-json\/wp\/v2\/product"}],"about":[{"href":"https:\/\/lucacastelli.com\/fr\/wp-json\/wp\/v2\/types\/product"}],"wp:featuredmedia":[{"embeddable":true,"href":"https:\/\/lucacastelli.com\/fr\/wp-json\/wp\/v2\/media\/442869"}],"wp:attachment":[{"href":"https:\/\/lucacastelli.com\/fr\/wp-json\/wp\/v2\/media?parent=463422"}],"wp:term":[{"taxonomy":"product_brand","embeddable":true,"href":"https:\/\/lucacastelli.com\/fr\/wp-json\/wp\/v2\/product_brand?post=463422"},{"taxonomy":"product_cat","embeddable":true,"href":"https:\/\/lucacastelli.com\/fr\/wp-json\/wp\/v2\/product_cat?post=463422"},{"taxonomy":"product_tag","embeddable":true,"href":"https:\/\/lucacastelli.com\/fr\/wp-json\/wp\/v2\/product_tag?post=463422"}],"curies":[{"name":"wp","href":"https:\/\/api.w.org\/{rel}","templated":true}]}}